{"id":1290,"date":"2020-08-03T15:52:50","date_gmt":"2020-08-03T13:52:50","guid":{"rendered":"http:\/\/girpaovhml.cluster027.hosting.ovh.net\/?page_id=1290"},"modified":"2024-03-01T14:02:45","modified_gmt":"2024-03-01T13:02:45","slug":"besoin-commercial-bpl","status":"publish","type":"page","link":"https:\/\/www.girpa.fr\/index.php\/les-domaines-bpl\/besoin-commercial-bpl\/","title":{"rendered":"BESOIN COMMERCIAL BPL"},"content":{"rendered":"<div class=\"vce-row-container\"><div class=\"vce-row vce-row--has-col-background vce-row--col-gap-30 vce-row-equal-height vce-row-content--top\" data-vce-full-width=\"true\" data-vce-stretch-content=\"true\" id=\"el-6f8efd23\" data-vce-do-apply=\"all el-6f8efd23\"><div class=\"vce-row-content\" data-vce-element-content=\"true\"><div class=\"vce-col vce-col--md-60-77p vce-col--xs-1 vce-col--xs-last vce-col--xs-first vce-col--sm-last vce-col--sm-first vce-col--md-first vce-col--lg-first vce-col--xl-first\" id=\"el-bf4702fd\"><div class=\"vce-col-inner\" data-vce-do-apply=\"border margin background  el-bf4702fd\"><div class=\"vce-col-content\" data-vce-element-content=\"true\" data-vce-do-apply=\"padding el-bf4702fd\"><div class=\"vce-text-block\"><div class=\"vce-text-block-wrapper vce\" id=\"el-a00fcf5f\" data-vce-do-apply=\"all el-a00fcf5f\"><h2 style=\"text-align: center;\">LES \u00c9L\u00c9MENTS NECESSAIRES<\/h2><ul><li>Identification claire du demandeur\/structure,<\/li><li>d\u00e9finition pr\u00e9cise de(s) matrice(s) \u00e0 analyser,<\/li><li>expression aussi claire que possible des substances actives et m\u00e9tabolites \u00e0 analyser,<\/li><li>limite de quantification envisag\u00e9e,<\/li><li>S'agit-il d'une validation, d'une decline curve, storage stability... ?<\/li><li>m\u00e9thode disponible ou pas ?<\/li><li>r\u00e9f\u00e9rentiel qualit\u00e9 attendu :<ul><li>Pr\u00e9-homologation<\/li><li>Post homologation...&nbsp;<\/li><\/ul><\/li><li>organisation des rapports.<\/li><\/ul><\/div><\/div><div class=\"vce-text-block\"><div class=\"vce-text-block-wrapper vce\" id=\"el-5fee67bf\" data-vce-do-apply=\"all el-5fee67bf\"><h2 style=\"text-align: center;\">LES CONTACTS DIRECTS<\/h2><p style=\"text-align: left;\"><strong>Mail :<\/strong> <span style=\"color: #33cccc;\"><a style=\"color: #33cccc;\" href=\"mailto:commercial@girpa.fr\">commercial@girpa.fr<\/a><\/span><\/p><p style=\"text-align: left;\"><strong>T\u00e9l\u00e9phone :<\/strong> &nbsp;02 52 57 00 22<\/p><\/div><\/div><div class=\"vce-row-container\" data-vce-boxed-width=\"true\"><div class=\"vce-row vce-element--has-background vce-row--col-gap-10 vce-row-content--top\" id=\"el-1becbe08\" data-vce-do-apply=\"all el-1becbe08\"><div class=\"vce-content-background-container\"><\/div><div class=\"vce-row-content\" data-vce-element-content=\"true\"><div class=\"vce-col vce-col--md-19-3p vce-col--xs-1 vce-col--xs-last vce-col--xs-first vce-col--sm-last vce-col--sm-first vce-col--md-first vce-col--lg-first vce-col--xl-first\" id=\"el-cb06954d\"><div class=\"vce-col-inner\" data-vce-do-apply=\"border margin background  el-cb06954d\"><div class=\"vce-col-content\" data-vce-element-content=\"true\" data-vce-do-apply=\"padding el-cb06954d\"><div class=\"vce-single-image-container vce-single-image--align-left\"><div class=\"vce vce-single-image-wrapper\" id=\"el-57487eba\" data-vce-do-apply=\"all el-57487eba\"><figure><div class=\"vce-single-image-inner vce-single-image--absolute vce-single-image--border-round\" style=\"padding-bottom: 100%; width: 768px;\"><img loading=\"lazy\" decoding=\"async\" class=\"vce-single-image vcv-lozad\" data-src=\"https:\/\/www.girpa.fr\/wp-content\/uploads\/2024\/03\/PYCRE-768x768.jpg\" width=\"768\" height=\"768\" srcset=\"https:\/\/www.girpa.fr\/wp-content\/uploads\/2024\/03\/PYCRE-320x320.jpg 320w,https:\/\/www.girpa.fr\/wp-content\/uploads\/2024\/03\/PYCRE-480x480.jpg 480w,https:\/\/www.girpa.fr\/wp-content\/uploads\/2024\/03\/PYCRE-800x800.jpg 800w,https:\/\/www.girpa.fr\/wp-content\/uploads\/2024\/03\/PYCRE-768x768.jpg 768w,https:\/\/www.girpa.fr\/wp-content\/uploads\/2024\/03\/PYCRE-1536x1536.jpg 2x\" src=\"\" data-img-src=\"https:\/\/www.girpa.fr\/wp-content\/uploads\/2020\/09\/PYCRE.jpg\" alt=\"\" title=\"PYCRE\" \/><noscript>\n        <img loading=\"lazy\" decoding=\"async\" class=\"vce-single-image\" src=\"https:\/\/www.girpa.fr\/wp-content\/uploads\/2020\/09\/PYCRE.jpg\" width=\"768\" height=\"768\" alt=\"\" title=\"PYCRE\" \/>\n      <\/noscript><\/div><figcaption hidden=\"\"><\/figcaption><\/figure><\/div><\/div><\/div><\/div><\/div><div class=\"vce-col vce-col--md-30-7p vce-col--xs-1 vce-col--xs-last vce-col--xs-first vce-col--sm-last vce-col--sm-first\" id=\"el-dba06336\"><div class=\"vce-col-inner\" data-vce-do-apply=\"border margin background  el-dba06336\"><div class=\"vce-col-content\" data-vce-element-content=\"true\" data-vce-do-apply=\"padding el-dba06336\"><div class=\"vce-text-block\"><div class=\"vce-text-block-wrapper vce\" id=\"el-00a49a66\" data-vce-do-apply=\"all el-00a49a66\"><h2>pierre-yves communal<\/h2><p>Charg\u00e9 de client\u00e8le BPL\/homologation<\/p><p>Professeur \u00e0 l'Universit\u00e9 d'Angers,<\/p><\/div><\/div><\/div><\/div><\/div><div class=\"vce-col vce-col--md-auto vce-col--xs-1 vce-col--xs-last vce-col--xs-first vce-col--sm-last vce-col--sm-first\" id=\"el-c0fdb6ac\"><div class=\"vce-col-inner\" data-vce-do-apply=\"border margin background  el-c0fdb6ac\"><div class=\"vce-col-content\" data-vce-element-content=\"true\" data-vce-do-apply=\"padding el-c0fdb6ac\"><div class=\"vce-text-block\"><div class=\"vce-text-block-wrapper vce\" id=\"el-c733d5f8\" data-vce-do-apply=\"all el-c733d5f8\"><h2 style=\"text-align: left;\">Nathalie touret<\/h2>\n<p style=\"text-align: left;\">Assistante commerciale<\/p>\n<p style=\"text-align: left;\"><em>\"<strong>Le respect mutuel est le fondement de l'harmonie<\/strong>\" D.Lama<br><\/em><\/p><\/div><\/div><\/div><\/div><\/div><div class=\"vce-col vce-col--md-auto vce-col--xs-1 vce-col--xs-last vce-col--xs-first vce-col--sm-last vce-col--sm-first vce-col--md-last vce-col--lg-last vce-col--xl-last\" id=\"el-7f7640fb\"><div class=\"vce-col-inner\" data-vce-do-apply=\"border margin background  el-7f7640fb\"><div class=\"vce-col-content\" data-vce-element-content=\"true\" data-vce-do-apply=\"padding el-7f7640fb\"><div class=\"vce-single-image-container vce-single-image--align-right\"><div class=\"vce vce-single-image-wrapper\" id=\"el-45550cbe\" data-vce-do-apply=\"all el-45550cbe\"><figure><div class=\"vce-single-image-inner vce-single-image--absolute vce-single-image--border-round\" style=\"padding-bottom: 100%; width: 190px;\"><img loading=\"lazy\" decoding=\"async\" class=\"vce-single-image vcv-lozad\" data-src=\"https:\/\/www.girpa.fr\/wp-content\/uploads\/2024\/03\/NATHALIE_TOURET_NOIR___BLANC-removebg-preview-190x190.png\" width=\"190\" height=\"190\" srcset=\"https:\/\/www.girpa.fr\/wp-content\/uploads\/2024\/03\/NATHALIE_TOURET_NOIR___BLANC-removebg-preview-320x320.png 320w,https:\/\/www.girpa.fr\/wp-content\/uploads\/2024\/03\/NATHALIE_TOURET_NOIR___BLANC-removebg-preview-480x480.png 480w,https:\/\/www.girpa.fr\/wp-content\/uploads\/2024\/03\/NATHALIE_TOURET_NOIR___BLANC-removebg-preview-800x800.png 800w,https:\/\/www.girpa.fr\/wp-content\/uploads\/2024\/03\/NATHALIE_TOURET_NOIR___BLANC-removebg-preview-190x190.png 190w,https:\/\/www.girpa.fr\/wp-content\/uploads\/2024\/03\/NATHALIE_TOURET_NOIR___BLANC-removebg-preview-380x380.png 2x\" src=\"\" data-img-src=\"https:\/\/www.girpa.fr\/wp-content\/uploads\/2024\/03\/NATHALIE_TOURET_NOIR___BLANC-removebg-preview.png\" alt=\"\" title=\"NATHALIE_TOURET_NOIR___BLANC-removebg-preview\" \/><noscript>\n        <img loading=\"lazy\" decoding=\"async\" class=\"vce-single-image\" src=\"https:\/\/www.girpa.fr\/wp-content\/uploads\/2024\/03\/NATHALIE_TOURET_NOIR___BLANC-removebg-preview.png\" width=\"190\" height=\"190\" alt=\"\" title=\"NATHALIE_TOURET_NOIR___BLANC-removebg-preview\" \/>\n      <\/noscript><\/div><figcaption hidden=\"\"><\/figcaption><\/figure><\/div><\/div><\/div><\/div><\/div><\/div><\/div><\/div><\/div><\/div><\/div><div class=\"vce-col vce-element--has-background vce-col--md-39-22p vce-col--xs-1 vce-col--xs-last vce-col--xs-first vce-col--sm-last vce-col--sm-first vce-col--md-last vce-col--lg-last vce-col--xl-last\" id=\"el-0fc2b43c\"><div class=\"vce-col-inner\" data-vce-do-apply=\"border margin background  el-0fc2b43c\"><div class=\"vce-content-background-container\"><\/div><div class=\"vce-col-content\" data-vce-element-content=\"true\" data-vce-do-apply=\"padding el-0fc2b43c\"><div class=\"vce-text-block\"><div class=\"vce-text-block-wrapper vce\" id=\"el-34596d56\" data-vce-do-apply=\"all el-34596d56\"><h3 style=\"text-align: center;\">DEMANDE DE DEVIS<\/h3><\/div><\/div><div class=\"vce-text-block\"><div class=\"vce-text-block-wrapper vce\" id=\"el-6301b447\" data-vce-do-apply=\"all el-6301b447\"><p style=\"text-align: center;\">\n<div class=\"wpcf7 no-js\" id=\"wpcf7-f1513-o1\" lang=\"fr-FR\" dir=\"ltr\" data-wpcf7-id=\"1513\">\n<div class=\"screen-reader-response\"><p role=\"status\" aria-live=\"polite\" aria-atomic=\"true\"><\/p> <ul><\/ul><\/div>\n<form action=\"\/index.php\/wp-json\/wp\/v2\/pages\/1290#wpcf7-f1513-o1\" method=\"post\" class=\"wpcf7-form init\" aria-label=\"Formulaire de contact\" novalidate=\"novalidate\" data-status=\"init\">\n<fieldset class=\"hidden-fields-container\"><input type=\"hidden\" name=\"_wpcf7\" value=\"1513\" \/><input type=\"hidden\" name=\"_wpcf7_version\" value=\"6.1.5\" \/><input type=\"hidden\" name=\"_wpcf7_locale\" value=\"fr_FR\" \/><input type=\"hidden\" name=\"_wpcf7_unit_tag\" value=\"wpcf7-f1513-o1\" \/><input type=\"hidden\" name=\"_wpcf7_container_post\" value=\"0\" \/><input type=\"hidden\" name=\"_wpcf7_posted_data_hash\" value=\"\" \/><input type=\"hidden\" name=\"_wpcf7_recaptcha_response\" value=\"\" \/>\n<\/fieldset>\n<p><label> Votre nom (obligatoire)<br \/>\n<span class=\"wpcf7-form-control-wrap\" data-name=\"your-name\"><input size=\"40\" maxlength=\"400\" class=\"wpcf7-form-control wpcf7-text wpcf7-validates-as-required\" aria-required=\"true\" aria-invalid=\"false\" value=\"\" type=\"text\" name=\"your-name\" \/><\/span> <\/label><br \/>\n<label> Votre pr\u00e9nom<br \/>\n<span class=\"wpcf7-form-control-wrap\" data-name=\"prenom\"><input size=\"40\" maxlength=\"400\" class=\"wpcf7-form-control wpcf7-text wpcf7-validates-as-required\" aria-required=\"true\" aria-invalid=\"false\" value=\"\" type=\"text\" name=\"prenom\" \/><\/span><\/label><br \/>\n<label> Nom de la structure<br \/>\n<span class=\"wpcf7-form-control-wrap\" data-name=\"structure\"><input size=\"40\" maxlength=\"400\" class=\"wpcf7-form-control wpcf7-text wpcf7-validates-as-required\" aria-required=\"true\" aria-invalid=\"false\" value=\"\" type=\"text\" name=\"structure\" \/><\/span><\/label>\n<\/p>\n<p><label> Adresse de la structure<br \/>\n<span class=\"wpcf7-form-control-wrap\" data-name=\"adresse\"><input size=\"40\" maxlength=\"400\" class=\"wpcf7-form-control wpcf7-text wpcf7-validates-as-required\" aria-required=\"true\" aria-invalid=\"false\" value=\"\" type=\"text\" name=\"adresse\" \/><\/span><\/label>\n<\/p>\n<p><label>Votre num\u00e9ro de t\u00e9l\u00e9phone<br \/>\n<span class=\"wpcf7-form-control-wrap\" data-name=\"telephone\"><input size=\"40\" maxlength=\"400\" class=\"wpcf7-form-control wpcf7-text wpcf7-validates-as-required\" aria-required=\"true\" aria-invalid=\"false\" value=\"\" type=\"text\" name=\"telephone\" \/><\/span><\/label>\n<\/p>\n<p><label> Votre adresse de messagerie (obligatoire)<br \/>\n<span class=\"wpcf7-form-control-wrap\" data-name=\"your-email\"><input size=\"40\" maxlength=\"400\" class=\"wpcf7-form-control wpcf7-email wpcf7-validates-as-required wpcf7-text wpcf7-validates-as-email\" aria-required=\"true\" aria-invalid=\"false\" value=\"\" type=\"email\" name=\"your-email\" \/><\/span> <\/label>\n<\/p>\n<p><label> Objet<br \/>\n<span class=\"wpcf7-form-control-wrap\" data-name=\"your-subject\"><input size=\"40\" maxlength=\"400\" class=\"wpcf7-form-control wpcf7-text\" aria-invalid=\"false\" value=\"\" type=\"text\" name=\"your-subject\" \/><\/span> <\/label>\n<\/p>\n<p><label> Votre message<br \/>\n<span class=\"wpcf7-form-control-wrap\" data-name=\"your-message\"><textarea cols=\"40\" rows=\"10\" maxlength=\"2000\" class=\"wpcf7-form-control wpcf7-textarea\" aria-invalid=\"false\" name=\"your-message\"><\/textarea><\/span> <\/label>\n<\/p>\n<p><input class=\"wpcf7-form-control wpcf7-submit has-spinner\" type=\"submit\" value=\"Envoyer\" \/>\n<\/p><p style=\"display: none !important;\" class=\"akismet-fields-container\" data-prefix=\"_wpcf7_ak_\"><label>&#916;<textarea name=\"_wpcf7_ak_hp_textarea\" cols=\"45\" rows=\"8\" maxlength=\"100\"><\/textarea><\/label><input type=\"hidden\" id=\"ak_js_1\" name=\"_wpcf7_ak_js\" value=\"245\"\/><script type=\"text\/javascript\">\n\/* <![CDATA[ *\/\ndocument.getElementById( \"ak_js_1\" ).setAttribute( \"value\", ( new Date() ).getTime() );\n\/* ]]> *\/\n<\/script>\n<\/p><div class=\"wpcf7-response-output\" aria-hidden=\"true\"><\/div>\n<\/form>\n<\/div>\n<\/p><\/div><\/div><\/div><\/div><\/div><\/div><\/div><\/div>\n","protected":false},"excerpt":{"rendered":"<p>LES \u00c9L\u00c9MENTS NECESSAIRESIdentification claire du demandeur\/structure,d\u00e9finition pr\u00e9cise de(s) matrice(s) \u00e0 analyser,expression aussi claire que possible des substances actives et m\u00e9tabolites \u00e0 analyser,limite de quantification envisag\u00e9e,S&rsquo;agit-il d&rsquo;une validation, d&rsquo;une decline curve, storage stability&#8230; ?m\u00e9thode disponible ou pas ?r\u00e9f\u00e9rentiel qualit\u00e9 attendu :Pr\u00e9-homologationPost [&hellip;]<\/p>\n","protected":false},"author":2,"featured_media":0,"parent":7,"menu_order":0,"comment_status":"closed","ping_status":"closed","template":"","meta":{"_monsterinsights_skip_tracking":false,"_monsterinsights_sitenote_active":false,"_monsterinsights_sitenote_note":"","_monsterinsights_sitenote_category":0,"footnotes":""},"class_list":["post-1290","page","type-page","status-publish","hentry"],"yoast_head":"<!-- This site is optimized with the Yoast SEO plugin v27.4 - https:\/\/yoast.com\/product\/yoast-seo-wordpress\/ -->\n<title>Laboratoire Girpa - Demandes de devis BPL<\/title>\n<meta name=\"description\" content=\"Nos \u00e9quipes sont pr\u00e9sentes pour r\u00e9pondre \u00e0 vos demandes de devis BPL dans les meilleurs d\u00e9lais et voir avec vous vos besoins.\" \/>\n<meta name=\"robots\" content=\"index, follow, max-snippet:-1, max-image-preview:large, max-video-preview:-1\" \/>\n<link rel=\"canonical\" href=\"https:\/\/www.girpa.fr\/index.php\/les-domaines-bpl\/besoin-commercial-bpl\/\" \/>\n<meta property=\"og:locale\" content=\"fr_FR\" \/>\n<meta property=\"og:type\" content=\"article\" \/>\n<meta property=\"og:title\" content=\"Laboratoire Girpa - Demandes de devis BPL\" \/>\n<meta property=\"og:description\" content=\"Nos \u00e9quipes sont pr\u00e9sentes pour r\u00e9pondre \u00e0 vos demandes de devis BPL dans les meilleurs d\u00e9lais et voir avec vous vos besoins.\" \/>\n<meta property=\"og:url\" content=\"https:\/\/www.girpa.fr\/index.php\/les-domaines-bpl\/besoin-commercial-bpl\/\" \/>\n<meta property=\"og:site_name\" content=\"Girpa\" \/>\n<meta property=\"article:modified_time\" content=\"2024-03-01T13:02:45+00:00\" \/>\n<meta name=\"twitter:card\" content=\"summary_large_image\" \/>\n<meta name=\"twitter:label1\" content=\"Dur\u00e9e de lecture estim\u00e9e\" \/>\n\t<meta name=\"twitter:data1\" content=\"1 minute\" \/>\n<script type=\"application\/ld+json\" class=\"yoast-schema-graph\">{\"@context\":\"https:\\\/\\\/schema.org\",\"@graph\":[{\"@type\":\"WebPage\",\"@id\":\"https:\\\/\\\/www.girpa.fr\\\/index.php\\\/les-domaines-bpl\\\/besoin-commercial-bpl\\\/\",\"url\":\"https:\\\/\\\/www.girpa.fr\\\/index.php\\\/les-domaines-bpl\\\/besoin-commercial-bpl\\\/\",\"name\":\"Laboratoire Girpa - Demandes de devis BPL\",\"isPartOf\":{\"@id\":\"https:\\\/\\\/www.girpa.fr\\\/#website\"},\"datePublished\":\"2020-08-03T13:52:50+00:00\",\"dateModified\":\"2024-03-01T13:02:45+00:00\",\"description\":\"Nos \u00e9quipes sont pr\u00e9sentes pour r\u00e9pondre \u00e0 vos demandes de devis BPL dans les meilleurs d\u00e9lais et voir avec vous vos besoins.\",\"breadcrumb\":{\"@id\":\"https:\\\/\\\/www.girpa.fr\\\/index.php\\\/les-domaines-bpl\\\/besoin-commercial-bpl\\\/#breadcrumb\"},\"inLanguage\":\"fr-FR\",\"potentialAction\":[{\"@type\":\"ReadAction\",\"target\":[\"https:\\\/\\\/www.girpa.fr\\\/index.php\\\/les-domaines-bpl\\\/besoin-commercial-bpl\\\/\"]}]},{\"@type\":\"BreadcrumbList\",\"@id\":\"https:\\\/\\\/www.girpa.fr\\\/index.php\\\/les-domaines-bpl\\\/besoin-commercial-bpl\\\/#breadcrumb\",\"itemListElement\":[{\"@type\":\"ListItem\",\"position\":1,\"name\":\"Accueil\",\"item\":\"https:\\\/\\\/www.girpa.fr\\\/\"},{\"@type\":\"ListItem\",\"position\":2,\"name\":\"LES DOMAINES BPL\",\"item\":\"https:\\\/\\\/www.girpa.fr\\\/index.php\\\/les-domaines-bpl\\\/\"},{\"@type\":\"ListItem\",\"position\":3,\"name\":\"BESOIN COMMERCIAL BPL\"}]},{\"@type\":\"WebSite\",\"@id\":\"https:\\\/\\\/www.girpa.fr\\\/#website\",\"url\":\"https:\\\/\\\/www.girpa.fr\\\/\",\"name\":\"Girpa\",\"description\":\"Laboratoire d&#039;analyse de r\u00e9sidus de contaminants\",\"publisher\":{\"@id\":\"https:\\\/\\\/www.girpa.fr\\\/#organization\"},\"potentialAction\":[{\"@type\":\"SearchAction\",\"target\":{\"@type\":\"EntryPoint\",\"urlTemplate\":\"https:\\\/\\\/www.girpa.fr\\\/?s={search_term_string}\"},\"query-input\":{\"@type\":\"PropertyValueSpecification\",\"valueRequired\":true,\"valueName\":\"search_term_string\"}}],\"inLanguage\":\"fr-FR\"},{\"@type\":\"Organization\",\"@id\":\"https:\\\/\\\/www.girpa.fr\\\/#organization\",\"name\":\"Laboratoire Girpa\",\"url\":\"https:\\\/\\\/www.girpa.fr\\\/\",\"logo\":{\"@type\":\"ImageObject\",\"inLanguage\":\"fr-FR\",\"@id\":\"https:\\\/\\\/www.girpa.fr\\\/#\\\/schema\\\/logo\\\/image\\\/\",\"url\":\"https:\\\/\\\/www.girpa.fr\\\/wp-content\\\/uploads\\\/2020\\\/08\\\/logo-avec-baseline.png\",\"contentUrl\":\"https:\\\/\\\/www.girpa.fr\\\/wp-content\\\/uploads\\\/2020\\\/08\\\/logo-avec-baseline.png\",\"width\":1672,\"height\":454,\"caption\":\"Laboratoire Girpa\"},\"image\":{\"@id\":\"https:\\\/\\\/www.girpa.fr\\\/#\\\/schema\\\/logo\\\/image\\\/\"}}]}<\/script>\n<!-- \/ Yoast SEO plugin. -->","yoast_head_json":{"title":"Laboratoire Girpa - Demandes de devis BPL","description":"Nos \u00e9quipes sont pr\u00e9sentes pour r\u00e9pondre \u00e0 vos demandes de devis BPL dans les meilleurs d\u00e9lais et voir avec vous vos besoins.","robots":{"index":"index","follow":"follow","max-snippet":"max-snippet:-1","max-image-preview":"max-image-preview:large","max-video-preview":"max-video-preview:-1"},"canonical":"https:\/\/www.girpa.fr\/index.php\/les-domaines-bpl\/besoin-commercial-bpl\/","og_locale":"fr_FR","og_type":"article","og_title":"Laboratoire Girpa - Demandes de devis BPL","og_description":"Nos \u00e9quipes sont pr\u00e9sentes pour r\u00e9pondre \u00e0 vos demandes de devis BPL dans les meilleurs d\u00e9lais et voir avec vous vos besoins.","og_url":"https:\/\/www.girpa.fr\/index.php\/les-domaines-bpl\/besoin-commercial-bpl\/","og_site_name":"Girpa","article_modified_time":"2024-03-01T13:02:45+00:00","twitter_card":"summary_large_image","twitter_misc":{"Dur\u00e9e de lecture estim\u00e9e":"1 minute"},"schema":{"@context":"https:\/\/schema.org","@graph":[{"@type":"WebPage","@id":"https:\/\/www.girpa.fr\/index.php\/les-domaines-bpl\/besoin-commercial-bpl\/","url":"https:\/\/www.girpa.fr\/index.php\/les-domaines-bpl\/besoin-commercial-bpl\/","name":"Laboratoire Girpa - Demandes de devis BPL","isPartOf":{"@id":"https:\/\/www.girpa.fr\/#website"},"datePublished":"2020-08-03T13:52:50+00:00","dateModified":"2024-03-01T13:02:45+00:00","description":"Nos \u00e9quipes sont pr\u00e9sentes pour r\u00e9pondre \u00e0 vos demandes de devis BPL dans les meilleurs d\u00e9lais et voir avec vous vos besoins.","breadcrumb":{"@id":"https:\/\/www.girpa.fr\/index.php\/les-domaines-bpl\/besoin-commercial-bpl\/#breadcrumb"},"inLanguage":"fr-FR","potentialAction":[{"@type":"ReadAction","target":["https:\/\/www.girpa.fr\/index.php\/les-domaines-bpl\/besoin-commercial-bpl\/"]}]},{"@type":"BreadcrumbList","@id":"https:\/\/www.girpa.fr\/index.php\/les-domaines-bpl\/besoin-commercial-bpl\/#breadcrumb","itemListElement":[{"@type":"ListItem","position":1,"name":"Accueil","item":"https:\/\/www.girpa.fr\/"},{"@type":"ListItem","position":2,"name":"LES DOMAINES BPL","item":"https:\/\/www.girpa.fr\/index.php\/les-domaines-bpl\/"},{"@type":"ListItem","position":3,"name":"BESOIN COMMERCIAL BPL"}]},{"@type":"WebSite","@id":"https:\/\/www.girpa.fr\/#website","url":"https:\/\/www.girpa.fr\/","name":"Girpa","description":"Laboratoire d&#039;analyse de r\u00e9sidus de contaminants","publisher":{"@id":"https:\/\/www.girpa.fr\/#organization"},"potentialAction":[{"@type":"SearchAction","target":{"@type":"EntryPoint","urlTemplate":"https:\/\/www.girpa.fr\/?s={search_term_string}"},"query-input":{"@type":"PropertyValueSpecification","valueRequired":true,"valueName":"search_term_string"}}],"inLanguage":"fr-FR"},{"@type":"Organization","@id":"https:\/\/www.girpa.fr\/#organization","name":"Laboratoire Girpa","url":"https:\/\/www.girpa.fr\/","logo":{"@type":"ImageObject","inLanguage":"fr-FR","@id":"https:\/\/www.girpa.fr\/#\/schema\/logo\/image\/","url":"https:\/\/www.girpa.fr\/wp-content\/uploads\/2020\/08\/logo-avec-baseline.png","contentUrl":"https:\/\/www.girpa.fr\/wp-content\/uploads\/2020\/08\/logo-avec-baseline.png","width":1672,"height":454,"caption":"Laboratoire Girpa"},"image":{"@id":"https:\/\/www.girpa.fr\/#\/schema\/logo\/image\/"}}]}},"_links":{"self":[{"href":"https:\/\/www.girpa.fr\/index.php\/wp-json\/wp\/v2\/pages\/1290","targetHints":{"allow":["GET"]}}],"collection":[{"href":"https:\/\/www.girpa.fr\/index.php\/wp-json\/wp\/v2\/pages"}],"about":[{"href":"https:\/\/www.girpa.fr\/index.php\/wp-json\/wp\/v2\/types\/page"}],"author":[{"embeddable":true,"href":"https:\/\/www.girpa.fr\/index.php\/wp-json\/wp\/v2\/users\/2"}],"replies":[{"embeddable":true,"href":"https:\/\/www.girpa.fr\/index.php\/wp-json\/wp\/v2\/comments?post=1290"}],"version-history":[{"count":11,"href":"https:\/\/www.girpa.fr\/index.php\/wp-json\/wp\/v2\/pages\/1290\/revisions"}],"predecessor-version":[{"id":3431,"href":"https:\/\/www.girpa.fr\/index.php\/wp-json\/wp\/v2\/pages\/1290\/revisions\/3431"}],"up":[{"embeddable":true,"href":"https:\/\/www.girpa.fr\/index.php\/wp-json\/wp\/v2\/pages\/7"}],"wp:attachment":[{"href":"https:\/\/www.girpa.fr\/index.php\/wp-json\/wp\/v2\/media?parent=1290"}],"curies":[{"name":"wp","href":"https:\/\/api.w.org\/{rel}","templated":true}]}}