{"id":1397,"date":"2020-08-06T14:02:08","date_gmt":"2020-08-06T12:02:08","guid":{"rendered":"http:\/\/girpaovhml.cluster027.hosting.ovh.net\/index.php\/slide-anything-popup-preview\/"},"modified":"2021-05-10T09:41:04","modified_gmt":"2021-05-10T07:41:04","slug":"slide-anything-popup-preview","status":"publish","type":"page","link":"https:\/\/www.girpa.fr\/index.php\/slide-anything-popup-preview\/","title":{"rendered":"Slide Anything Popup Preview"},"content":{"rendered":"<div class='white' style='background:rgb(255, 255, 255); border:solid 0px rgb(255, 255, 255); border-radius:0px; padding:0px 0px 0px 0px;'>\n<div id='slider_1410' class='owl-carousel sa_owl_theme owl-pagination-true autohide-arrows' data-slider-id='slider_1410' style='visibility:hidden;'>\n<div id='slider_1410_slide01' class='sa_hover_container' style='padding:5% 5%; margin:0px 0%; background-color:rgb(255, 255, 255); '><p style=\"text-align: center;\"><strong>Pesticides<\/strong><\/p>\r\n<h4 class=\"fig-headline fig-pagination__hidden\">Les Suisses rejettent l'interdiction des pesticides de synth\u00e8se, selon les projections (Le Figaro)<\/h4>\r\n<p>&nbsp;<\/p><\/div>\n<div id='slider_1410_slide02' class='sa_hover_container' style='padding:5% 5%; margin:0px 0%; background-color:rgb(255, 255, 255); '><p style=\"text-align: center;\">LA SEINE SOUILLEE<\/p>\r\n<p><span style=\"color: #000000;\">Une cuve remplie \u00e0 priori de thiamethoxam s'est \u00e9coul\u00e9e non loin de Rouen pour finir dans la Seine. <br \/><\/span><\/p><\/div>\n<div id='slider_1410_slide03' class='sa_hover_container' style='padding:5% 5%; margin:0px 0%; '><p style=\"text-align: center;\">1000 euros la tonne<\/p>\r\n<p>Le proc\u00e8s des pesticides interdits dans la manche s'est ouvert et 100 000 euros sont requis pour les 100 tonnes de pesticides arrivant d'Espagne...<\/p><\/div>\n<div id='slider_1410_slide04' class='sa_hover_container' style='padding:5% 5%; margin:0px 0%; '><h4 class=\"c-title \" style=\"text-align: center;\"><span class=\"c-title__main\">Nouveau plan abeilles<br \/><\/span><\/h4>\r\n<h4 class=\"c-title \"><span class=\"c-title__main\">\u00a0\"On a choisi l'agriculture conventionnelle, plut\u00f4t que la biodiversit\u00e9\", regrette l'Union nationale de l\u2019apiculture fran\u00e7aise<\/span><\/h4><\/div>\n<div id='slider_1410_slide05' class='sa_hover_container' style='padding:5% 5%; margin:0px 0%; '><p style=\"text-align: center;\">Plan pollinisateurs<\/p>\r\n<p>Les agriculteurs obtiennent le report du plan. Certaines mesures se r\u00e9v\u00e9lant fortement d\u00e9plaisante pour le monde agricole...(<span style=\"color: #33cccc;\">Ouest France<\/span>)<\/p><\/div>\n<\/div>\n<\/div>\n<script type='text\/javascript'>\n\tjQuery(document).ready(function() {\n\t\tjQuery('#slider_1410').owlCarousel({\n\t\t\titems : 1,\n\t\t\tsmartSpeed : 400,\n\t\t\tautoplay : true,\n\t\t\tautoplayTimeout : 7000,\n\t\t\tautoplayHoverPause : true,\n\t\t\tsmartSpeed : 400,\n\t\t\tfluidSpeed : 400,\n\t\t\tautoplaySpeed : 400,\n\t\t\tnavSpeed : 400,\n\t\t\tdotsSpeed : 400,\n\t\t\tloop : true,\n\t\t\tnav : true,\n\t\t\tnavText : ['Previous','Next'],\n\t\t\tdots : true,\n\t\t\tresponsiveRefreshRate : 200,\n\t\t\tslideBy : 1,\n\t\t\tmergeFit : true,\n\t\t\tautoHeight : false,\n\t\t\tmouseDrag : false,\n\t\t\ttouchDrag : true\n\t\t});\n\t\tjQuery('#slider_1410').css('visibility', 'visible');\n\t\tsa_resize_slider_1410();\n\t\twindow.addEventListener('resize', sa_resize_slider_1410);\n\t\tfunction sa_resize_slider_1410() {\n\t\t\tvar min_height = '50';\n\t\t\tvar win_width = jQuery(window).width();\n\t\t\tvar slider_width = jQuery('#slider_1410').width();\n\t\t\tif (win_width < 480) {\n\t\t\t\tvar slide_width = slider_width \/ 1;\n\t\t\t} else if (win_width < 768) {\n\t\t\t\tvar slide_width = slider_width \/ 1;\n\t\t\t} else if (win_width < 980) {\n\t\t\t\tvar slide_width = slider_width \/ 1;\n\t\t\t} else if (win_width < 1200) {\n\t\t\t\tvar slide_width = slider_width \/ 1;\n\t\t\t} else if (win_width < 1500) {\n\t\t\t\tvar slide_width = slider_width \/ 1;\n\t\t\t} else {\n\t\t\t\tvar slide_width = slider_width \/ 1;\n\t\t\t}\n\t\t\tslide_width = Math.round(slide_width);\n\t\t\tvar slide_height = '0';\n\t\t\tif (min_height == 'aspect43') {\n\t\t\t\tslide_height = (slide_width \/ 4) * 3;\t\t\t\tslide_height = Math.round(slide_height);\n\t\t\t} else if (min_height == 'aspect169') {\n\t\t\t\tslide_height = (slide_width \/ 16) * 9;\t\t\t\tslide_height = Math.round(slide_height);\n\t\t\t} else {\n\t\t\t\tslide_height = (slide_width \/ 100) * min_height;\t\t\t\tslide_height = Math.round(slide_height);\n\t\t\t}\n\t\t\tjQuery('#slider_1410 .owl-item .sa_hover_container').css('min-height', slide_height+'px');\n\t\t}\n\t\tvar owl_goto = jQuery('#slider_1410');\n\t\tjQuery('.slider_1410_goto1').click(function(event){\n\t\t\towl_goto.trigger('to.owl.carousel', 0);\n\t\t});\n\t\tjQuery('.slider_1410_goto2').click(function(event){\n\t\t\towl_goto.trigger('to.owl.carousel', 1);\n\t\t});\n\t\tjQuery('.slider_1410_goto3').click(function(event){\n\t\t\towl_goto.trigger('to.owl.carousel', 2);\n\t\t});\n\t\tjQuery('.slider_1410_goto4').click(function(event){\n\t\t\towl_goto.trigger('to.owl.carousel', 3);\n\t\t});\n\t\tjQuery('.slider_1410_goto5').click(function(event){\n\t\t\towl_goto.trigger('to.owl.carousel', 4);\n\t\t});\n\t\tvar resize_1410 = jQuery('.owl-carousel');\n\t\tresize_1410.on('initialized.owl.carousel', function(e) {\n\t\t\tif (typeof(Event) === 'function') {\n\t\t\t\twindow.dispatchEvent(new Event('resize'));\n\t\t\t} else {\n\t\t\t\tvar evt = window.document.createEvent('UIEvents');\n\t\t\t\tevt.initUIEvent('resize', true, false, window, 0);\n\t\t\t\twindow.dispatchEvent(evt);\n\t\t\t}\n\t\t});\n\t});\n<\/script>\n\n","protected":false},"excerpt":{"rendered":"Pesticides Les Suisses rejettent l'interdiction des pesticides de synth\u00e8se, selon les projections (Le Figaro) &nbsp; LA SEINE SOUILLEE Une cuve remplie \u00e0 priori de thiamethoxam s'est \u00e9coul\u00e9e non loin de Rouen pour finir dans la Seine. 1000 euros la tonne [...]","protected":false},"author":1,"featured_media":0,"parent":0,"menu_order":9999,"comment_status":"closed","ping_status":"closed","template":"","meta":{"_monsterinsights_skip_tracking":false,"_monsterinsights_sitenote_active":false,"_monsterinsights_sitenote_note":"","_monsterinsights_sitenote_category":0,"footnotes":""},"class_list":["post-1397","page","type-page","status-publish","hentry"],"yoast_head":"<!-- This site is optimized with the Yoast SEO plugin v27.3 - https:\/\/yoast.com\/product\/yoast-seo-wordpress\/ -->\n<title>Slide Anything Popup Preview - Girpa<\/title>\n<meta name=\"robots\" content=\"index, follow, max-snippet:-1, max-image-preview:large, max-video-preview:-1\" \/>\n<link rel=\"canonical\" href=\"https:\/\/www.girpa.fr\/index.php\/slide-anything-popup-preview\/\" \/>\n<meta property=\"og:locale\" content=\"fr_FR\" \/>\n<meta property=\"og:type\" content=\"article\" \/>\n<meta property=\"og:title\" content=\"Slide Anything Popup Preview - Girpa\" \/>\n<meta property=\"og:url\" content=\"https:\/\/www.girpa.fr\/index.php\/slide-anything-popup-preview\/\" \/>\n<meta property=\"og:site_name\" content=\"Girpa\" \/>\n<meta property=\"article:modified_time\" content=\"2021-05-10T07:41:04+00:00\" \/>\n<meta name=\"twitter:card\" content=\"summary_large_image\" \/>\n<script type=\"application\/ld+json\" class=\"yoast-schema-graph\">{\"@context\":\"https:\\\/\\\/schema.org\",\"@graph\":[{\"@type\":\"WebPage\",\"@id\":\"https:\\\/\\\/www.girpa.fr\\\/index.php\\\/slide-anything-popup-preview\\\/\",\"url\":\"https:\\\/\\\/www.girpa.fr\\\/index.php\\\/slide-anything-popup-preview\\\/\",\"name\":\"Slide Anything Popup Preview - Girpa\",\"isPartOf\":{\"@id\":\"https:\\\/\\\/www.girpa.fr\\\/#website\"},\"datePublished\":\"2020-08-06T12:02:08+00:00\",\"dateModified\":\"2021-05-10T07:41:04+00:00\",\"breadcrumb\":{\"@id\":\"https:\\\/\\\/www.girpa.fr\\\/index.php\\\/slide-anything-popup-preview\\\/#breadcrumb\"},\"inLanguage\":\"fr-FR\",\"potentialAction\":[{\"@type\":\"ReadAction\",\"target\":[\"https:\\\/\\\/www.girpa.fr\\\/index.php\\\/slide-anything-popup-preview\\\/\"]}]},{\"@type\":\"BreadcrumbList\",\"@id\":\"https:\\\/\\\/www.girpa.fr\\\/index.php\\\/slide-anything-popup-preview\\\/#breadcrumb\",\"itemListElement\":[{\"@type\":\"ListItem\",\"position\":1,\"name\":\"Accueil\",\"item\":\"https:\\\/\\\/www.girpa.fr\\\/\"},{\"@type\":\"ListItem\",\"position\":2,\"name\":\"Slide Anything Popup Preview\"}]},{\"@type\":\"WebSite\",\"@id\":\"https:\\\/\\\/www.girpa.fr\\\/#website\",\"url\":\"https:\\\/\\\/www.girpa.fr\\\/\",\"name\":\"Girpa\",\"description\":\"Laboratoire d&#039;analyse de r\u00e9sidus de contaminants\",\"publisher\":{\"@id\":\"https:\\\/\\\/www.girpa.fr\\\/#organization\"},\"potentialAction\":[{\"@type\":\"SearchAction\",\"target\":{\"@type\":\"EntryPoint\",\"urlTemplate\":\"https:\\\/\\\/www.girpa.fr\\\/?s={search_term_string}\"},\"query-input\":{\"@type\":\"PropertyValueSpecification\",\"valueRequired\":true,\"valueName\":\"search_term_string\"}}],\"inLanguage\":\"fr-FR\"},{\"@type\":\"Organization\",\"@id\":\"https:\\\/\\\/www.girpa.fr\\\/#organization\",\"name\":\"Laboratoire Girpa\",\"url\":\"https:\\\/\\\/www.girpa.fr\\\/\",\"logo\":{\"@type\":\"ImageObject\",\"inLanguage\":\"fr-FR\",\"@id\":\"https:\\\/\\\/www.girpa.fr\\\/#\\\/schema\\\/logo\\\/image\\\/\",\"url\":\"https:\\\/\\\/www.girpa.fr\\\/wp-content\\\/uploads\\\/2020\\\/08\\\/logo-avec-baseline.png\",\"contentUrl\":\"https:\\\/\\\/www.girpa.fr\\\/wp-content\\\/uploads\\\/2020\\\/08\\\/logo-avec-baseline.png\",\"width\":1672,\"height\":454,\"caption\":\"Laboratoire Girpa\"},\"image\":{\"@id\":\"https:\\\/\\\/www.girpa.fr\\\/#\\\/schema\\\/logo\\\/image\\\/\"}}]}<\/script>\n<!-- \/ Yoast SEO plugin. -->","yoast_head_json":{"title":"Slide Anything Popup Preview - Girpa","robots":{"index":"index","follow":"follow","max-snippet":"max-snippet:-1","max-image-preview":"max-image-preview:large","max-video-preview":"max-video-preview:-1"},"canonical":"https:\/\/www.girpa.fr\/index.php\/slide-anything-popup-preview\/","og_locale":"fr_FR","og_type":"article","og_title":"Slide Anything Popup Preview - Girpa","og_url":"https:\/\/www.girpa.fr\/index.php\/slide-anything-popup-preview\/","og_site_name":"Girpa","article_modified_time":"2021-05-10T07:41:04+00:00","twitter_card":"summary_large_image","schema":{"@context":"https:\/\/schema.org","@graph":[{"@type":"WebPage","@id":"https:\/\/www.girpa.fr\/index.php\/slide-anything-popup-preview\/","url":"https:\/\/www.girpa.fr\/index.php\/slide-anything-popup-preview\/","name":"Slide Anything Popup Preview - Girpa","isPartOf":{"@id":"https:\/\/www.girpa.fr\/#website"},"datePublished":"2020-08-06T12:02:08+00:00","dateModified":"2021-05-10T07:41:04+00:00","breadcrumb":{"@id":"https:\/\/www.girpa.fr\/index.php\/slide-anything-popup-preview\/#breadcrumb"},"inLanguage":"fr-FR","potentialAction":[{"@type":"ReadAction","target":["https:\/\/www.girpa.fr\/index.php\/slide-anything-popup-preview\/"]}]},{"@type":"BreadcrumbList","@id":"https:\/\/www.girpa.fr\/index.php\/slide-anything-popup-preview\/#breadcrumb","itemListElement":[{"@type":"ListItem","position":1,"name":"Accueil","item":"https:\/\/www.girpa.fr\/"},{"@type":"ListItem","position":2,"name":"Slide Anything Popup Preview"}]},{"@type":"WebSite","@id":"https:\/\/www.girpa.fr\/#website","url":"https:\/\/www.girpa.fr\/","name":"Girpa","description":"Laboratoire d&#039;analyse de r\u00e9sidus de contaminants","publisher":{"@id":"https:\/\/www.girpa.fr\/#organization"},"potentialAction":[{"@type":"SearchAction","target":{"@type":"EntryPoint","urlTemplate":"https:\/\/www.girpa.fr\/?s={search_term_string}"},"query-input":{"@type":"PropertyValueSpecification","valueRequired":true,"valueName":"search_term_string"}}],"inLanguage":"fr-FR"},{"@type":"Organization","@id":"https:\/\/www.girpa.fr\/#organization","name":"Laboratoire Girpa","url":"https:\/\/www.girpa.fr\/","logo":{"@type":"ImageObject","inLanguage":"fr-FR","@id":"https:\/\/www.girpa.fr\/#\/schema\/logo\/image\/","url":"https:\/\/www.girpa.fr\/wp-content\/uploads\/2020\/08\/logo-avec-baseline.png","contentUrl":"https:\/\/www.girpa.fr\/wp-content\/uploads\/2020\/08\/logo-avec-baseline.png","width":1672,"height":454,"caption":"Laboratoire Girpa"},"image":{"@id":"https:\/\/www.girpa.fr\/#\/schema\/logo\/image\/"}}]}},"_links":{"self":[{"href":"https:\/\/www.girpa.fr\/index.php\/wp-json\/wp\/v2\/pages\/1397","targetHints":{"allow":["GET"]}}],"collection":[{"href":"https:\/\/www.girpa.fr\/index.php\/wp-json\/wp\/v2\/pages"}],"about":[{"href":"https:\/\/www.girpa.fr\/index.php\/wp-json\/wp\/v2\/types\/page"}],"author":[{"embeddable":true,"href":"https:\/\/www.girpa.fr\/index.php\/wp-json\/wp\/v2\/users\/1"}],"replies":[{"embeddable":true,"href":"https:\/\/www.girpa.fr\/index.php\/wp-json\/wp\/v2\/comments?post=1397"}],"version-history":[{"count":51,"href":"https:\/\/www.girpa.fr\/index.php\/wp-json\/wp\/v2\/pages\/1397\/revisions"}],"predecessor-version":[{"id":2781,"href":"https:\/\/www.girpa.fr\/index.php\/wp-json\/wp\/v2\/pages\/1397\/revisions\/2781"}],"wp:attachment":[{"href":"https:\/\/www.girpa.fr\/index.php\/wp-json\/wp\/v2\/media?parent=1397"}],"curies":[{"name":"wp","href":"https:\/\/api.w.org\/{rel}","templated":true}]}}