{"id":2324,"date":"2020-11-26T17:59:36","date_gmt":"2020-11-26T16:59:36","guid":{"rendered":"https:\/\/www.girpa.fr\/?page_id=2324"},"modified":"2021-03-11T11:28:02","modified_gmt":"2021-03-11T10:28:02","slug":"commercialrequirement","status":"publish","type":"page","link":"https:\/\/www.girpa.fr\/index.php\/en\/commercialrequirement\/","title":{"rendered":"COMMERCIAL REQUIREMENTS"},"content":{"rendered":"<div class=\"vce-row-container\"><div class=\"vce-row vce-row--has-col-background vce-row--col-gap-0 vce-row-equal-height vce-row-columns--top vce-row-content--top\" data-vce-full-width=\"true\" data-vce-stretch-content=\"true\" id=\"el-c365a0c1\" data-vce-do-apply=\"all el-c365a0c1\"><div class=\"vce-row-content\" data-vce-element-content=\"true\"><div class=\"vce-col vce-col--md-47-91p vce-col--xs-1 vce-col--xs-last vce-col--xs-first vce-col--sm-last vce-col--sm-first vce-col--md-first vce-col--lg-first vce-col--xl-first\" id=\"el-c07d12da\"><div class=\"vce-col-inner\" data-vce-do-apply=\"border margin background  el-c07d12da\"><div class=\"vce-col-content\" data-vce-element-content=\"true\" data-vce-do-apply=\"padding el-c07d12da\"><div class=\"vce-text-block\"><div class=\"vce-text-block-wrapper vce\" id=\"el-a00fcf5f\" data-vce-do-apply=\"all el-a00fcf5f\"><h2 style=\"text-align: center;\">what we need&nbsp;<\/h2>\r\n<ul>\r\n<li>Clear identification of the applicant\/structure<\/li>\r\n<li>Precise definition of matrix(s) to be analyzed<\/li>\r\n<li>Clearest possible expression of the active substances to be analyzed<\/li>\r\n<li>Expected deadlines<\/li>\r\n<li>Quantity of samples (fractioned or grouped)<\/li>\r\n<li>Context of the analysis :<br>\r\n<ul>\r\n<li>testing,<\/li>\r\n<li>MRL compliance,<\/li>\r\n<li>judiciary expertise,<\/li>\r\n<li>\"organic\" certification.<\/li>\r\n<\/ul>\r\n<\/li>\r\n<li>Expected quality benchmark:<br>\r\n<ul>\r\n<li>accreditation according to NF\/EN ISO17025<\/li>\r\n<li>GLP accreditation<\/li>\r\n<li>agreement of the Ministry of Agriculture<\/li>\r\n<\/ul>\r\n<\/li>\r\n<\/ul><\/div><\/div><div class=\"vce-text-block\"><div class=\"vce-text-block-wrapper vce\" id=\"el-5fee67bf\" data-vce-do-apply=\"all el-5fee67bf\"><h2 style=\"text-align: center;\">DIRECT CONTACTS<\/h2>\r\n<p style=\"text-align: left;\"><strong>Email :<\/strong> <a href=\"mailto:commercial@girpa.fr\">commercial@girpa.fr<\/a><\/p>\r\n<p style=\"text-align: left;\"><strong>Telephone :<\/strong>&nbsp;+33 2 52 57 00 22<\/p><\/div><\/div><\/div><\/div><\/div><div class=\"vce-col vce-element--has-background vce-col--md-27-18p vce-col--xs-1 vce-col--xs-last vce-col--xs-first vce-col--sm-last vce-col--sm-first\" id=\"el-b01c7fb0\"><div class=\"vce-col-inner\" data-vce-do-apply=\"border margin background  el-b01c7fb0\"><div class=\"vce-content-background-container\"><\/div><div class=\"vce-col-content\" data-vce-element-content=\"true\" data-vce-do-apply=\"padding el-b01c7fb0\"><div class=\"vce-text-block\"><div class=\"vce-text-block-wrapper vce\" id=\"el-34596d56\" data-vce-do-apply=\"all el-34596d56\"><h3 style=\"text-align: left;\">REQUEST A QUOTE<\/h3><\/div><\/div><div class=\"vce-text-block\"><div class=\"vce-text-block-wrapper vce\" id=\"el-b79c3198\" data-vce-do-apply=\"all el-b79c3198\"><p style=\"text-align: center;\">\n<div class=\"wpcf7 no-js\" id=\"wpcf7-f112-o1\" lang=\"fr-FR\" dir=\"ltr\" data-wpcf7-id=\"112\">\n<div class=\"screen-reader-response\"><p role=\"status\" aria-live=\"polite\" aria-atomic=\"true\"><\/p> <ul><\/ul><\/div>\n<form action=\"\/index.php\/wp-json\/wp\/v2\/pages\/2324#wpcf7-f112-o1\" method=\"post\" class=\"wpcf7-form init\" aria-label=\"Formulaire de contact\" novalidate=\"novalidate\" data-status=\"init\">\n<fieldset class=\"hidden-fields-container\"><input type=\"hidden\" name=\"_wpcf7\" value=\"112\" \/><input type=\"hidden\" name=\"_wpcf7_version\" value=\"6.1.5\" \/><input type=\"hidden\" name=\"_wpcf7_locale\" value=\"fr_FR\" \/><input type=\"hidden\" name=\"_wpcf7_unit_tag\" value=\"wpcf7-f112-o1\" \/><input type=\"hidden\" name=\"_wpcf7_container_post\" value=\"0\" \/><input type=\"hidden\" name=\"_wpcf7_posted_data_hash\" value=\"\" \/><input type=\"hidden\" name=\"_wpcf7_recaptcha_response\" value=\"\" \/>\n<\/fieldset>\n<p><label> Votre nom (obligatoire)<br \/>\n<span class=\"wpcf7-form-control-wrap\" data-name=\"your-name\"><input size=\"40\" maxlength=\"400\" class=\"wpcf7-form-control wpcf7-text wpcf7-validates-as-required\" aria-required=\"true\" aria-invalid=\"false\" value=\"\" type=\"text\" name=\"your-name\" \/><\/span> <\/label>\n<\/p>\n<p><label> Votre pr\u00e9nom (obligatoire)<br \/>\n<span class=\"wpcf7-form-control-wrap\" data-name=\"prenom\"><input size=\"40\" maxlength=\"400\" class=\"wpcf7-form-control wpcf7-text wpcf7-validates-as-required\" aria-required=\"true\" aria-invalid=\"false\" value=\"\" type=\"text\" name=\"prenom\" \/><\/span><\/label>\n<\/p>\n<p><label> Votre adresse de messagerie (obligatoire)<br \/>\n<span class=\"wpcf7-form-control-wrap\" data-name=\"your-email\"><input size=\"40\" maxlength=\"400\" class=\"wpcf7-form-control wpcf7-email wpcf7-validates-as-required wpcf7-text wpcf7-validates-as-email\" aria-required=\"true\" aria-invalid=\"false\" value=\"\" type=\"email\" name=\"your-email\" \/><\/span> <\/label>\n<\/p>\n<p><label> Nom de la structure (obligatoire)<br \/>\n<span class=\"wpcf7-form-control-wrap\" data-name=\"structure\"><input size=\"40\" maxlength=\"400\" class=\"wpcf7-form-control wpcf7-text wpcf7-validates-as-required\" aria-required=\"true\" aria-invalid=\"false\" value=\"\" type=\"text\" name=\"structure\" \/><\/span><\/label>\n<\/p>\n<p><label> Adresse de la structure (obligatoire)<br \/>\n<span class=\"wpcf7-form-control-wrap\" data-name=\"adresse\"><input size=\"40\" maxlength=\"400\" class=\"wpcf7-form-control wpcf7-text wpcf7-validates-as-required\" aria-required=\"true\" aria-invalid=\"false\" value=\"\" type=\"text\" name=\"adresse\" \/><\/span><\/label>\n<\/p>\n<p><label>Votre num\u00e9ro de t\u00e9l\u00e9phone (obligatoire)<br \/>\n<span class=\"wpcf7-form-control-wrap\" data-name=\"telephone\"><input size=\"40\" maxlength=\"400\" class=\"wpcf7-form-control wpcf7-text wpcf7-validates-as-required\" aria-required=\"true\" aria-invalid=\"false\" value=\"\" type=\"text\" name=\"telephone\" \/><\/span><\/label>\n<\/p>\n<p><label> Objet<br \/>\n<span class=\"wpcf7-form-control-wrap\" data-name=\"your-subject\"><input size=\"40\" maxlength=\"400\" class=\"wpcf7-form-control wpcf7-text\" aria-invalid=\"false\" value=\"\" type=\"text\" name=\"your-subject\" \/><\/span> <\/label>\n<\/p>\n<p><label> Votre message<br \/>\n<span class=\"wpcf7-form-control-wrap\" data-name=\"your-message\"><textarea cols=\"40\" rows=\"10\" maxlength=\"2000\" class=\"wpcf7-form-control wpcf7-textarea\" aria-invalid=\"false\" name=\"your-message\"><\/textarea><\/span> <\/label><br \/>\n<span class=\"wpcf7-form-control-wrap\" data-name=\"checkbox-468\"><span class=\"wpcf7-form-control wpcf7-checkbox\"><span class=\"wpcf7-list-item first last\"><label><input type=\"checkbox\" name=\"checkbox-468[]\" value=\"S&#039;inscrire \u00e0 la newsletter du laboratoire (envoi mensuel)\" \/><span class=\"wpcf7-list-item-label\">S&#039;inscrire \u00e0 la newsletter du laboratoire (envoi mensuel)<\/span><\/label><\/span><\/span><\/span>\n<\/p>\n<p><input class=\"wpcf7-form-control wpcf7-submit has-spinner\" type=\"submit\" value=\"Envoyer\" \/>\n<\/p><p style=\"display: none !important;\" class=\"akismet-fields-container\" data-prefix=\"_wpcf7_ak_\"><label>&#916;<textarea name=\"_wpcf7_ak_hp_textarea\" cols=\"45\" rows=\"8\" maxlength=\"100\"><\/textarea><\/label><input type=\"hidden\" id=\"ak_js_1\" name=\"_wpcf7_ak_js\" value=\"189\"\/><script type=\"text\/javascript\">\n\/* <![CDATA[ *\/\ndocument.getElementById( \"ak_js_1\" ).setAttribute( \"value\", ( new Date() ).getTime() );\n\/* ]]> *\/\n<\/script>\n<\/p><div class=\"wpcf7-response-output\" aria-hidden=\"true\"><\/div>\n<\/form>\n<\/div>\n<\/p><\/div><\/div><\/div><\/div><\/div><div class=\"vce-col vce-element--xl--has-background vce-element--lg--has-background vce-element--md--has-background vce-element--sm--has-background vce-element--xs--has-background vce-col--md-24-91p vce-col--xs-1 vce-col--xs-last vce-col--xs-first vce-col--sm-last vce-col--sm-first vce-col--md-last vce-col--lg-last vce-col--xl-last\" id=\"el-7e92ec20\"><div class=\"vce-col-inner\" data-vce-do-apply=\"border margin background  el-7e92ec20\"><div class=\"vce-content-background-container\"><\/div><div class=\"vce-col-content\" data-vce-element-content=\"true\" data-vce-do-apply=\"padding el-7e92ec20\"><div class=\"vce-text-block\"><div class=\"vce-text-block-wrapper vce\" id=\"el-7e20b295\" data-vce-do-apply=\"all el-7e20b295\"><h3 style=\"text-align: center;\">GENERAL TERMS AND CONDITIONS OF SALE<\/h3><h3 style=\"text-align: center;\">AND SERVICE<\/h3><\/div><\/div><div class=\"vce-features vce-features--style-filled-circle vce-features--align-center vce-features--size-small vce-icon--style--icon-color-fff vce-icon--style--shape-color-b-85-85-85 vce-icon--style--icon-color-hover-fff vce-icon--style--shape-color-hover-ba-248-135-73-0-76\"><div id=\"el-c2085f8b\" class=\"vce vce-features-icon-wrapper\" data-vce-do-apply=\"all el-c2085f8b\"><a class=\"vce-features--icon vce-icon\" href=\"https:\/\/www.girpa.fr\/wp-content\/uploads\/2020\/08\/CGVP-GIRPA-MAJ-21-08-2020-V25.pdf\" title=\"\"><svg xmlns=\"https:\/\/www.w3.org\/2000\/svg\" viewBox=\"0 0 769 769\"><path stroke-width=\"25\" d=\"M565.755 696.27h-360l-180-311.77 180-311.77h360l180 311.77z\"><\/path><\/svg><span class=\"vce-icon-container far fa-folder-open\"><\/span><\/a><\/div><\/div><div class=\"vce-text-block\"><div class=\"vce-text-block-wrapper vce\" id=\"el-c5c60606\" data-vce-do-apply=\"all el-c5c60606\"><h3 class=\"auto\" style=\"text-align: center;\">SAMPLING AND LOGISTICS<\/h3><\/div><\/div><div class=\"vce-features vce-features--style-filled-circle vce-features--align-center vce-features--size-small vce-icon--style--icon-color-fff vce-icon--style--shape-color-ba-85-85-85-0-88 vce-icon--style--icon-color-hover-fff vce-icon--style--shape-color-hover-ba-138-198-10-0-45\"><div id=\"el-03de5d55\" class=\"vce vce-features-icon-wrapper\" data-vce-do-apply=\"all el-03de5d55\"><a class=\"vce-features--icon vce-icon\" href=\"https:\/\/www.girpa.fr\/index.php\/en\/logistics\/\" title=\"\"><svg xmlns=\"https:\/\/www.w3.org\/2000\/svg\" viewBox=\"0 0 769 769\"><path stroke-width=\"25\" d=\"M565.755 696.27h-360l-180-311.77 180-311.77h360l180 311.77z\"><\/path><\/svg><span class=\"vce-icon-container far fa-paper-plane\"><\/span><\/a><\/div><\/div><\/div><\/div><\/div><\/div><\/div><\/div><div class=\"vce-row-container\"><div class=\"vce-row vce-element--has-background vce-row--col-gap-10 vce-row-columns--top vce-row-content--top\" data-vce-full-width=\"true\" data-vce-stretch-content=\"true\" id=\"el-febfcccd\" data-vce-do-apply=\"all el-febfcccd\"><div class=\"vce-content-background-container\"><\/div><div class=\"vce-row-content\" data-vce-element-content=\"true\"><div class=\"vce-col vce-col--md-3-100 vce-col--xs-1 vce-col--xs-last vce-col--xs-first vce-col--sm-last vce-col--sm-first vce-col--md-first vce-col--lg-first vce-col--xl-first\" id=\"el-8c54659e\"><div class=\"vce-col-inner\" data-vce-do-apply=\"border margin background  el-8c54659e\"><div class=\"vce-col-content\" data-vce-element-content=\"true\" data-vce-do-apply=\"padding el-8c54659e\"><div class=\"vce-row-container\" data-vce-boxed-width=\"true\"><div class=\"vce-row vce-row--col-gap-30 vce-row-columns--top vce-row-content--top\" id=\"el-022a2af8\" data-vce-do-apply=\"all el-022a2af8\"><div class=\"vce-row-content\" data-vce-element-content=\"true\"><div class=\"vce-col vce-col--md-auto vce-col--xs-1 vce-col--xs-last vce-col--xs-first vce-col--sm-last vce-col--sm-first vce-col--md-first vce-col--lg-first vce-col--xl-first\" id=\"el-0b3f6619\"><div class=\"vce-col-inner\" data-vce-do-apply=\"border margin background  el-0b3f6619\"><div class=\"vce-col-content\" data-vce-element-content=\"true\" data-vce-do-apply=\"padding el-0b3f6619\"><\/div><\/div><\/div><div class=\"vce-col vce-col--md-auto vce-col--xs-1 vce-col--xs-last vce-col--xs-first vce-col--sm-last vce-col--sm-first vce-col--md-last vce-col--lg-last vce-col--xl-last\" id=\"el-283385f0\"><div class=\"vce-col-inner\" data-vce-do-apply=\"border margin background  el-283385f0\"><div class=\"vce-col-content\" data-vce-element-content=\"true\" data-vce-do-apply=\"padding el-283385f0\"><\/div><\/div><\/div><\/div><\/div><\/div><\/div><\/div><\/div><div class=\"vce-col vce-col--md-22-100 vce-col--xs-1 vce-col--xs-last vce-col--xs-first vce-col--sm-last vce-col--sm-first\" id=\"el-6871df3e\"><div class=\"vce-col-inner\" data-vce-do-apply=\"border margin background  el-6871df3e\"><div class=\"vce-col-content\" data-vce-element-content=\"true\" data-vce-do-apply=\"padding el-6871df3e\"><div class=\"vce-single-image-container vce-single-image--align-center\"><div class=\"vce vce-single-image-wrapper\" id=\"el-308b4de8\" data-vce-do-apply=\"all el-308b4de8\"><figure><div class=\"vce-single-image-inner vce-single-image--absolute vce-single-image--border-round\" style=\"padding-bottom: 100%; width: 200px;\"><img loading=\"lazy\" decoding=\"async\" class=\"vce-single-image\" width=\"200\" height=\"200\" src=\"https:\/\/www.girpa.fr\/wp-content\/uploads\/2020\/12\/sylvain-200x200.jpg\" srcset=\"https:\/\/www.girpa.fr\/wp-content\/uploads\/2020\/12\/sylvain-320x320.jpg 320w,https:\/\/www.girpa.fr\/wp-content\/uploads\/2020\/12\/sylvain-480x480.jpg 480w,https:\/\/www.girpa.fr\/wp-content\/uploads\/2020\/12\/sylvain-800x800.jpg 800w,https:\/\/www.girpa.fr\/wp-content\/uploads\/2020\/12\/sylvain-200x200.jpg 200w,https:\/\/www.girpa.fr\/wp-content\/uploads\/2020\/12\/sylvain-400x400.jpg 2x\" data-img-src=\"https:\/\/www.girpa.fr\/wp-content\/uploads\/2020\/08\/sylvain.jpg\" alt=\"\" title=\"sylvain\" \/><\/div><figcaption hidden=\"\"><\/figcaption><\/figure><\/div><\/div><\/div><\/div><\/div><div class=\"vce-col vce-col--md-25-100 vce-col--xs-1 vce-col--xs-last vce-col--xs-first vce-col--sm-last vce-col--sm-first\" id=\"el-e71ac16b\"><div class=\"vce-col-inner\" data-vce-do-apply=\"border margin background  el-e71ac16b\"><div class=\"vce-col-content\" data-vce-element-content=\"true\" data-vce-do-apply=\"padding el-e71ac16b\"><div class=\"vce-text-block\"><div class=\"vce-text-block-wrapper vce\" id=\"el-7791f50e\" data-vce-do-apply=\"all el-7791f50e\"><h2 style=\"text-align: left;\">sylvain cottenceau<\/h2>\r\n<p style=\"text-align: left;\">Business manager - Quality control&nbsp;<\/p>\r\n<p style=\"text-align: left;\"><strong><em>\"Ethicommercial <\/em><em>-&nbsp;<\/em>always listening to your needs! \"<\/strong><\/p><\/div><\/div><\/div><\/div><\/div><div class=\"vce-col vce-col--md-25-100 vce-col--xs-1 vce-col--xs-last vce-col--xs-first vce-col--sm-last vce-col--sm-first\" id=\"el-0dfb1e9a\"><div class=\"vce-col-inner\" data-vce-do-apply=\"border margin background  el-0dfb1e9a\"><div class=\"vce-col-content\" data-vce-element-content=\"true\" data-vce-do-apply=\"padding el-0dfb1e9a\"><div class=\"vce-text-block\"><div class=\"vce-text-block-wrapper vce\" id=\"el-cfe4685c\" data-vce-do-apply=\"all el-cfe4685c\"><h2 style=\"text-align: right;\">NATHALIE touret<\/h2>\r\n<p style=\"text-align: right;\">Sedentary client manager<\/p>\r\n<p style=\"text-align: right;\"><strong>\"Mutual respect is the foundation of harmony\".<\/strong><em>&nbsp;D Lama<br><\/em><\/p><\/div><\/div><\/div><\/div><\/div><div class=\"vce-col vce-col--md-22-100 vce-col--xs-1 vce-col--xs-last vce-col--xs-first vce-col--sm-last vce-col--sm-first\" id=\"el-ad88f75f\"><div class=\"vce-col-inner\" data-vce-do-apply=\"border margin background  el-ad88f75f\"><div class=\"vce-col-content\" data-vce-element-content=\"true\" data-vce-do-apply=\"padding el-ad88f75f\"><div class=\"vce-single-image-container vce-single-image--align-center\"><div class=\"vce vce-single-image-wrapper\" id=\"el-993e801c\" data-vce-do-apply=\"all el-993e801c\"><figure><div class=\"vce-single-image-inner vce-single-image--absolute vce-single-image--border-round\" style=\"padding-bottom: 100%; width: 200px;\"><img loading=\"lazy\" decoding=\"async\" class=\"vce-single-image\" width=\"200\" height=\"200\" src=\"https:\/\/www.girpa.fr\/wp-content\/uploads\/2020\/12\/nathalie-T-200x200.jpg\" srcset=\"https:\/\/www.girpa.fr\/wp-content\/uploads\/2020\/12\/nathalie-T-320x320.jpg 320w,https:\/\/www.girpa.fr\/wp-content\/uploads\/2020\/12\/nathalie-T-480x480.jpg 480w,https:\/\/www.girpa.fr\/wp-content\/uploads\/2020\/12\/nathalie-T-800x800.jpg 800w,https:\/\/www.girpa.fr\/wp-content\/uploads\/2020\/12\/nathalie-T-200x200.jpg 200w,https:\/\/www.girpa.fr\/wp-content\/uploads\/2020\/12\/nathalie-T-400x400.jpg 2x\" data-img-src=\"https:\/\/www.girpa.fr\/wp-content\/uploads\/2020\/09\/nathalie-T.jpg\" alt=\"\" title=\"nathalie T\" \/><\/div><figcaption hidden=\"\"><\/figcaption><\/figure><\/div><\/div><\/div><\/div><\/div><div class=\"vce-col vce-col--md-3-100 vce-col--xs-1 vce-col--xs-last vce-col--xs-first vce-col--sm-last vce-col--sm-first vce-col--md-last vce-col--lg-last vce-col--xl-last\" id=\"el-364fdf36\"><div class=\"vce-col-inner\" data-vce-do-apply=\"border margin background  el-364fdf36\"><div class=\"vce-col-content\" data-vce-element-content=\"true\" data-vce-do-apply=\"padding el-364fdf36\"><\/div><\/div><\/div><\/div><\/div><\/div>\n","protected":false},"excerpt":{"rendered":"<p>what we need&nbsp; Clear identification of the applicant\/structure Precise definition of matrix(s) to be analyzed Clearest possible expression of the active substances to be analyzed Expected deadlines Quantity of samples (fractioned or grouped) Context of the analysis : testing, MRL [&hellip;]<\/p>\n","protected":false},"author":1,"featured_media":0,"parent":0,"menu_order":0,"comment_status":"closed","ping_status":"closed","template":"","meta":{"_monsterinsights_skip_tracking":false,"_monsterinsights_sitenote_active":false,"_monsterinsights_sitenote_note":"","_monsterinsights_sitenote_category":0,"footnotes":""},"class_list":["post-2324","page","type-page","status-publish","hentry"],"yoast_head":"<!-- This site is optimized with the Yoast SEO plugin v27.4 - https:\/\/yoast.com\/product\/yoast-seo-wordpress\/ -->\n<title>Laboratoire Girpa - COMMERCIAL REQUIREMENTS<\/title>\n<meta name=\"robots\" content=\"index, follow, max-snippet:-1, max-image-preview:large, max-video-preview:-1\" \/>\n<link rel=\"canonical\" href=\"https:\/\/www.girpa.fr\/index.php\/en\/commercialrequirement\/\" \/>\n<meta property=\"og:locale\" content=\"fr_FR\" \/>\n<meta property=\"og:type\" content=\"article\" \/>\n<meta property=\"og:title\" content=\"Laboratoire Girpa - COMMERCIAL REQUIREMENTS\" \/>\n<meta property=\"og:description\" content=\"what we need&nbsp; Clear identification of the applicant\/structure Precise definition of matrix(s) to be analyzed Clearest possible expression of the active substances to be analyzed Expected deadlines Quantity of samples (fractioned or grouped) Context of the analysis : testing, MRL [&hellip;]\" \/>\n<meta property=\"og:url\" content=\"https:\/\/www.girpa.fr\/index.php\/en\/commercialrequirement\/\" \/>\n<meta property=\"og:site_name\" content=\"Girpa\" \/>\n<meta property=\"article:modified_time\" content=\"2021-03-11T10:28:02+00:00\" \/>\n<meta property=\"og:image\" content=\"http:\/\/|!|vcvUploadUrl|!|\/2020\/12\/sylvain-200x200.jpg\" \/>\n<meta name=\"twitter:card\" content=\"summary_large_image\" \/>\n<meta name=\"twitter:label1\" content=\"Dur\u00e9e de lecture estim\u00e9e\" \/>\n\t<meta name=\"twitter:data1\" content=\"1 minute\" \/>\n<script type=\"application\/ld+json\" class=\"yoast-schema-graph\">{\"@context\":\"https:\\\/\\\/schema.org\",\"@graph\":[{\"@type\":\"WebPage\",\"@id\":\"https:\\\/\\\/www.girpa.fr\\\/index.php\\\/en\\\/commercialrequirement\\\/\",\"url\":\"https:\\\/\\\/www.girpa.fr\\\/index.php\\\/en\\\/commercialrequirement\\\/\",\"name\":\"Laboratoire Girpa - COMMERCIAL REQUIREMENTS\",\"isPartOf\":{\"@id\":\"https:\\\/\\\/www.girpa.fr\\\/#website\"},\"datePublished\":\"2020-11-26T16:59:36+00:00\",\"dateModified\":\"2021-03-11T10:28:02+00:00\",\"breadcrumb\":{\"@id\":\"https:\\\/\\\/www.girpa.fr\\\/index.php\\\/en\\\/commercialrequirement\\\/#breadcrumb\"},\"inLanguage\":\"fr-FR\",\"potentialAction\":[{\"@type\":\"ReadAction\",\"target\":[\"https:\\\/\\\/www.girpa.fr\\\/index.php\\\/en\\\/commercialrequirement\\\/\"]}]},{\"@type\":\"BreadcrumbList\",\"@id\":\"https:\\\/\\\/www.girpa.fr\\\/index.php\\\/en\\\/commercialrequirement\\\/#breadcrumb\",\"itemListElement\":[{\"@type\":\"ListItem\",\"position\":1,\"name\":\"Accueil\",\"item\":\"https:\\\/\\\/www.girpa.fr\\\/\"},{\"@type\":\"ListItem\",\"position\":2,\"name\":\"COMMERCIAL REQUIREMENTS\"}]},{\"@type\":\"WebSite\",\"@id\":\"https:\\\/\\\/www.girpa.fr\\\/#website\",\"url\":\"https:\\\/\\\/www.girpa.fr\\\/\",\"name\":\"Girpa\",\"description\":\"Laboratoire d&#039;analyse de r\u00e9sidus de contaminants\",\"publisher\":{\"@id\":\"https:\\\/\\\/www.girpa.fr\\\/#organization\"},\"potentialAction\":[{\"@type\":\"SearchAction\",\"target\":{\"@type\":\"EntryPoint\",\"urlTemplate\":\"https:\\\/\\\/www.girpa.fr\\\/?s={search_term_string}\"},\"query-input\":{\"@type\":\"PropertyValueSpecification\",\"valueRequired\":true,\"valueName\":\"search_term_string\"}}],\"inLanguage\":\"fr-FR\"},{\"@type\":\"Organization\",\"@id\":\"https:\\\/\\\/www.girpa.fr\\\/#organization\",\"name\":\"Laboratoire Girpa\",\"url\":\"https:\\\/\\\/www.girpa.fr\\\/\",\"logo\":{\"@type\":\"ImageObject\",\"inLanguage\":\"fr-FR\",\"@id\":\"https:\\\/\\\/www.girpa.fr\\\/#\\\/schema\\\/logo\\\/image\\\/\",\"url\":\"https:\\\/\\\/www.girpa.fr\\\/wp-content\\\/uploads\\\/2020\\\/08\\\/logo-avec-baseline.png\",\"contentUrl\":\"https:\\\/\\\/www.girpa.fr\\\/wp-content\\\/uploads\\\/2020\\\/08\\\/logo-avec-baseline.png\",\"width\":1672,\"height\":454,\"caption\":\"Laboratoire Girpa\"},\"image\":{\"@id\":\"https:\\\/\\\/www.girpa.fr\\\/#\\\/schema\\\/logo\\\/image\\\/\"}}]}<\/script>\n<!-- \/ Yoast SEO plugin. -->","yoast_head_json":{"title":"Laboratoire Girpa - COMMERCIAL REQUIREMENTS","robots":{"index":"index","follow":"follow","max-snippet":"max-snippet:-1","max-image-preview":"max-image-preview:large","max-video-preview":"max-video-preview:-1"},"canonical":"https:\/\/www.girpa.fr\/index.php\/en\/commercialrequirement\/","og_locale":"fr_FR","og_type":"article","og_title":"Laboratoire Girpa - COMMERCIAL REQUIREMENTS","og_description":"what we need&nbsp; Clear identification of the applicant\/structure Precise definition of matrix(s) to be analyzed Clearest possible expression of the active substances to be analyzed Expected deadlines Quantity of samples (fractioned or grouped) Context of the analysis : testing, MRL [&hellip;]","og_url":"https:\/\/www.girpa.fr\/index.php\/en\/commercialrequirement\/","og_site_name":"Girpa","article_modified_time":"2021-03-11T10:28:02+00:00","og_image":[{"url":"|!|vcvUploadUrl|!|\/2020\/12\/sylvain-200x200.jpg","type":"","width":"","height":""}],"twitter_card":"summary_large_image","twitter_misc":{"Dur\u00e9e de lecture estim\u00e9e":"1 minute"},"schema":{"@context":"https:\/\/schema.org","@graph":[{"@type":"WebPage","@id":"https:\/\/www.girpa.fr\/index.php\/en\/commercialrequirement\/","url":"https:\/\/www.girpa.fr\/index.php\/en\/commercialrequirement\/","name":"Laboratoire Girpa - COMMERCIAL REQUIREMENTS","isPartOf":{"@id":"https:\/\/www.girpa.fr\/#website"},"datePublished":"2020-11-26T16:59:36+00:00","dateModified":"2021-03-11T10:28:02+00:00","breadcrumb":{"@id":"https:\/\/www.girpa.fr\/index.php\/en\/commercialrequirement\/#breadcrumb"},"inLanguage":"fr-FR","potentialAction":[{"@type":"ReadAction","target":["https:\/\/www.girpa.fr\/index.php\/en\/commercialrequirement\/"]}]},{"@type":"BreadcrumbList","@id":"https:\/\/www.girpa.fr\/index.php\/en\/commercialrequirement\/#breadcrumb","itemListElement":[{"@type":"ListItem","position":1,"name":"Accueil","item":"https:\/\/www.girpa.fr\/"},{"@type":"ListItem","position":2,"name":"COMMERCIAL REQUIREMENTS"}]},{"@type":"WebSite","@id":"https:\/\/www.girpa.fr\/#website","url":"https:\/\/www.girpa.fr\/","name":"Girpa","description":"Laboratoire d&#039;analyse de r\u00e9sidus de contaminants","publisher":{"@id":"https:\/\/www.girpa.fr\/#organization"},"potentialAction":[{"@type":"SearchAction","target":{"@type":"EntryPoint","urlTemplate":"https:\/\/www.girpa.fr\/?s={search_term_string}"},"query-input":{"@type":"PropertyValueSpecification","valueRequired":true,"valueName":"search_term_string"}}],"inLanguage":"fr-FR"},{"@type":"Organization","@id":"https:\/\/www.girpa.fr\/#organization","name":"Laboratoire Girpa","url":"https:\/\/www.girpa.fr\/","logo":{"@type":"ImageObject","inLanguage":"fr-FR","@id":"https:\/\/www.girpa.fr\/#\/schema\/logo\/image\/","url":"https:\/\/www.girpa.fr\/wp-content\/uploads\/2020\/08\/logo-avec-baseline.png","contentUrl":"https:\/\/www.girpa.fr\/wp-content\/uploads\/2020\/08\/logo-avec-baseline.png","width":1672,"height":454,"caption":"Laboratoire Girpa"},"image":{"@id":"https:\/\/www.girpa.fr\/#\/schema\/logo\/image\/"}}]}},"_links":{"self":[{"href":"https:\/\/www.girpa.fr\/index.php\/wp-json\/wp\/v2\/pages\/2324","targetHints":{"allow":["GET"]}}],"collection":[{"href":"https:\/\/www.girpa.fr\/index.php\/wp-json\/wp\/v2\/pages"}],"about":[{"href":"https:\/\/www.girpa.fr\/index.php\/wp-json\/wp\/v2\/types\/page"}],"author":[{"embeddable":true,"href":"https:\/\/www.girpa.fr\/index.php\/wp-json\/wp\/v2\/users\/1"}],"replies":[{"embeddable":true,"href":"https:\/\/www.girpa.fr\/index.php\/wp-json\/wp\/v2\/comments?post=2324"}],"version-history":[{"count":8,"href":"https:\/\/www.girpa.fr\/index.php\/wp-json\/wp\/v2\/pages\/2324\/revisions"}],"predecessor-version":[{"id":2606,"href":"https:\/\/www.girpa.fr\/index.php\/wp-json\/wp\/v2\/pages\/2324\/revisions\/2606"}],"wp:attachment":[{"href":"https:\/\/www.girpa.fr\/index.php\/wp-json\/wp\/v2\/media?parent=2324"}],"curies":[{"name":"wp","href":"https:\/\/api.w.org\/{rel}","templated":true}]}}