{"id":3123,"date":"2022-09-02T10:21:31","date_gmt":"2022-09-02T08:21:31","guid":{"rendered":"https:\/\/www.girpa.fr\/?page_id=3123"},"modified":"2022-09-02T10:50:25","modified_gmt":"2022-09-02T08:50:25","slug":"domaine-01","status":"publish","type":"page","link":"https:\/\/www.girpa.fr\/index.php\/les-domaines-bpl\/domaine-01\/","title":{"rendered":"DOMAINE 01"},"content":{"rendered":"<div class=\"vce-row-container\"><div class=\"vce-row vce-row--col-gap-30 vce-row-content--top\" data-vce-full-width=\"true\" id=\"el-bdc26b72\" data-vce-do-apply=\"all el-bdc26b72\"><div class=\"vce-content-background-container\"><\/div><div class=\"vce-row-content\" data-vce-element-content=\"true\"><div class=\"vce-col vce-col--md-auto vce-col--xs-1 vce-col--xs-last vce-col--xs-first vce-col--sm-last vce-col--sm-first vce-col--md-last vce-col--lg-last vce-col--xl-last vce-col--md-first vce-col--lg-first vce-col--xl-first\" id=\"el-f7e098c9\"><div class=\"vce-col-inner\" data-vce-do-apply=\"border margin background  el-f7e098c9\"><div class=\"vce-col-content\" data-vce-element-content=\"true\" data-vce-do-apply=\"padding el-f7e098c9\"><div class=\"vce-text-block\"><div class=\"vce-text-block-wrapper vce\" id=\"el-0273db39\" data-vce-do-apply=\"all el-0273db39\"><h2>etude portant sur la stabilit\u00e9 des mati\u00e8res actives au stockage congel\u00e9<\/h2><p>Depuis 1999, le GIPC reconnait le laboratoire comme installation d'essais oeuvrant sous Bonnes Pratiques de Laboratoire (B.P.L.).<\/p><\/div><\/div><\/div><\/div><\/div><\/div><\/div><\/div><div class=\"vce-row-container\"><div class=\"vce-row vce-element--has-background vce-row--col-gap-30 vce-row-content--top\" data-vce-full-width=\"true\" id=\"el-6d484063\" data-vce-do-apply=\"all el-6d484063\"><div class=\"vce-content-background-container\"><\/div><div class=\"vce-row-content\" data-vce-element-content=\"true\"><div class=\"vce-col vce-col--md-1-3 vce-col--xs-1 vce-col--xs-last vce-col--xs-first vce-col--sm-last vce-col--sm-first vce-col--md-first vce-col--lg-first vce-col--xl-first\" id=\"el-df97fe6b\"><div class=\"vce-col-inner\" data-vce-do-apply=\"border margin background  el-df97fe6b\"><div class=\"vce-col-content\" data-vce-element-content=\"true\" data-vce-do-apply=\"padding el-df97fe6b\"><div class=\"vce-single-image-container vce-single-image--align-center\"><div class=\"vce vce-single-image-wrapper\" id=\"el-6e578fab\" data-vce-do-apply=\"all el-6e578fab\"><figure><div class=\"vce-single-image-inner vce-single-image--absolute\" style=\"padding-bottom: 67.2414%; width: 522px;\"><img loading=\"lazy\" decoding=\"async\" class=\"vce-single-image vcv-lozad\" data-src=\"https:\/\/www.girpa.fr\/wp-content\/uploads\/2022\/09\/Capture1-522x351.png\" width=\"522\" height=\"351\" srcset=\"https:\/\/www.girpa.fr\/wp-content\/uploads\/2022\/09\/Capture1-320x215.png 320w,https:\/\/www.girpa.fr\/wp-content\/uploads\/2022\/09\/Capture1-480x323.png 480w,https:\/\/www.girpa.fr\/wp-content\/uploads\/2022\/09\/Capture1-522x351.png 522w\" src=\"\" data-img-src=\"https:\/\/www.girpa.fr\/wp-content\/uploads\/2022\/09\/Capture1.png\" alt=\"\" title=\"Capture1\" \/><noscript>\n        <img loading=\"lazy\" decoding=\"async\" class=\"vce-single-image\" src=\"https:\/\/www.girpa.fr\/wp-content\/uploads\/2022\/09\/Capture1.png\" width=\"522\" height=\"351\" alt=\"\" title=\"Capture1\" \/>\n      <\/noscript><\/div><figcaption hidden=\"\"><\/figcaption><\/figure><\/div><\/div><\/div><\/div><\/div><div class=\"vce-col vce-col--md-2-3 vce-col--xs-1 vce-col--xs-last vce-col--xs-first vce-col--sm-last vce-col--sm-first vce-col--md-last vce-col--lg-last vce-col--xl-last\" id=\"el-087cbb82\"><div class=\"vce-col-inner\" data-vce-do-apply=\"border margin background  el-087cbb82\"><div class=\"vce-col-content\" data-vce-element-content=\"true\" data-vce-do-apply=\"padding el-087cbb82\"><div class=\"vce-text-block\"><div class=\"vce-text-block-wrapper vce\" id=\"el-1a19bc3a\" data-vce-do-apply=\"all el-1a19bc3a\"><h2 style=\"text-align: center;\">OCDE 506<\/h2><ul><li>Le texte de r\u00e9f\u00e9rence pour la mise en \u0153uvre des tests de conservation est la guideline 506 de l'OCDE<\/li><li>Caract\u00e9risation de la stabilit\u00e9 sur diff\u00e9rentes p\u00e9riodes allant de 1 \u00e0 24 mois,&nbsp;<\/li><li>Possibilit\u00e9 de travailler sur \u00e9chantillons naturellement contamin\u00e9s ou dop\u00e9s.<\/li><li>Les mati\u00e8res actives et m\u00e9tabolites sont dop\u00e9s dans des t\u00e9moins diff\u00e9rents afin de suivre l'\u00e9volution des concentrations sans interf\u00e9rences possibles.<\/li><li>Les enceintes congel\u00e9es sont suivies par plusieurs capteurs raccord\u00e9es \u00e0 des syst\u00e8mes automatis\u00e9s d'enregistrement des conditions.<\/li><\/ul><\/div><\/div><\/div><\/div><\/div><\/div><\/div><\/div>\n","protected":false},"excerpt":{"rendered":"<p>etude portant sur la stabilit\u00e9 des mati\u00e8res actives au stockage congel\u00e9Depuis 1999, le GIPC reconnait le laboratoire comme installation d&rsquo;essais oeuvrant sous Bonnes Pratiques de Laboratoire (B.P.L.). OCDE 506Le texte de r\u00e9f\u00e9rence pour la mise en \u0153uvre des tests de [&hellip;]<\/p>\n","protected":false},"author":1,"featured_media":0,"parent":7,"menu_order":0,"comment_status":"closed","ping_status":"closed","template":"","meta":{"_monsterinsights_skip_tracking":false,"_monsterinsights_sitenote_active":false,"_monsterinsights_sitenote_note":"","_monsterinsights_sitenote_category":0,"footnotes":""},"class_list":["post-3123","page","type-page","status-publish","hentry"],"yoast_head":"<!-- This site is optimized with the Yoast SEO plugin v27.4 - https:\/\/yoast.com\/product\/yoast-seo-wordpress\/ -->\n<title>DOMAINE 01 - Girpa<\/title>\n<meta name=\"robots\" content=\"index, follow, max-snippet:-1, max-image-preview:large, max-video-preview:-1\" \/>\n<link rel=\"canonical\" href=\"https:\/\/www.girpa.fr\/index.php\/les-domaines-bpl\/domaine-01\/\" \/>\n<meta property=\"og:locale\" content=\"fr_FR\" \/>\n<meta property=\"og:type\" content=\"article\" \/>\n<meta property=\"og:title\" content=\"DOMAINE 01 - Girpa\" \/>\n<meta property=\"og:description\" content=\"etude portant sur la stabilit\u00e9 des mati\u00e8res actives au stockage congel\u00e9Depuis 1999, le GIPC reconnait le laboratoire comme installation d&#039;essais oeuvrant sous Bonnes Pratiques de Laboratoire (B.P.L.). OCDE 506Le texte de r\u00e9f\u00e9rence pour la mise en \u0153uvre des tests de [&hellip;]\" \/>\n<meta property=\"og:url\" content=\"https:\/\/www.girpa.fr\/index.php\/les-domaines-bpl\/domaine-01\/\" \/>\n<meta property=\"og:site_name\" content=\"Girpa\" \/>\n<meta property=\"article:modified_time\" content=\"2022-09-02T08:50:25+00:00\" \/>\n<meta property=\"og:image\" content=\"http:\/\/|!|vcvUploadUrl|!|\/2022\/09\/Capture1-522x351.png\" \/>\n<meta name=\"twitter:card\" content=\"summary_large_image\" \/>\n<meta name=\"twitter:label1\" content=\"Dur\u00e9e de lecture estim\u00e9e\" \/>\n\t<meta name=\"twitter:data1\" content=\"1 minute\" \/>\n<script type=\"application\/ld+json\" class=\"yoast-schema-graph\">{\"@context\":\"https:\\\/\\\/schema.org\",\"@graph\":[{\"@type\":\"WebPage\",\"@id\":\"https:\\\/\\\/www.girpa.fr\\\/index.php\\\/les-domaines-bpl\\\/domaine-01\\\/\",\"url\":\"https:\\\/\\\/www.girpa.fr\\\/index.php\\\/les-domaines-bpl\\\/domaine-01\\\/\",\"name\":\"DOMAINE 01 - Girpa\",\"isPartOf\":{\"@id\":\"https:\\\/\\\/www.girpa.fr\\\/#website\"},\"datePublished\":\"2022-09-02T08:21:31+00:00\",\"dateModified\":\"2022-09-02T08:50:25+00:00\",\"breadcrumb\":{\"@id\":\"https:\\\/\\\/www.girpa.fr\\\/index.php\\\/les-domaines-bpl\\\/domaine-01\\\/#breadcrumb\"},\"inLanguage\":\"fr-FR\",\"potentialAction\":[{\"@type\":\"ReadAction\",\"target\":[\"https:\\\/\\\/www.girpa.fr\\\/index.php\\\/les-domaines-bpl\\\/domaine-01\\\/\"]}]},{\"@type\":\"BreadcrumbList\",\"@id\":\"https:\\\/\\\/www.girpa.fr\\\/index.php\\\/les-domaines-bpl\\\/domaine-01\\\/#breadcrumb\",\"itemListElement\":[{\"@type\":\"ListItem\",\"position\":1,\"name\":\"Accueil\",\"item\":\"https:\\\/\\\/www.girpa.fr\\\/\"},{\"@type\":\"ListItem\",\"position\":2,\"name\":\"LES DOMAINES BPL\",\"item\":\"https:\\\/\\\/www.girpa.fr\\\/index.php\\\/les-domaines-bpl\\\/\"},{\"@type\":\"ListItem\",\"position\":3,\"name\":\"DOMAINE 01\"}]},{\"@type\":\"WebSite\",\"@id\":\"https:\\\/\\\/www.girpa.fr\\\/#website\",\"url\":\"https:\\\/\\\/www.girpa.fr\\\/\",\"name\":\"Girpa\",\"description\":\"Laboratoire d&#039;analyse de r\u00e9sidus de contaminants\",\"publisher\":{\"@id\":\"https:\\\/\\\/www.girpa.fr\\\/#organization\"},\"potentialAction\":[{\"@type\":\"SearchAction\",\"target\":{\"@type\":\"EntryPoint\",\"urlTemplate\":\"https:\\\/\\\/www.girpa.fr\\\/?s={search_term_string}\"},\"query-input\":{\"@type\":\"PropertyValueSpecification\",\"valueRequired\":true,\"valueName\":\"search_term_string\"}}],\"inLanguage\":\"fr-FR\"},{\"@type\":\"Organization\",\"@id\":\"https:\\\/\\\/www.girpa.fr\\\/#organization\",\"name\":\"Laboratoire Girpa\",\"url\":\"https:\\\/\\\/www.girpa.fr\\\/\",\"logo\":{\"@type\":\"ImageObject\",\"inLanguage\":\"fr-FR\",\"@id\":\"https:\\\/\\\/www.girpa.fr\\\/#\\\/schema\\\/logo\\\/image\\\/\",\"url\":\"https:\\\/\\\/www.girpa.fr\\\/wp-content\\\/uploads\\\/2020\\\/08\\\/logo-avec-baseline.png\",\"contentUrl\":\"https:\\\/\\\/www.girpa.fr\\\/wp-content\\\/uploads\\\/2020\\\/08\\\/logo-avec-baseline.png\",\"width\":1672,\"height\":454,\"caption\":\"Laboratoire Girpa\"},\"image\":{\"@id\":\"https:\\\/\\\/www.girpa.fr\\\/#\\\/schema\\\/logo\\\/image\\\/\"}}]}<\/script>\n<!-- \/ Yoast SEO plugin. -->","yoast_head_json":{"title":"DOMAINE 01 - Girpa","robots":{"index":"index","follow":"follow","max-snippet":"max-snippet:-1","max-image-preview":"max-image-preview:large","max-video-preview":"max-video-preview:-1"},"canonical":"https:\/\/www.girpa.fr\/index.php\/les-domaines-bpl\/domaine-01\/","og_locale":"fr_FR","og_type":"article","og_title":"DOMAINE 01 - Girpa","og_description":"etude portant sur la stabilit\u00e9 des mati\u00e8res actives au stockage congel\u00e9Depuis 1999, le GIPC reconnait le laboratoire comme installation d'essais oeuvrant sous Bonnes Pratiques de Laboratoire (B.P.L.). OCDE 506Le texte de r\u00e9f\u00e9rence pour la mise en \u0153uvre des tests de [&hellip;]","og_url":"https:\/\/www.girpa.fr\/index.php\/les-domaines-bpl\/domaine-01\/","og_site_name":"Girpa","article_modified_time":"2022-09-02T08:50:25+00:00","og_image":[{"url":"|!|vcvUploadUrl|!|\/2022\/09\/Capture1-522x351.png","type":"","width":"","height":""}],"twitter_card":"summary_large_image","twitter_misc":{"Dur\u00e9e de lecture estim\u00e9e":"1 minute"},"schema":{"@context":"https:\/\/schema.org","@graph":[{"@type":"WebPage","@id":"https:\/\/www.girpa.fr\/index.php\/les-domaines-bpl\/domaine-01\/","url":"https:\/\/www.girpa.fr\/index.php\/les-domaines-bpl\/domaine-01\/","name":"DOMAINE 01 - Girpa","isPartOf":{"@id":"https:\/\/www.girpa.fr\/#website"},"datePublished":"2022-09-02T08:21:31+00:00","dateModified":"2022-09-02T08:50:25+00:00","breadcrumb":{"@id":"https:\/\/www.girpa.fr\/index.php\/les-domaines-bpl\/domaine-01\/#breadcrumb"},"inLanguage":"fr-FR","potentialAction":[{"@type":"ReadAction","target":["https:\/\/www.girpa.fr\/index.php\/les-domaines-bpl\/domaine-01\/"]}]},{"@type":"BreadcrumbList","@id":"https:\/\/www.girpa.fr\/index.php\/les-domaines-bpl\/domaine-01\/#breadcrumb","itemListElement":[{"@type":"ListItem","position":1,"name":"Accueil","item":"https:\/\/www.girpa.fr\/"},{"@type":"ListItem","position":2,"name":"LES DOMAINES BPL","item":"https:\/\/www.girpa.fr\/index.php\/les-domaines-bpl\/"},{"@type":"ListItem","position":3,"name":"DOMAINE 01"}]},{"@type":"WebSite","@id":"https:\/\/www.girpa.fr\/#website","url":"https:\/\/www.girpa.fr\/","name":"Girpa","description":"Laboratoire d&#039;analyse de r\u00e9sidus de contaminants","publisher":{"@id":"https:\/\/www.girpa.fr\/#organization"},"potentialAction":[{"@type":"SearchAction","target":{"@type":"EntryPoint","urlTemplate":"https:\/\/www.girpa.fr\/?s={search_term_string}"},"query-input":{"@type":"PropertyValueSpecification","valueRequired":true,"valueName":"search_term_string"}}],"inLanguage":"fr-FR"},{"@type":"Organization","@id":"https:\/\/www.girpa.fr\/#organization","name":"Laboratoire Girpa","url":"https:\/\/www.girpa.fr\/","logo":{"@type":"ImageObject","inLanguage":"fr-FR","@id":"https:\/\/www.girpa.fr\/#\/schema\/logo\/image\/","url":"https:\/\/www.girpa.fr\/wp-content\/uploads\/2020\/08\/logo-avec-baseline.png","contentUrl":"https:\/\/www.girpa.fr\/wp-content\/uploads\/2020\/08\/logo-avec-baseline.png","width":1672,"height":454,"caption":"Laboratoire Girpa"},"image":{"@id":"https:\/\/www.girpa.fr\/#\/schema\/logo\/image\/"}}]}},"_links":{"self":[{"href":"https:\/\/www.girpa.fr\/index.php\/wp-json\/wp\/v2\/pages\/3123","targetHints":{"allow":["GET"]}}],"collection":[{"href":"https:\/\/www.girpa.fr\/index.php\/wp-json\/wp\/v2\/pages"}],"about":[{"href":"https:\/\/www.girpa.fr\/index.php\/wp-json\/wp\/v2\/types\/page"}],"author":[{"embeddable":true,"href":"https:\/\/www.girpa.fr\/index.php\/wp-json\/wp\/v2\/users\/1"}],"replies":[{"embeddable":true,"href":"https:\/\/www.girpa.fr\/index.php\/wp-json\/wp\/v2\/comments?post=3123"}],"version-history":[{"count":4,"href":"https:\/\/www.girpa.fr\/index.php\/wp-json\/wp\/v2\/pages\/3123\/revisions"}],"predecessor-version":[{"id":3127,"href":"https:\/\/www.girpa.fr\/index.php\/wp-json\/wp\/v2\/pages\/3123\/revisions\/3127"}],"up":[{"embeddable":true,"href":"https:\/\/www.girpa.fr\/index.php\/wp-json\/wp\/v2\/pages\/7"}],"wp:attachment":[{"href":"https:\/\/www.girpa.fr\/index.php\/wp-json\/wp\/v2\/media?parent=3123"}],"curies":[{"name":"wp","href":"https:\/\/api.w.org\/{rel}","templated":true}]}}