{"id":65,"date":"2019-03-22T15:53:06","date_gmt":"2019-03-22T14:53:06","guid":{"rendered":"http:\/\/girpaovhml.cluster027.hosting.ovh.net\/?page_id=65"},"modified":"2022-01-11T16:41:24","modified_gmt":"2022-01-11T15:41:24","slug":"qualite","status":"publish","type":"page","link":"https:\/\/www.girpa.fr\/index.php\/qualite\/","title":{"rendered":"QUALITE"},"content":{"rendered":"<div class=\"vce-row-container\"><div class=\"vce-row vce-row--col-gap-30 vce-row-content--top\" data-vce-full-width=\"true\" id=\"el-0e8e2bb1\" data-vce-do-apply=\"all el-0e8e2bb1\"><div class=\"vce-row-content\" data-vce-element-content=\"true\"><div class=\"vce-col vce-col--md-99p vce-col--xs-1 vce-col--xs-last vce-col--xs-first vce-col--sm-last vce-col--sm-first vce-col--md-last vce-col--lg-last vce-col--xl-last vce-col--md-first vce-col--lg-first vce-col--xl-first\" id=\"el-499b736a\"><div class=\"vce-col-inner\" data-vce-do-apply=\"border margin background  el-499b736a\"><div class=\"vce-col-content\" data-vce-element-content=\"true\" data-vce-do-apply=\"padding el-499b736a\"><div class=\"vce-row-container\" data-vce-boxed-width=\"true\"><div class=\"vce-row vce-row--col-gap-30 vce-row-content--top\" id=\"el-b89e70fc\" data-vce-do-apply=\"all el-b89e70fc\"><div class=\"vce-content-background-container\"><\/div><div class=\"vce-row-content\" data-vce-element-content=\"true\"><div class=\"vce-col vce-col--md-auto vce-col--xs-1 vce-col--xs-last vce-col--xs-first vce-col--sm-last vce-col--sm-first vce-col--md-last vce-col--lg-last vce-col--xl-last vce-col--md-first vce-col--lg-first vce-col--xl-first\" id=\"el-7e8aad84\"><div class=\"vce-col-inner\" data-vce-do-apply=\"border margin background  el-7e8aad84\"><div class=\"vce-col-content\" data-vce-element-content=\"true\" data-vce-do-apply=\"padding el-7e8aad84\"><div class=\"vce-text-block\"><div class=\"vce-text-block-wrapper vce\" id=\"el-d91dd10f\" data-vce-do-apply=\"all el-d91dd10f\"><h2>L'amelioration continue, une seconde nature<\/h2><p>Le laboratoire est engag\u00e9 depuis ses d\u00e9buts et est tr\u00e8s fortement impliqu\u00e9, dans la politique qualit\u00e9 : satisfaire nos clients, assurer une tra\u00e7abilit\u00e9 infaillible et beaucoup d'autres motifs nous ont conduit \u00e0 d\u00e9velopper un syst\u00e8me de management de la qualit\u00e9 superposant les contraintes positives de plusieurs r\u00e9f\u00e9rentiels.<\/p><\/div><\/div><\/div><\/div><\/div><\/div><\/div><\/div><\/div><\/div><\/div><\/div><\/div><\/div><div class=\"vce-row-container\"><div class=\"vce-row vce-row--col-gap-25 vce-row-content--top vcv-state--show-resizer\" data-vce-full-width=\"true\" id=\"el-23a87765\" data-vce-do-apply=\"all el-23a87765\"><div class=\"vce-row-content\" data-vce-element-content=\"true\"><div class=\"vce-col vce-col--md-auto vce-col--xs-1 vce-col--xs-last vce-col--xs-first vce-col--sm-last vce-col--sm-first vce-col--md-first vce-col--lg-first vce-col--xl-first\" id=\"el-f8ec66b4\"><div class=\"vce-col-inner\" data-vce-do-apply=\"border margin background  el-f8ec66b4\"><div class=\"vce-content-background-container\"><div class=\"vce-asset-color-gradient-container vce-visible-all-only\" data-vce-do-apply=\"gradient el-f8ec66b4\"><\/div><\/div><div class=\"vce-col-content\" data-vce-element-content=\"true\" data-vce-do-apply=\"padding el-f8ec66b4\"><div class=\"vce-text-block\"><div class=\"vce-text-block-wrapper vce\" id=\"el-16d47136\" data-vce-do-apply=\"all el-16d47136\"><h2 style=\"text-align: center;\">reconnaissance B.P.L.<\/h2>\n<h3 style=\"text-align: center;\">\"Produits chimiques\"<\/h3><\/div><\/div><div class=\"vce-text-block\"><div class=\"vce-text-block-wrapper vce\" id=\"el-2859ca39\" data-vce-do-apply=\"all el-2859ca39\"><p>Reconnu B.P.L. depuis 1999 sur les <span style=\"text-decoration: underline;\"><span style=\"text-decoration: underline;\"><a href=\"http:\/\/www.girpa.fr\/index.php\/les-domaines-05-06-08\/\">trois domaines<\/a>&nbsp;:<\/span><\/span><\/p><ul><li>01, stabilit\u00e9 au stockage \u00e0 -20\u00b0C ;<\/li><li>05, eau - air - sol<\/li><li>06, essais r\u00e9sidus ;<\/li><li>08, validation de m\u00e9thodes.<\/li><\/ul><p>Le syst\u00e8me est largement \u00e9prouv\u00e9 et nous sommes \u00e0 m\u00eame de prendre la direction d'\u00e9tudes ou la responsabilit\u00e9 principale de la phase analytique. Nous avons l'habitude de fonctionner avec de nombreux organisateurs d'essais non int\u00e9gr\u00e9s ou int\u00e9gr\u00e9s.<\/p><\/div><\/div><\/div><\/div><\/div><div class=\"vce-col vce-col--md-auto vce-col--xs-1 vce-col--xs-last vce-col--xs-first vce-col--sm-last vce-col--sm-first\" id=\"el-59d37884\"><div class=\"vce-col-inner\" data-vce-do-apply=\"border margin background  el-59d37884\"><div class=\"vce-content-background-container\"><div class=\"vce-asset-color-gradient-container vce-visible-all-only\" data-vce-do-apply=\"gradient el-59d37884\"><\/div><\/div><div class=\"vce-col-content\" data-vce-element-content=\"true\" data-vce-do-apply=\"padding el-59d37884\"><div class=\"vce-text-block\"><div class=\"vce-text-block-wrapper vce\" id=\"el-6858f7ef\" data-vce-do-apply=\"all el-6858f7ef\"><h2 style=\"text-align: center;\">accr\u00e9ditation cofrac<\/h2><h3 style=\"text-align: center;\">Essais <span style=\"font-size: 10pt;\"><em>port\u00e9e disponible sur <a href=\"http:\/\/www.cofrac.fr\">www.cofrac.fr <\/a><\/em><\/span><\/h3><\/div><\/div><div class=\"vce-text-block\"><div class=\"vce-text-block-wrapper vce\" id=\"el-c0140760\" data-vce-do-apply=\"all el-c0140760\"><p>Accr\u00e9dit\u00e9s depuis 2005 en port\u00e9e flexible, nous sommes reconnus pour notre capacit\u00e9 \u00e0 d\u00e9velopper et valider des m\u00e9thodes de dosage. Cette port\u00e9e flexible nous permet de pouvoir incr\u00e9menter rapidement un param\u00e8tre, une m\u00e9thode \u00e0 partir du moment o\u00f9 cela reste dans notre domaine de comp\u00e9tences d\u00e9finies...<\/p><ul><li>Dosage de produits phytopharmaceutiques en m\u00e9thode multir\u00e9sidus sur v\u00e9g\u00e9taux, huiles v\u00e9g\u00e9tales, PPAM, eaux, produits laitiers, miel, c\u00e9r\u00e9ales<\/li><li>Dosage sp\u00e9cifique du glyphosate, glufosinate, \u00e9tephon, fosetyl Al, dithiocarbamates<\/li><\/ul><\/div><\/div><\/div><\/div><\/div><div class=\"vce-col vce-col--md-auto vce-col--xs-1 vce-col--xs-last vce-col--xs-first vce-col--sm-last vce-col--sm-first vce-col--md-last vce-col--lg-last vce-col--xl-last\" id=\"el-2e0b9663\"><div class=\"vce-col-inner\" data-vce-do-apply=\"border margin background  el-2e0b9663\"><div class=\"vce-content-background-container\"><div class=\"vce-asset-color-gradient-container vce-visible-all-only\" data-vce-do-apply=\"gradient el-2e0b9663\"><\/div><\/div><div class=\"vce-col-content\" data-vce-element-content=\"true\" data-vce-do-apply=\"padding el-2e0b9663\"><div class=\"vce-text-block\"><div class=\"vce-text-block-wrapper vce\" id=\"el-21e432fa\" data-vce-do-apply=\"all el-21e432fa\"><h2 style=\"text-align: center;\">agr\u00e9ments<\/h2><h3 style=\"text-align: center;\">Minist\u00e8re de l'Agriculture<\/h3><\/div><\/div><div class=\"vce-text-block\"><div class=\"vce-text-block-wrapper vce\" id=\"el-1021c015\" data-vce-do-apply=\"all el-1021c015\"><p>En tant qu'ancien laboratoire de la Direction G\u00e9n\u00e9rale de l'Alimentation (DGAl) nous avons une position assez strat\u00e9gique dans la relation avec les officiels du minist\u00e8re.<\/p><p>Nous avons \u00e0 ce jour quatre agr\u00e9ments qui d\u00e9finissent notre p\u00e9rim\u00e8tre d'action pour le minist\u00e8re :<\/p><ul><li>Agr\u00e9\u00e9 pour l'analyse de type multir\u00e9sidus sur les productions v\u00e9g\u00e9tales,<\/li><li>Agr\u00e9\u00e9 pour l'analyse par m\u00e9thodes sp\u00e9cifiques sur les productions v\u00e9g\u00e9tales,<\/li><li>Agr\u00e9\u00e9 pour l'analyse des abeilles dans le cadre de mortalit\u00e9s massives,<\/li><li>Agr\u00e9\u00e9 pour l'analyse sp\u00e9cifique de la chlord\u00e9cone.<\/li><\/ul><\/div><\/div><\/div><\/div><\/div><\/div><\/div><\/div><div class=\"vce-row-container\" data-vce-boxed-width=\"true\"><div class=\"vce-row vce-row--col-gap-30 vce-row-content--top\" id=\"el-d71873b9\" data-vce-do-apply=\"all el-d71873b9\"><div class=\"vce-row-content\" data-vce-element-content=\"true\"><div class=\"vce-col vce-col--md-auto vce-col--xs-1 vce-col--xs-last vce-col--xs-first vce-col--sm-last vce-col--sm-first vce-col--md-last vce-col--lg-last vce-col--xl-last vce-col--md-first vce-col--lg-first vce-col--xl-first\" id=\"el-1c6d2a3d\"><div class=\"vce-col-inner\" data-vce-do-apply=\"border margin background  el-1c6d2a3d\"><div class=\"vce-col-content\" data-vce-element-content=\"true\" data-vce-do-apply=\"padding el-1c6d2a3d\"><div class=\"vce-text-block\"><div class=\"vce-text-block-wrapper vce\" id=\"el-ab5e5c62\" data-vce-do-apply=\"all el-ab5e5c62\"><h2 style=\"text-align: center;\">LES LABELS ET ENGAGEMENT QUALIT\u00c9<\/h2><\/div><\/div><\/div><\/div><\/div><\/div><\/div><\/div><div class=\"vce-row-container\" data-vce-boxed-width=\"true\"><div class=\"vce-row vce-row--col-gap-30 vce-row-content--top\" id=\"el-a1966329\" data-vce-do-apply=\"all el-a1966329\"><div class=\"vce-row-content\" data-vce-element-content=\"true\"><div class=\"vce-col vce-col--md-auto vce-col--xs-1 vce-col--xs-last vce-col--xs-first vce-col--sm-last vce-col--sm-first vce-col--md-last vce-col--lg-last vce-col--xl-last vce-col--md-first vce-col--lg-first vce-col--xl-first\" id=\"el-efdef136\"><div class=\"vce-col-inner\" data-vce-do-apply=\"border margin background  el-efdef136\"><div class=\"vce-col-content\" data-vce-element-content=\"true\" data-vce-do-apply=\"padding el-efdef136\"><div class=\"vce-text-block\"><div class=\"vce-text-block-wrapper vce\" id=\"el-d81a68fc\" data-vce-do-apply=\"all el-d81a68fc\"><p><div class='white' style='background:rgba(0,0,0,0); border:solid 0px rgba(0,0,0,0); border-radius:0px; padding:0px 0px 0px 0px;'>\n<div id='slider_1505' class='owl-carousel sa_owl_theme owl-pagination-true autohide-arrows' data-slider-id='slider_1505' style='visibility:hidden;'>\n<div id='slider_1505_slide01' class='sa_hover_container' style='padding:5% 5%; margin:0px 0%; '><p><a href=\"https:\/\/www.nouveaux-champs.fr\/\" target=\"_blank\" rel=\"noopener\"><img class=\"alignnone size-full wp-image-1048\" src=\"https:\/\/www.girpa.fr\/wp-content\/uploads\/2020\/07\/ZRP.png\" alt=\"logo z\u00e9ro r\u00e9sidu de pesticides\" width=\"205\" height=\"245\" \/><\/a><\/p><\/div>\n<div id='slider_1505_slide02' class='sa_hover_container' style='padding:5% 5%; margin:0px 0%; '><p><a href=\"https:\/\/felpartenariat.eu\/\" target=\"_blank\" rel=\"noopener\"><img class=\"alignnone size-full wp-image-1049\" src=\"https:\/\/www.girpa.fr\/wp-content\/uploads\/2020\/07\/fel.jpg\" alt=\"Logo Fel partenariat\" width=\"163\" height=\"158\" \/><\/a><\/p><\/div>\n<div id='slider_1505_slide03' class='sa_hover_container' style='padding:5% 5%; margin:0px 0%; '><p><a href=\"https:\/\/www.inao.gouv.fr\/\" target=\"_blank\" rel=\"noopener\"><img class=\"alignnone size-full wp-image-1053\" src=\"https:\/\/www.girpa.fr\/wp-content\/uploads\/2020\/07\/inao.jpg\" alt=\"Logo Institut national de l'origine et de la qualit\u00e9\" width=\"284\" height=\"177\" \/><\/a><\/p><\/div>\n<div id='slider_1505_slide04' class='sa_hover_container' style='padding:5% 5%; margin:0px 0%; '><p><a href=\"http:\/\/www.pommespoires.fr\/\" target=\"_blank\" rel=\"noopener\"><img class=\"alignnone size-full wp-image-1051\" src=\"https:\/\/www.girpa.fr\/wp-content\/uploads\/2020\/07\/ANPP.png\" alt=\"Logo association pomme poire\" width=\"279\" height=\"180\" \/><\/a><\/p><\/div>\n<div id='slider_1505_slide05' class='sa_hover_container' style='padding:5% 5%; margin:0px 0%; '><p><a href=\"https:\/\/www.vignevin.com\/\" target=\"_blank\" rel=\"noopener\"><img class=\"alignnone size-full wp-image-1054\" src=\"https:\/\/www.girpa.fr\/wp-content\/uploads\/2020\/07\/IFV.jpg\" alt=\"Logo IFV\" width=\"299\" height=\"169\" \/><\/a><\/p><\/div>\n<\/div>\n<\/div>\n<script type='text\/javascript'>\n\tjQuery(document).ready(function() {\n\t\tjQuery('#slider_1505').owlCarousel({\n\t\t\tresponsive:{\n\t\t\t\t0:{ items:1 },\n\t\t\t\t480:{ items:1 },\n\t\t\t\t768:{ items:2 },\n\t\t\t\t980:{ items:3 },\n\t\t\t\t1200:{ items:3 },\n\t\t\t\t1500:{ items:3 }\n\t\t\t},\n\t\t\tautoplay : true,\n\t\t\tautoplayTimeout : 4100,\n\t\t\tautoplayHoverPause : true,\n\t\t\tsmartSpeed : 400,\n\t\t\tfluidSpeed : 400,\n\t\t\tautoplaySpeed : 400,\n\t\t\tnavSpeed : 400,\n\t\t\tdotsSpeed : 400,\n\t\t\tloop : true,\n\t\t\tnav : true,\n\t\t\tnavText : ['Previous','Next'],\n\t\t\tdots : true,\n\t\t\tresponsiveRefreshRate : 200,\n\t\t\tslideBy : 2,\n\t\t\tmergeFit : true,\n\t\t\tautoHeight : false,\n\t\t\tmouseDrag : false,\n\t\t\ttouchDrag : true\n\t\t});\n\t\tjQuery('#slider_1505').css('visibility', 'visible');\n\t\tsa_resize_slider_1505();\n\t\twindow.addEventListener('resize', sa_resize_slider_1505);\n\t\tfunction sa_resize_slider_1505() {\n\t\t\tvar min_height = '50';\n\t\t\tvar win_width = jQuery(window).width();\n\t\t\tvar slider_width = jQuery('#slider_1505').width();\n\t\t\tif (win_width < 480) {\n\t\t\t\tvar slide_width = slider_width \/ 1;\n\t\t\t} else if (win_width < 768) {\n\t\t\t\tvar slide_width = slider_width \/ 1;\n\t\t\t} else if (win_width < 980) {\n\t\t\t\tvar slide_width = slider_width \/ 2;\n\t\t\t} else if (win_width < 1200) {\n\t\t\t\tvar slide_width = slider_width \/ 3;\n\t\t\t} else if (win_width < 1500) {\n\t\t\t\tvar slide_width = slider_width \/ 3;\n\t\t\t} else {\n\t\t\t\tvar slide_width = slider_width \/ 3;\n\t\t\t}\n\t\t\tslide_width = Math.round(slide_width);\n\t\t\tvar slide_height = '0';\n\t\t\tif (min_height == 'aspect43') {\n\t\t\t\tslide_height = (slide_width \/ 4) * 3;\t\t\t\tslide_height = Math.round(slide_height);\n\t\t\t} else if (min_height == 'aspect169') {\n\t\t\t\tslide_height = (slide_width \/ 16) * 9;\t\t\t\tslide_height = Math.round(slide_height);\n\t\t\t} else {\n\t\t\t\tslide_height = (slide_width \/ 100) * min_height;\t\t\t\tslide_height = Math.round(slide_height);\n\t\t\t}\n\t\t\tjQuery('#slider_1505 .owl-item .sa_hover_container').css('min-height', slide_height+'px');\n\t\t}\n\t\tvar owl_goto = jQuery('#slider_1505');\n\t\tjQuery('.slider_1505_goto1').click(function(event){\n\t\t\towl_goto.trigger('to.owl.carousel', 0);\n\t\t});\n\t\tjQuery('.slider_1505_goto2').click(function(event){\n\t\t\towl_goto.trigger('to.owl.carousel', 1);\n\t\t});\n\t\tjQuery('.slider_1505_goto3').click(function(event){\n\t\t\towl_goto.trigger('to.owl.carousel', 2);\n\t\t});\n\t\tjQuery('.slider_1505_goto4').click(function(event){\n\t\t\towl_goto.trigger('to.owl.carousel', 3);\n\t\t});\n\t\tjQuery('.slider_1505_goto5').click(function(event){\n\t\t\towl_goto.trigger('to.owl.carousel', 4);\n\t\t});\n\t\tvar resize_1505 = jQuery('.owl-carousel');\n\t\tresize_1505.on('initialized.owl.carousel', function(e) {\n\t\t\tif (typeof(Event) === 'function') {\n\t\t\t\twindow.dispatchEvent(new Event('resize'));\n\t\t\t} else {\n\t\t\t\tvar evt = window.document.createEvent('UIEvents');\n\t\t\t\tevt.initUIEvent('resize', true, false, window, 0);\n\t\t\t\twindow.dispatchEvent(evt);\n\t\t\t}\n\t\t});\n\t});\n<\/script>\n &nbsp; &nbsp;<\/p><\/div><\/div><\/div><\/div><\/div><\/div><\/div><\/div>\n","protected":false},"excerpt":{"rendered":"<p>L&rsquo;amelioration continue, une seconde natureLe laboratoire est engag\u00e9 depuis ses d\u00e9buts et est tr\u00e8s fortement impliqu\u00e9, dans la politique qualit\u00e9 : satisfaire nos clients, assurer une tra\u00e7abilit\u00e9 infaillible et beaucoup d&rsquo;autres motifs nous ont conduit \u00e0 d\u00e9velopper un syst\u00e8me de [&hellip;]<\/p>\n","protected":false},"author":1,"featured_media":0,"parent":0,"menu_order":0,"comment_status":"closed","ping_status":"closed","template":"","meta":{"_monsterinsights_skip_tracking":false,"_monsterinsights_sitenote_active":false,"_monsterinsights_sitenote_note":"","_monsterinsights_sitenote_category":0,"footnotes":""},"class_list":["post-65","page","type-page","status-publish","hentry"],"yoast_head":"<!-- This site is optimized with the Yoast SEO plugin v27.4 - https:\/\/yoast.com\/product\/yoast-seo-wordpress\/ -->\n<title>Laboratoire Girpa - Proc\u00e9dures qualit\u00e9<\/title>\n<meta name=\"description\" content=\"Le laboratoire GIRPA est fortement impliqu\u00e9 dans la politique qualit\u00e9 : satisfaire nos clients, assurer une tra\u00e7abilit\u00e9 infaillible\" \/>\n<meta name=\"robots\" content=\"index, follow, max-snippet:-1, max-image-preview:large, max-video-preview:-1\" \/>\n<link rel=\"canonical\" href=\"https:\/\/www.girpa.fr\/index.php\/qualite\/\" \/>\n<meta property=\"og:locale\" content=\"fr_FR\" \/>\n<meta property=\"og:type\" content=\"article\" \/>\n<meta property=\"og:title\" content=\"Laboratoire Girpa - Proc\u00e9dures qualit\u00e9\" \/>\n<meta property=\"og:description\" content=\"Le laboratoire GIRPA est fortement impliqu\u00e9 dans la politique qualit\u00e9 : satisfaire nos clients, assurer une tra\u00e7abilit\u00e9 infaillible\" \/>\n<meta property=\"og:url\" content=\"https:\/\/www.girpa.fr\/index.php\/qualite\/\" \/>\n<meta property=\"og:site_name\" content=\"Girpa\" \/>\n<meta property=\"article:modified_time\" content=\"2022-01-11T15:41:24+00:00\" \/>\n<meta name=\"twitter:card\" content=\"summary_large_image\" \/>\n<meta name=\"twitter:label1\" content=\"Dur\u00e9e de lecture estim\u00e9e\" \/>\n\t<meta name=\"twitter:data1\" content=\"2 minutes\" \/>\n<script type=\"application\/ld+json\" class=\"yoast-schema-graph\">{\"@context\":\"https:\\\/\\\/schema.org\",\"@graph\":[{\"@type\":\"WebPage\",\"@id\":\"https:\\\/\\\/www.girpa.fr\\\/index.php\\\/qualite\\\/\",\"url\":\"https:\\\/\\\/www.girpa.fr\\\/index.php\\\/qualite\\\/\",\"name\":\"Laboratoire Girpa - Proc\u00e9dures qualit\u00e9\",\"isPartOf\":{\"@id\":\"https:\\\/\\\/www.girpa.fr\\\/#website\"},\"datePublished\":\"2019-03-22T14:53:06+00:00\",\"dateModified\":\"2022-01-11T15:41:24+00:00\",\"description\":\"Le laboratoire GIRPA est fortement impliqu\u00e9 dans la politique qualit\u00e9 : satisfaire nos clients, assurer une tra\u00e7abilit\u00e9 infaillible\",\"breadcrumb\":{\"@id\":\"https:\\\/\\\/www.girpa.fr\\\/index.php\\\/qualite\\\/#breadcrumb\"},\"inLanguage\":\"fr-FR\",\"potentialAction\":[{\"@type\":\"ReadAction\",\"target\":[\"https:\\\/\\\/www.girpa.fr\\\/index.php\\\/qualite\\\/\"]}]},{\"@type\":\"BreadcrumbList\",\"@id\":\"https:\\\/\\\/www.girpa.fr\\\/index.php\\\/qualite\\\/#breadcrumb\",\"itemListElement\":[{\"@type\":\"ListItem\",\"position\":1,\"name\":\"Accueil\",\"item\":\"https:\\\/\\\/www.girpa.fr\\\/\"},{\"@type\":\"ListItem\",\"position\":2,\"name\":\"QUALITE\"}]},{\"@type\":\"WebSite\",\"@id\":\"https:\\\/\\\/www.girpa.fr\\\/#website\",\"url\":\"https:\\\/\\\/www.girpa.fr\\\/\",\"name\":\"Girpa\",\"description\":\"Laboratoire d&#039;analyse de r\u00e9sidus de contaminants\",\"publisher\":{\"@id\":\"https:\\\/\\\/www.girpa.fr\\\/#organization\"},\"potentialAction\":[{\"@type\":\"SearchAction\",\"target\":{\"@type\":\"EntryPoint\",\"urlTemplate\":\"https:\\\/\\\/www.girpa.fr\\\/?s={search_term_string}\"},\"query-input\":{\"@type\":\"PropertyValueSpecification\",\"valueRequired\":true,\"valueName\":\"search_term_string\"}}],\"inLanguage\":\"fr-FR\"},{\"@type\":\"Organization\",\"@id\":\"https:\\\/\\\/www.girpa.fr\\\/#organization\",\"name\":\"Laboratoire Girpa\",\"url\":\"https:\\\/\\\/www.girpa.fr\\\/\",\"logo\":{\"@type\":\"ImageObject\",\"inLanguage\":\"fr-FR\",\"@id\":\"https:\\\/\\\/www.girpa.fr\\\/#\\\/schema\\\/logo\\\/image\\\/\",\"url\":\"https:\\\/\\\/www.girpa.fr\\\/wp-content\\\/uploads\\\/2020\\\/08\\\/logo-avec-baseline.png\",\"contentUrl\":\"https:\\\/\\\/www.girpa.fr\\\/wp-content\\\/uploads\\\/2020\\\/08\\\/logo-avec-baseline.png\",\"width\":1672,\"height\":454,\"caption\":\"Laboratoire Girpa\"},\"image\":{\"@id\":\"https:\\\/\\\/www.girpa.fr\\\/#\\\/schema\\\/logo\\\/image\\\/\"}}]}<\/script>\n<!-- \/ Yoast SEO plugin. -->","yoast_head_json":{"title":"Laboratoire Girpa - Proc\u00e9dures qualit\u00e9","description":"Le laboratoire GIRPA est fortement impliqu\u00e9 dans la politique qualit\u00e9 : satisfaire nos clients, assurer une tra\u00e7abilit\u00e9 infaillible","robots":{"index":"index","follow":"follow","max-snippet":"max-snippet:-1","max-image-preview":"max-image-preview:large","max-video-preview":"max-video-preview:-1"},"canonical":"https:\/\/www.girpa.fr\/index.php\/qualite\/","og_locale":"fr_FR","og_type":"article","og_title":"Laboratoire Girpa - Proc\u00e9dures qualit\u00e9","og_description":"Le laboratoire GIRPA est fortement impliqu\u00e9 dans la politique qualit\u00e9 : satisfaire nos clients, assurer une tra\u00e7abilit\u00e9 infaillible","og_url":"https:\/\/www.girpa.fr\/index.php\/qualite\/","og_site_name":"Girpa","article_modified_time":"2022-01-11T15:41:24+00:00","twitter_card":"summary_large_image","twitter_misc":{"Dur\u00e9e de lecture estim\u00e9e":"2 minutes"},"schema":{"@context":"https:\/\/schema.org","@graph":[{"@type":"WebPage","@id":"https:\/\/www.girpa.fr\/index.php\/qualite\/","url":"https:\/\/www.girpa.fr\/index.php\/qualite\/","name":"Laboratoire Girpa - Proc\u00e9dures qualit\u00e9","isPartOf":{"@id":"https:\/\/www.girpa.fr\/#website"},"datePublished":"2019-03-22T14:53:06+00:00","dateModified":"2022-01-11T15:41:24+00:00","description":"Le laboratoire GIRPA est fortement impliqu\u00e9 dans la politique qualit\u00e9 : satisfaire nos clients, assurer une tra\u00e7abilit\u00e9 infaillible","breadcrumb":{"@id":"https:\/\/www.girpa.fr\/index.php\/qualite\/#breadcrumb"},"inLanguage":"fr-FR","potentialAction":[{"@type":"ReadAction","target":["https:\/\/www.girpa.fr\/index.php\/qualite\/"]}]},{"@type":"BreadcrumbList","@id":"https:\/\/www.girpa.fr\/index.php\/qualite\/#breadcrumb","itemListElement":[{"@type":"ListItem","position":1,"name":"Accueil","item":"https:\/\/www.girpa.fr\/"},{"@type":"ListItem","position":2,"name":"QUALITE"}]},{"@type":"WebSite","@id":"https:\/\/www.girpa.fr\/#website","url":"https:\/\/www.girpa.fr\/","name":"Girpa","description":"Laboratoire d&#039;analyse de r\u00e9sidus de contaminants","publisher":{"@id":"https:\/\/www.girpa.fr\/#organization"},"potentialAction":[{"@type":"SearchAction","target":{"@type":"EntryPoint","urlTemplate":"https:\/\/www.girpa.fr\/?s={search_term_string}"},"query-input":{"@type":"PropertyValueSpecification","valueRequired":true,"valueName":"search_term_string"}}],"inLanguage":"fr-FR"},{"@type":"Organization","@id":"https:\/\/www.girpa.fr\/#organization","name":"Laboratoire Girpa","url":"https:\/\/www.girpa.fr\/","logo":{"@type":"ImageObject","inLanguage":"fr-FR","@id":"https:\/\/www.girpa.fr\/#\/schema\/logo\/image\/","url":"https:\/\/www.girpa.fr\/wp-content\/uploads\/2020\/08\/logo-avec-baseline.png","contentUrl":"https:\/\/www.girpa.fr\/wp-content\/uploads\/2020\/08\/logo-avec-baseline.png","width":1672,"height":454,"caption":"Laboratoire Girpa"},"image":{"@id":"https:\/\/www.girpa.fr\/#\/schema\/logo\/image\/"}}]}},"_links":{"self":[{"href":"https:\/\/www.girpa.fr\/index.php\/wp-json\/wp\/v2\/pages\/65","targetHints":{"allow":["GET"]}}],"collection":[{"href":"https:\/\/www.girpa.fr\/index.php\/wp-json\/wp\/v2\/pages"}],"about":[{"href":"https:\/\/www.girpa.fr\/index.php\/wp-json\/wp\/v2\/types\/page"}],"author":[{"embeddable":true,"href":"https:\/\/www.girpa.fr\/index.php\/wp-json\/wp\/v2\/users\/1"}],"replies":[{"embeddable":true,"href":"https:\/\/www.girpa.fr\/index.php\/wp-json\/wp\/v2\/comments?post=65"}],"version-history":[{"count":31,"href":"https:\/\/www.girpa.fr\/index.php\/wp-json\/wp\/v2\/pages\/65\/revisions"}],"predecessor-version":[{"id":2990,"href":"https:\/\/www.girpa.fr\/index.php\/wp-json\/wp\/v2\/pages\/65\/revisions\/2990"}],"wp:attachment":[{"href":"https:\/\/www.girpa.fr\/index.php\/wp-json\/wp\/v2\/media?parent=65"}],"curies":[{"name":"wp","href":"https:\/\/api.w.org\/{rel}","templated":true}]}}