{"id":710,"date":"2020-06-19T13:02:42","date_gmt":"2020-06-19T11:02:42","guid":{"rendered":"http:\/\/girpaovhml.cluster027.hosting.ovh.net\/?page_id=710"},"modified":"2021-03-22T11:22:27","modified_gmt":"2021-03-22T10:22:27","slug":"brouillon-auto-5","status":"publish","type":"page","link":"https:\/\/www.girpa.fr\/index.php\/la-rd\/brouillon-auto-5\/","title":{"rendered":"VALIDATION DE METHODES ANALYTIQUES"},"content":{"rendered":"<div class=\"vce-row-container\"><div class=\"vce-row vce-row--col-gap-30 vce-row-columns--top vce-row-content--top\" id=\"el-a356949e\" data-vce-do-apply=\"all el-a356949e\"><div class=\"vce-row-content\" data-vce-element-content=\"true\"><div class=\"vce-col vce-col--md-auto vce-col--xs-1 vce-col--xs-last vce-col--xs-first vce-col--sm-last vce-col--sm-first vce-col--md-last vce-col--lg-last vce-col--xl-last vce-col--md-first vce-col--lg-first vce-col--xl-first\" id=\"el-7fa69828\"><div class=\"vce-col-inner\" data-vce-do-apply=\"border margin background  el-7fa69828\"><div class=\"vce-col-content\" data-vce-element-content=\"true\" data-vce-do-apply=\"padding el-7fa69828\"><div class=\"vce-text-block\"><div class=\"vce-text-block-wrapper vce\" id=\"el-5dadb9ca\" data-vce-do-apply=\"all el-5dadb9ca\"><h2>guidelines - normes ... un choix pl\u00e9thorique<\/h2><p>La validation de m\u00e9thodes est l'examen par des tests approfondis que les performances de cette derni\u00e8re sont en phases avec les exigences li\u00e9es \u00e0 l'utilisation de la m\u00e9thode. Il existe de nombreux mod\u00e8les de validation et le laboratoire GIRPA en utilise un certain nombre en fonction du cadre de l'analyse :<\/p><ul><li>SANCO 825.00 dans un cadre de pr\u00e9-homologation sous B.P.L.<\/li><li>SANCO 3029.99 dans un cadre de post-homologation sous B.P.L. (en projet de regroupement avec la 825.00)<\/li><li>SANTE 12682 pour une analyse men\u00e9e dans un cadre de contr\u00f4le officiel (Minist\u00e8re de l'Agriculture, Union europ\u00e9enne)<\/li><li>SANCO 3030.99 pour les substances actives dans les sp\u00e9cialit\u00e9s sous B.P.L.<\/li><li>NF VO3-110 pour la validation des contaminants dans les denr\u00e9es agricoles et alimentaires<\/li><li>NF T 90-210 pour la validation des contaminants dans l'eau<\/li><li>VICH GL49 pour les m\u00e9dicaments v\u00e9t\u00e9rinaires (m\u00e9tabolisme et cin\u00e9tique)<\/li><li>M10 pour les m\u00e9dicaments v\u00e9t\u00e9rinaires, drogues... d\u00e9di\u00e9s aux USA<\/li><\/ul><p>NOUS RESTONS DISPONIBLES POUR ENVISAGER LE MEILLEUR PROTOCOLE AFIN DE FACILITER LA VIE DE VOS DOSSIERS<\/p><\/div><\/div><\/div><\/div><\/div><\/div><\/div><\/div>\n","protected":false},"excerpt":{"rendered":"<p>guidelines &#8211; normes &#8230; un choix pl\u00e9thoriqueLa validation de m\u00e9thodes est l&rsquo;examen par des tests approfondis que les performances de cette derni\u00e8re sont en phases avec les exigences li\u00e9es \u00e0 l&rsquo;utilisation de la m\u00e9thode. Il existe de nombreux mod\u00e8les de [&hellip;]<\/p>\n","protected":false},"author":2,"featured_media":0,"parent":23,"menu_order":0,"comment_status":"closed","ping_status":"closed","template":"","meta":{"_monsterinsights_skip_tracking":false,"_monsterinsights_sitenote_active":false,"_monsterinsights_sitenote_note":"","_monsterinsights_sitenote_category":0,"footnotes":""},"class_list":["post-710","page","type-page","status-publish","hentry"],"yoast_head":"<!-- This site is optimized with the Yoast SEO plugin v27.4 - https:\/\/yoast.com\/product\/yoast-seo-wordpress\/ -->\n<title>VALIDATION DE METHODES ANALYTIQUES - Girpa<\/title>\n<meta name=\"robots\" content=\"index, follow, max-snippet:-1, max-image-preview:large, max-video-preview:-1\" \/>\n<link rel=\"canonical\" href=\"https:\/\/www.girpa.fr\/index.php\/la-rd\/brouillon-auto-5\/\" \/>\n<meta property=\"og:locale\" content=\"fr_FR\" \/>\n<meta property=\"og:type\" content=\"article\" \/>\n<meta property=\"og:title\" content=\"VALIDATION DE METHODES ANALYTIQUES - Girpa\" \/>\n<meta property=\"og:description\" content=\"guidelines - normes ... un choix pl\u00e9thoriqueLa validation de m\u00e9thodes est l&#039;examen par des tests approfondis que les performances de cette derni\u00e8re sont en phases avec les exigences li\u00e9es \u00e0 l&#039;utilisation de la m\u00e9thode. Il existe de nombreux mod\u00e8les de [&hellip;]\" \/>\n<meta property=\"og:url\" content=\"https:\/\/www.girpa.fr\/index.php\/la-rd\/brouillon-auto-5\/\" \/>\n<meta property=\"og:site_name\" content=\"Girpa\" \/>\n<meta property=\"article:modified_time\" content=\"2021-03-22T10:22:27+00:00\" \/>\n<meta name=\"twitter:card\" content=\"summary_large_image\" \/>\n<meta name=\"twitter:label1\" content=\"Dur\u00e9e de lecture estim\u00e9e\" \/>\n\t<meta name=\"twitter:data1\" content=\"1 minute\" \/>\n<script type=\"application\/ld+json\" class=\"yoast-schema-graph\">{\"@context\":\"https:\\\/\\\/schema.org\",\"@graph\":[{\"@type\":\"WebPage\",\"@id\":\"https:\\\/\\\/www.girpa.fr\\\/index.php\\\/la-rd\\\/brouillon-auto-5\\\/\",\"url\":\"https:\\\/\\\/www.girpa.fr\\\/index.php\\\/la-rd\\\/brouillon-auto-5\\\/\",\"name\":\"VALIDATION DE METHODES ANALYTIQUES - Girpa\",\"isPartOf\":{\"@id\":\"https:\\\/\\\/www.girpa.fr\\\/#website\"},\"datePublished\":\"2020-06-19T11:02:42+00:00\",\"dateModified\":\"2021-03-22T10:22:27+00:00\",\"breadcrumb\":{\"@id\":\"https:\\\/\\\/www.girpa.fr\\\/index.php\\\/la-rd\\\/brouillon-auto-5\\\/#breadcrumb\"},\"inLanguage\":\"fr-FR\",\"potentialAction\":[{\"@type\":\"ReadAction\",\"target\":[\"https:\\\/\\\/www.girpa.fr\\\/index.php\\\/la-rd\\\/brouillon-auto-5\\\/\"]}]},{\"@type\":\"BreadcrumbList\",\"@id\":\"https:\\\/\\\/www.girpa.fr\\\/index.php\\\/la-rd\\\/brouillon-auto-5\\\/#breadcrumb\",\"itemListElement\":[{\"@type\":\"ListItem\",\"position\":1,\"name\":\"Accueil\",\"item\":\"https:\\\/\\\/www.girpa.fr\\\/\"},{\"@type\":\"ListItem\",\"position\":2,\"name\":\"LA R&#038;D\",\"item\":\"https:\\\/\\\/www.girpa.fr\\\/index.php\\\/la-rd\\\/\"},{\"@type\":\"ListItem\",\"position\":3,\"name\":\"VALIDATION DE METHODES ANALYTIQUES\"}]},{\"@type\":\"WebSite\",\"@id\":\"https:\\\/\\\/www.girpa.fr\\\/#website\",\"url\":\"https:\\\/\\\/www.girpa.fr\\\/\",\"name\":\"Girpa\",\"description\":\"Laboratoire d&#039;analyse de r\u00e9sidus de contaminants\",\"publisher\":{\"@id\":\"https:\\\/\\\/www.girpa.fr\\\/#organization\"},\"potentialAction\":[{\"@type\":\"SearchAction\",\"target\":{\"@type\":\"EntryPoint\",\"urlTemplate\":\"https:\\\/\\\/www.girpa.fr\\\/?s={search_term_string}\"},\"query-input\":{\"@type\":\"PropertyValueSpecification\",\"valueRequired\":true,\"valueName\":\"search_term_string\"}}],\"inLanguage\":\"fr-FR\"},{\"@type\":\"Organization\",\"@id\":\"https:\\\/\\\/www.girpa.fr\\\/#organization\",\"name\":\"Laboratoire Girpa\",\"url\":\"https:\\\/\\\/www.girpa.fr\\\/\",\"logo\":{\"@type\":\"ImageObject\",\"inLanguage\":\"fr-FR\",\"@id\":\"https:\\\/\\\/www.girpa.fr\\\/#\\\/schema\\\/logo\\\/image\\\/\",\"url\":\"https:\\\/\\\/www.girpa.fr\\\/wp-content\\\/uploads\\\/2020\\\/08\\\/logo-avec-baseline.png\",\"contentUrl\":\"https:\\\/\\\/www.girpa.fr\\\/wp-content\\\/uploads\\\/2020\\\/08\\\/logo-avec-baseline.png\",\"width\":1672,\"height\":454,\"caption\":\"Laboratoire Girpa\"},\"image\":{\"@id\":\"https:\\\/\\\/www.girpa.fr\\\/#\\\/schema\\\/logo\\\/image\\\/\"}}]}<\/script>\n<!-- \/ Yoast SEO plugin. -->","yoast_head_json":{"title":"VALIDATION DE METHODES ANALYTIQUES - Girpa","robots":{"index":"index","follow":"follow","max-snippet":"max-snippet:-1","max-image-preview":"max-image-preview:large","max-video-preview":"max-video-preview:-1"},"canonical":"https:\/\/www.girpa.fr\/index.php\/la-rd\/brouillon-auto-5\/","og_locale":"fr_FR","og_type":"article","og_title":"VALIDATION DE METHODES ANALYTIQUES - Girpa","og_description":"guidelines - normes ... un choix pl\u00e9thoriqueLa validation de m\u00e9thodes est l'examen par des tests approfondis que les performances de cette derni\u00e8re sont en phases avec les exigences li\u00e9es \u00e0 l'utilisation de la m\u00e9thode. Il existe de nombreux mod\u00e8les de [&hellip;]","og_url":"https:\/\/www.girpa.fr\/index.php\/la-rd\/brouillon-auto-5\/","og_site_name":"Girpa","article_modified_time":"2021-03-22T10:22:27+00:00","twitter_card":"summary_large_image","twitter_misc":{"Dur\u00e9e de lecture estim\u00e9e":"1 minute"},"schema":{"@context":"https:\/\/schema.org","@graph":[{"@type":"WebPage","@id":"https:\/\/www.girpa.fr\/index.php\/la-rd\/brouillon-auto-5\/","url":"https:\/\/www.girpa.fr\/index.php\/la-rd\/brouillon-auto-5\/","name":"VALIDATION DE METHODES ANALYTIQUES - Girpa","isPartOf":{"@id":"https:\/\/www.girpa.fr\/#website"},"datePublished":"2020-06-19T11:02:42+00:00","dateModified":"2021-03-22T10:22:27+00:00","breadcrumb":{"@id":"https:\/\/www.girpa.fr\/index.php\/la-rd\/brouillon-auto-5\/#breadcrumb"},"inLanguage":"fr-FR","potentialAction":[{"@type":"ReadAction","target":["https:\/\/www.girpa.fr\/index.php\/la-rd\/brouillon-auto-5\/"]}]},{"@type":"BreadcrumbList","@id":"https:\/\/www.girpa.fr\/index.php\/la-rd\/brouillon-auto-5\/#breadcrumb","itemListElement":[{"@type":"ListItem","position":1,"name":"Accueil","item":"https:\/\/www.girpa.fr\/"},{"@type":"ListItem","position":2,"name":"LA R&#038;D","item":"https:\/\/www.girpa.fr\/index.php\/la-rd\/"},{"@type":"ListItem","position":3,"name":"VALIDATION DE METHODES ANALYTIQUES"}]},{"@type":"WebSite","@id":"https:\/\/www.girpa.fr\/#website","url":"https:\/\/www.girpa.fr\/","name":"Girpa","description":"Laboratoire d&#039;analyse de r\u00e9sidus de contaminants","publisher":{"@id":"https:\/\/www.girpa.fr\/#organization"},"potentialAction":[{"@type":"SearchAction","target":{"@type":"EntryPoint","urlTemplate":"https:\/\/www.girpa.fr\/?s={search_term_string}"},"query-input":{"@type":"PropertyValueSpecification","valueRequired":true,"valueName":"search_term_string"}}],"inLanguage":"fr-FR"},{"@type":"Organization","@id":"https:\/\/www.girpa.fr\/#organization","name":"Laboratoire Girpa","url":"https:\/\/www.girpa.fr\/","logo":{"@type":"ImageObject","inLanguage":"fr-FR","@id":"https:\/\/www.girpa.fr\/#\/schema\/logo\/image\/","url":"https:\/\/www.girpa.fr\/wp-content\/uploads\/2020\/08\/logo-avec-baseline.png","contentUrl":"https:\/\/www.girpa.fr\/wp-content\/uploads\/2020\/08\/logo-avec-baseline.png","width":1672,"height":454,"caption":"Laboratoire Girpa"},"image":{"@id":"https:\/\/www.girpa.fr\/#\/schema\/logo\/image\/"}}]}},"_links":{"self":[{"href":"https:\/\/www.girpa.fr\/index.php\/wp-json\/wp\/v2\/pages\/710","targetHints":{"allow":["GET"]}}],"collection":[{"href":"https:\/\/www.girpa.fr\/index.php\/wp-json\/wp\/v2\/pages"}],"about":[{"href":"https:\/\/www.girpa.fr\/index.php\/wp-json\/wp\/v2\/types\/page"}],"author":[{"embeddable":true,"href":"https:\/\/www.girpa.fr\/index.php\/wp-json\/wp\/v2\/users\/2"}],"replies":[{"embeddable":true,"href":"https:\/\/www.girpa.fr\/index.php\/wp-json\/wp\/v2\/comments?post=710"}],"version-history":[{"count":5,"href":"https:\/\/www.girpa.fr\/index.php\/wp-json\/wp\/v2\/pages\/710\/revisions"}],"predecessor-version":[{"id":2111,"href":"https:\/\/www.girpa.fr\/index.php\/wp-json\/wp\/v2\/pages\/710\/revisions\/2111"}],"up":[{"embeddable":true,"href":"https:\/\/www.girpa.fr\/index.php\/wp-json\/wp\/v2\/pages\/23"}],"wp:attachment":[{"href":"https:\/\/www.girpa.fr\/index.php\/wp-json\/wp\/v2\/media?parent=710"}],"curies":[{"name":"wp","href":"https:\/\/api.w.org\/{rel}","templated":true}]}}