{"id":803,"date":"2020-06-23T12:32:01","date_gmt":"2020-06-23T10:32:01","guid":{"rendered":"http:\/\/girpaovhml.cluster027.hosting.ovh.net\/?page_id=803"},"modified":"2021-03-22T11:27:16","modified_gmt":"2021-03-22T10:27:16","slug":"sols","status":"publish","type":"page","link":"https:\/\/www.girpa.fr\/index.php\/votre-besoin\/sols\/","title":{"rendered":"SOLS"},"content":{"rendered":"<div class=\"vce-row-container\"><div class=\"vce-row vce-row--col-gap-30 vce-row-columns--top vce-row-content--top\" data-vce-full-width=\"true\" data-vce-stretch-content=\"true\" id=\"el-d6eff32a\" data-vce-do-apply=\"all el-d6eff32a\"><div class=\"vce-content-background-container\"><\/div><div class=\"vce-row-content\" data-vce-element-content=\"true\"><div class=\"vce-col vce-col--md-auto vce-col--xs-1 vce-col--xs-last vce-col--xs-first vce-col--sm-last vce-col--sm-first vce-col--md-last vce-col--lg-last vce-col--xl-last vce-col--md-first vce-col--lg-first vce-col--xl-first\" id=\"el-de340003\"><div class=\"vce-col-inner\" data-vce-do-apply=\"border margin background  el-de340003\"><div class=\"vce-col-content\" data-vce-element-content=\"true\" data-vce-do-apply=\"padding el-de340003\"><div class=\"vce-text-block\"><div class=\"vce-text-block-wrapper vce\" id=\"el-d7816be0\" data-vce-do-apply=\"all el-d7816be0\"><h2 style=\"text-align: center;\"><span style=\"color: #ffffff;\"><span style=\"color: #008080; font-size: 24pt;\"><strong>LES MENUS PHARES...<\/strong><\/span><br><\/span><\/h2><\/div><\/div><div class=\"vce-row-container\"><div class=\"vce-row vce-row--col-gap-30 vce-row-columns--top vce-row-content--top\" id=\"el-73af8b92\" data-vce-do-apply=\"all el-73af8b92\"><div class=\"vce-row-content\" data-vce-element-content=\"true\"><div class=\"vce-col vce-col--md-auto vce-col--xs-1 vce-col--xs-last vce-col--xs-first vce-col--sm-last vce-col--sm-first vce-col--md-first vce-col--lg-first vce-col--xl-first\" id=\"el-cc2b1c3b\"><div class=\"vce-col-inner\" data-vce-do-apply=\"border margin background  el-cc2b1c3b\"><div class=\"vce-col-content\" data-vce-element-content=\"true\" data-vce-do-apply=\"padding el-cc2b1c3b\"><div class=\"vce-text-block\"><div class=\"vce-text-block-wrapper vce\" id=\"el-4e66bc59\" data-vce-do-apply=\"all el-4e66bc59\"><h2 style=\"text-align: right;\"><strong>analyses multir\u00e9sidus<br><\/strong><\/h2>\r\n<p style=\"text-align: right;\"><span style=\"font-size: 12pt;\">- Multir\u00e9sidus screening large \/ cibl\u00e9 \/ mono &nbsp; &nbsp; <br><\/span><\/p>\r\n<p style=\"text-align: right;\"><span style=\"font-size: 12pt;\">&nbsp;Multir\u00e9sidus sp\u00e9cifique chlor\u00e9s &nbsp; &nbsp;&nbsp;&nbsp;&nbsp; <br><\/span><\/p><\/div><\/div><div class=\"vce-text-block\"><div class=\"vce-text-block-wrapper vce\" id=\"el-50e7b7fb\" data-vce-do-apply=\"all el-50e7b7fb\"><h2 style=\"text-align: right;\"><strong>analyses sp\u00e9cifiques&nbsp;&nbsp;&nbsp;&nbsp;&nbsp;&nbsp; <br><\/strong><\/h2>\r\n<p style=\"text-align: right;\"><span style=\"font-size: 12pt;\">&nbsp;&nbsp;&nbsp; - Analyse ammoniums quaternaires&nbsp;&nbsp;&nbsp;&nbsp;&nbsp;&nbsp; <br><\/span><\/p>\r\n<p style=\"text-align: right;\"><span style=\"font-size: 12pt;\">&nbsp;&nbsp;&nbsp; - Analyse de chlordecone, et m\u00e9tabolites&nbsp;&nbsp;&nbsp;&nbsp; <br><\/span><\/p>\r\n<p style=\"text-align: right;\"><span style=\"font-size: 12pt;\">&nbsp; - Analyse de nitrate\/nitrite<\/span><\/p>\r\n<p><span style=\"font-size: 12pt;\">&nbsp;<\/span><\/p><\/div><\/div><\/div><\/div><\/div><div class=\"vce-col vce-col--md-auto vce-col--xs-1 vce-col--xs-last vce-col--xs-first vce-col--sm-last vce-col--sm-first vce-col--md-last vce-col--lg-last vce-col--xl-last\" id=\"el-d3602eab\"><div class=\"vce-col-inner\" data-vce-do-apply=\"border margin background  el-d3602eab\"><div class=\"vce-col-content\" data-vce-element-content=\"true\" data-vce-do-apply=\"padding el-d3602eab\"><div class=\"vce-single-image-container vce-single-image--align-left\"><div class=\"vce vce-single-image-wrapper\" id=\"el-7711dd94\" data-vce-do-apply=\"all el-7711dd94\"><figure><div class=\"vce-single-image-inner vce-single-image--absolute vce-single-image--border-round\" style=\"padding-bottom: 100%; width: 400px;\"><img class=\"vce-single-image\" width=\"400\" height=\"400\"src=\"https:\/\/www.girpa.fr\/wp-content\/uploads\/2020\/09\/solsb-e1596808261361-400x400.jpg\" srcset=\"https:\/\/www.girpa.fr\/wp-content\/uploads\/2020\/09\/solsb-e1596808261361-320x320.jpg 320w,https:\/\/www.girpa.fr\/wp-content\/uploads\/2020\/09\/solsb-e1596808261361-400x400.jpg 400w\" data-img-src=\"https:\/\/www.girpa.fr\/wp-content\/uploads\/2020\/06\/solsb-e1596808261361.jpg\" alt=\"\" title=\"solsb phytosanitaires pesticides analyses BPL\" \/><\/div><figcaption hidden=\"\"><\/figcaption><\/figure><\/div><\/div><\/div><\/div><\/div><\/div><\/div><\/div><\/div><\/div><\/div><\/div><\/div><\/div><div class=\"vce-row-container\"><div class=\"vce-row vce-row--col-gap-30 vce-row-columns--top vce-row-content--top\" id=\"el-85256b07\" data-vce-do-apply=\"all el-85256b07\"><div class=\"vce-row-content\" data-vce-element-content=\"true\"><div class=\"vce-col vce-col--md-auto vce-col--xs-1 vce-col--xs-last vce-col--xs-first vce-col--sm-last vce-col--sm-first vce-col--md-last vce-col--lg-last vce-col--xl-last vce-col--md-first vce-col--lg-first vce-col--xl-first\" id=\"el-8983f059\"><div class=\"vce-col-inner\" data-vce-do-apply=\"border margin background  el-8983f059\"><div class=\"vce-col-content\" data-vce-element-content=\"true\" data-vce-do-apply=\"padding el-8983f059\"><div class=\"vce-text-block\"><div class=\"vce-text-block-wrapper vce\" id=\"el-8dc089bc\" data-vce-do-apply=\"all el-8dc089bc\"><p style=\"text-align: center;\"><strong><span style=\"font-size: 14pt;\">LES D\u00c9FINITIONS DE R\u00c9SIDUS SONT SUIVIES, SELON LA DISPONIBILIT\u00c9 DES \u00c9TALONS DE REFERENCE<\/span><\/strong><\/p>\r\n<p style=\"text-align: center;\"><span style=\"font-size: 14pt;\"><strong>Et beaucoup d'autres produits sur <span style=\"color: #33cccc;\"><a style=\"color: #33cccc;\" href=\"mailto:commercial@girpa.fr\">demande<\/a><\/span> au laboratoire !<br><\/strong><\/span><\/p><\/div><\/div><\/div><\/div><\/div><\/div><\/div><\/div><div class=\"vce-row-container\"><div class=\"vce-row vce-row--col-gap-30 vce-row-columns--top vce-row-content--top\" id=\"el-f17dbc54\" data-vce-do-apply=\"all el-f17dbc54\"><div class=\"vce-row-content\" data-vce-element-content=\"true\"><div class=\"vce-col vce-col--md-auto vce-col--xs-1 vce-col--xs-last vce-col--xs-first vce-col--sm-last vce-col--sm-first vce-col--md-last vce-col--lg-last vce-col--xl-last vce-col--md-first vce-col--lg-first vce-col--xl-first\" id=\"el-2ea28ad7\"><div class=\"vce-col-inner\" data-vce-do-apply=\"border margin background  el-2ea28ad7\"><div class=\"vce-col-content\" data-vce-element-content=\"true\" data-vce-do-apply=\"padding el-2ea28ad7\"><div class=\"vce vce-separator-container vce-separator--align-center vce-separator--style-solid\" id=\"el-eec53f66\" data-vce-do-apply=\"margin el-eec53f66\"><div class=\"vce-separator vce-separator--color-bfc0c1 vce-separator--width-79 vce-separator--thickness-2\" data-vce-do-apply=\"border padding background  el-eec53f66\"><\/div><\/div><\/div><\/div><\/div><\/div><\/div><\/div><div class=\"vce-row-container\"><div class=\"vce-row vce-row--col-gap-30 vce-row-columns--top vce-row-content--top\" id=\"el-3752be4d\" data-vce-do-apply=\"all el-3752be4d\"><div class=\"vce-row-content\" data-vce-element-content=\"true\"><div class=\"vce-col vce-col--md-80-100 vce-col--xs-1 vce-col--xs-last vce-col--xs-first vce-col--sm-last vce-col--sm-first vce-col--md-first vce-col--lg-first vce-col--xl-first\" id=\"el-822e049d\"><div class=\"vce-col-inner\" data-vce-do-apply=\"border margin background  el-822e049d\"><div class=\"vce-col-content\" data-vce-element-content=\"true\" data-vce-do-apply=\"padding el-822e049d\"><div class=\"vce-text-block\"><div class=\"vce-text-block-wrapper vce\" id=\"el-b1c7bbd3\" data-vce-do-apply=\"all el-b1c7bbd3\"><h2 style=\"text-align: center;\">r\u00e9glementation associ\u00e9e<\/h2><p>Dans le cadre de votre demande d'analyse, il est important de pouvoir d\u00e9finir le cadre r\u00e9glementaire, s'il existe :<\/p><ul><li><a href=\"http:\/\/infoterre.brgm.fr\/rapports\/RP-51735-FR.pdf\" target=\"_blank\" rel=\"noopener noreferrer\"><span style=\"color: #33cccc;\">travail du BRGM et minist\u00e8re de l'\u00e9cologie et du d\u00e9veloppement durable<\/span><\/a> sur les Valeurs de Constat d'Impact (VCI)<\/li><\/ul><\/div><\/div><\/div><\/div><\/div><div class=\"vce-col vce-col--md-20-100 vce-col--xs-1 vce-col--xs-last vce-col--xs-first vce-col--sm-last vce-col--sm-first vce-col--md-last vce-col--lg-last vce-col--xl-last\" id=\"el-83340c24\"><div class=\"vce-col-inner\" data-vce-do-apply=\"border margin background  el-83340c24\"><div class=\"vce-col-content\" data-vce-element-content=\"true\" data-vce-do-apply=\"padding el-83340c24\"><div class=\"vce-single-image-container vce-single-image--align-center\"><div class=\"vce vce-single-image-wrapper\" id=\"el-97c46ab9\" data-vce-do-apply=\"all el-97c46ab9\"><figure><div class=\"vce-single-image-inner vce-single-image--absolute vce-single-image--border-round\" style=\"padding-bottom: 100%; width: 150px;\"><img class=\"vce-single-image\" width=\"150\" height=\"150\"src=\"https:\/\/www.girpa.fr\/wp-content\/uploads\/2020\/09\/justice-150x150.jpg\" srcset=\"https:\/\/www.girpa.fr\/wp-content\/uploads\/2020\/09\/justice-150x150.jpg 150w\" data-img-src=\"https:\/\/www.girpa.fr\/wp-content\/uploads\/2020\/06\/justice.jpg\" alt=\"\" title=\"justice\" \/><\/div><figcaption hidden=\"\"><\/figcaption><\/figure><\/div><\/div><\/div><\/div><\/div><\/div><\/div><\/div><div class=\"vce-row-container\"><div class=\"vce-row vce-row--col-gap-30 vce-row-columns--top vce-row-content--top\" id=\"el-ebdaa8c8\" data-vce-do-apply=\"all el-ebdaa8c8\"><div class=\"vce-row-content\" data-vce-element-content=\"true\"><div class=\"vce-col vce-col--md-auto vce-col--xs-1 vce-col--xs-last vce-col--xs-first vce-col--sm-last vce-col--sm-first vce-col--md-last vce-col--lg-last vce-col--xl-last vce-col--md-first vce-col--lg-first vce-col--xl-first\" id=\"el-a2281bea\"><div class=\"vce-col-inner\" data-vce-do-apply=\"border margin background  el-a2281bea\"><div class=\"vce-col-content\" data-vce-element-content=\"true\" data-vce-do-apply=\"padding el-a2281bea\"><div class=\"vce vce-separator-container vce-separator--align-center vce-separator--style-solid\" id=\"el-2b68f13e\" data-vce-do-apply=\"margin el-2b68f13e\"><div class=\"vce-separator vce-separator--color-bfc0c1 vce-separator--width-79 vce-separator--thickness-2\" data-vce-do-apply=\"border padding background  el-2b68f13e\"><\/div><\/div><\/div><\/div><\/div><\/div><\/div><\/div><div class=\"vce-row-container\"><div class=\"vce-row vce-row--col-gap-30 vce-row-columns--top vce-row-content--top\" id=\"el-2fa86409\" data-vce-do-apply=\"all el-2fa86409\"><div class=\"vce-row-content\" data-vce-element-content=\"true\"><div class=\"vce-col vce-col--md-20p vce-col--xs-1 vce-col--xs-last vce-col--xs-first vce-col--sm-last vce-col--sm-first vce-col--md-first vce-col--lg-first vce-col--xl-first\" id=\"el-606d0cbb\"><div class=\"vce-col-inner\" data-vce-do-apply=\"border margin background  el-606d0cbb\"><div class=\"vce-col-content\" data-vce-element-content=\"true\" data-vce-do-apply=\"padding el-606d0cbb\"><div class=\"vce-single-image-container vce-single-image--align-center\"><div class=\"vce vce-single-image-wrapper\" id=\"el-ffc5a52e\" data-vce-do-apply=\"all el-ffc5a52e\"><figure><div class=\"vce-single-image-inner vce-single-image--absolute vce-single-image--border-round\" style=\"padding-bottom: 100%; width: 150px;\"><img class=\"vce-single-image\" width=\"150\" height=\"150\"src=\"https:\/\/www.girpa.fr\/wp-content\/uploads\/2020\/09\/balance-150x150.jpg\" srcset=\"https:\/\/www.girpa.fr\/wp-content\/uploads\/2020\/09\/balance-150x150.jpg 150w\" data-img-src=\"https:\/\/www.girpa.fr\/wp-content\/uploads\/2020\/06\/balance.jpg\" alt=\"\" title=\"balance\" \/><\/div><figcaption hidden=\"\"><\/figcaption><\/figure><\/div><\/div><\/div><\/div><\/div><div class=\"vce-col vce-col--md-80p vce-col--xs-1 vce-col--xs-last vce-col--xs-first vce-col--sm-last vce-col--sm-first vce-col--md-last vce-col--lg-last vce-col--xl-last\" id=\"el-77f33fb6\"><div class=\"vce-col-inner\" data-vce-do-apply=\"border margin background  el-77f33fb6\"><div class=\"vce-col-content\" data-vce-element-content=\"true\" data-vce-do-apply=\"padding el-77f33fb6\"><div class=\"vce-text-block\"><div class=\"vce-text-block-wrapper vce\" id=\"el-62551665\" data-vce-do-apply=\"all el-62551665\"><h2 style=\"text-align: center;\">\u00e9chantillonnage<\/h2>\r\n<p>&nbsp;La <span style=\"color: #33cccc;\"><a style=\"color: #33cccc;\" href=\"https:\/\/eur-lex.europa.eu\/legal-content\/FR\/TXT\/PDF\/?uri=CELEX:02002L0063-20020723&amp;from=IT\">DIRECTIVE 2002\/63\/CE DE LA COMMISSION du 11 juillet 2002<\/a><\/span> fixe des m\u00e9thodes communautaires de pr\u00e9l\u00e8vement d\u2019\u00e9chantillons pour le contr\u00f4le officiel des r\u00e9sidus de pesticides sur et dans les produits d\u2019origine v\u00e9g\u00e9tale et animale. Ce cadre est une base solide pour envisager tout autocontrole.<\/p>\r\n<p style=\"text-align: center;\"><strong>\"La plus grande incertitude sur le r\u00e9sultat est issu du pr\u00e9l\u00e8vement\"<\/strong><\/p><\/div><\/div><div class=\"vce-button--style-basic-container vce-button--style-basic-container--align-center\"><span class=\"vce-button--style-basic-wrapper vce\" id=\"el-be9bf034\" data-vce-do-apply=\"margin el-be9bf034\"><a class=\"vce-button--style-basic vce-button--style-basic--border-round vce-button--style-basic--size-small vce-button--style-basic--color-557cbf--fff\" href=\"https:\/\/www.girpa.fr\/index.php\/directive-2002-63\/#sols\" title=\"\" data-vce-do-apply=\"padding border background  el-be9bf034\">Aide sur la constitution d'un \u00e9chantillon<\/a><\/span><\/div><\/div><\/div><\/div><\/div><\/div><\/div><div class=\"vce-row-container\"><div class=\"vce-row vce-row--col-gap-30 vce-row-columns--top vce-row-content--top\" id=\"el-f4ff19ea\" data-vce-do-apply=\"all el-f4ff19ea\"><div class=\"vce-row-content\" data-vce-element-content=\"true\"><div class=\"vce-col vce-col--md-auto vce-col--xs-1 vce-col--xs-last vce-col--xs-first vce-col--sm-last vce-col--sm-first vce-col--md-last vce-col--lg-last vce-col--xl-last vce-col--md-first vce-col--lg-first vce-col--xl-first\" id=\"el-b2792eb4\"><div class=\"vce-col-inner\" data-vce-do-apply=\"border margin background  el-b2792eb4\"><div class=\"vce-col-content\" data-vce-element-content=\"true\" data-vce-do-apply=\"padding el-b2792eb4\"><div class=\"vce vce-separator-container vce-separator--align-center vce-separator--style-solid\" id=\"el-c6588305\" data-vce-do-apply=\"margin el-c6588305\"><div class=\"vce-separator vce-separator--color-bfc0c1 vce-separator--width-79 vce-separator--thickness-2\" data-vce-do-apply=\"border padding background  el-c6588305\"><\/div><\/div><\/div><\/div><\/div><\/div><\/div><\/div><div class=\"vce-row-container\"><div class=\"vce-row vce-row--col-gap-30 vce-row-columns--top vce-row-content--top\" id=\"el-1a4b3eab\" data-vce-do-apply=\"all el-1a4b3eab\"><div class=\"vce-row-content\" data-vce-element-content=\"true\"><div class=\"vce-col vce-col--md-auto vce-col--xs-1 vce-col--xs-last vce-col--xs-first vce-col--sm-last vce-col--sm-first vce-col--md-last vce-col--lg-last vce-col--xl-last vce-col--md-first vce-col--lg-first vce-col--xl-first\" id=\"el-60c9e817\"><div class=\"vce-col-inner\" data-vce-do-apply=\"border margin background  el-60c9e817\"><div class=\"vce-col-content\" data-vce-element-content=\"true\" data-vce-do-apply=\"padding el-60c9e817\"><div class=\"vce-text-block\"><div class=\"vce-text-block-wrapper vce\" id=\"el-3718803c\" data-vce-do-apply=\"all el-3718803c\"><h2 style=\"text-align: center;\">logistique<\/h2><p>Etape cruciale de votre analyse, le transfert de vos \u00e9chantillons depuis votre site jusqu'\u00e0 notre laboratoire est tr\u00e8s important. Il va falloir m\u00e9langer plusieurs \u00e9chantillons dans un contenant qui sera mis \u00e0 l'\u00e9preuve de la route, des quais avant de nous parvenir. Nous vous conseillons donc :<\/p><ul><li>Un <strong>double ensachage<\/strong> de votre \u00e9chantillon, dans le <strong>contenant <em>adhoc<\/em><\/strong> qui n'am\u00e8nera pas de risque de contaminations, adsorption ...<\/li><li>Le choix du <strong>bon transporteur<\/strong> qui respectera la chaine du froid si n\u00e9cessaire, et garantira les d\u00e9lais de livraison,<\/li><li>L'utilisation de nos <span style=\"color: #33cccc;\"><a style=\"color: #33cccc;\" href=\"https:\/\/www.girpa.fr\/wp-content\/uploads\/2020\/06\/fiche-de-renseignement-13-ENRG-DEMAND-003-V6-1.xlsx\"><strong>fiches de renseignements<\/strong><\/a><\/span> afin de faciliter l'enregistrement de vos \u00e9chantillons \u00e0 leur r\u00e9ception.<\/li><\/ul><p>Le service logistique se tient \u00e0 votre disposition pour prendre en charge tout ou partie de ces \u00e9tapes, avec l'aide de notre r\u00e9seau de transporteurs (ISO 9001 et ISO 14001) : <a href=\"mailto:logistique@girpa.fr\"><span style=\"color: #33cccc;\">logistique@girpa.fr<\/span><\/a><\/p><\/div><\/div><div class=\"vce-button--style-basic-container vce-button--style-basic-container--align-center\"><span class=\"vce-button--style-basic-wrapper vce\" id=\"el-0d033e5f\" data-vce-do-apply=\"margin el-0d033e5f\"><a class=\"vce-button--style-basic vce-button--style-basic--border-round vce-button--style-basic--size-small vce-button--style-basic--color-557cbf--fff\" href=\"https:\/\/www.girpa.fr\/index.php\/acheminement\/la-logistique\/\" title=\"\" data-vce-do-apply=\"padding border background  el-0d033e5f\">Mise en oeuvre du service<\/a><\/span><\/div><\/div><\/div><\/div><\/div><\/div><\/div>\n","protected":false},"excerpt":{"rendered":"<p>LES MENUS PHARES&#8230;analyses multir\u00e9sidus &#8211; Multir\u00e9sidus screening large \/ cibl\u00e9 \/ mono &nbsp; &nbsp; &nbsp;Multir\u00e9sidus sp\u00e9cifique chlor\u00e9s &nbsp; &nbsp;&nbsp;&nbsp;&nbsp; analyses sp\u00e9cifiques&nbsp;&nbsp;&nbsp;&nbsp;&nbsp;&nbsp; &nbsp;&nbsp;&nbsp; &#8211; Analyse ammoniums quaternaires&nbsp;&nbsp;&nbsp;&nbsp;&nbsp;&nbsp; &nbsp;&nbsp;&nbsp; &#8211; Analyse de chlordecone, et m\u00e9tabolites&nbsp;&nbsp;&nbsp;&nbsp; &nbsp; &#8211; Analyse de nitrate\/nitrite &nbsp;LES D\u00c9FINITIONS [&hellip;]<\/p>\n","protected":false},"author":2,"featured_media":0,"parent":11,"menu_order":0,"comment_status":"closed","ping_status":"closed","template":"","meta":{"_monsterinsights_skip_tracking":false,"_monsterinsights_sitenote_active":false,"_monsterinsights_sitenote_note":"","_monsterinsights_sitenote_category":0,"footnotes":""},"class_list":["post-803","page","type-page","status-publish","hentry"],"yoast_head":"<!-- This site is optimized with the Yoast SEO plugin v27.4 - https:\/\/yoast.com\/product\/yoast-seo-wordpress\/ -->\n<title>SOLS - Girpa<\/title>\n<meta name=\"robots\" content=\"index, follow, max-snippet:-1, max-image-preview:large, max-video-preview:-1\" \/>\n<link rel=\"canonical\" href=\"https:\/\/www.girpa.fr\/index.php\/votre-besoin\/sols\/\" \/>\n<meta property=\"og:locale\" content=\"fr_FR\" \/>\n<meta property=\"og:type\" content=\"article\" \/>\n<meta property=\"og:title\" content=\"SOLS - Girpa\" \/>\n<meta property=\"og:description\" content=\"LES MENUS PHARES...analyses multir\u00e9sidus - Multir\u00e9sidus screening large \/ cibl\u00e9 \/ mono &nbsp; &nbsp; &nbsp;Multir\u00e9sidus sp\u00e9cifique chlor\u00e9s &nbsp; &nbsp;&nbsp;&nbsp;&nbsp; analyses sp\u00e9cifiques&nbsp;&nbsp;&nbsp;&nbsp;&nbsp;&nbsp; &nbsp;&nbsp;&nbsp; - Analyse ammoniums quaternaires&nbsp;&nbsp;&nbsp;&nbsp;&nbsp;&nbsp; &nbsp;&nbsp;&nbsp; - Analyse de chlordecone, et m\u00e9tabolites&nbsp;&nbsp;&nbsp;&nbsp; &nbsp; - Analyse de nitrate\/nitrite &nbsp;LES D\u00c9FINITIONS [&hellip;]\" \/>\n<meta property=\"og:url\" content=\"https:\/\/www.girpa.fr\/index.php\/votre-besoin\/sols\/\" \/>\n<meta property=\"og:site_name\" content=\"Girpa\" \/>\n<meta property=\"article:modified_time\" content=\"2021-03-22T10:27:16+00:00\" \/>\n<meta property=\"og:image\" content=\"http:\/\/|!|vcvUploadUrl|!|\/2020\/09\/solsb-e1596808261361-400x400.jpg\" \/>\n<meta name=\"twitter:card\" content=\"summary_large_image\" \/>\n<meta name=\"twitter:label1\" content=\"Dur\u00e9e de lecture estim\u00e9e\" \/>\n\t<meta name=\"twitter:data1\" content=\"2 minutes\" \/>\n<script type=\"application\/ld+json\" class=\"yoast-schema-graph\">{\"@context\":\"https:\\\/\\\/schema.org\",\"@graph\":[{\"@type\":\"WebPage\",\"@id\":\"https:\\\/\\\/www.girpa.fr\\\/index.php\\\/votre-besoin\\\/sols\\\/\",\"url\":\"https:\\\/\\\/www.girpa.fr\\\/index.php\\\/votre-besoin\\\/sols\\\/\",\"name\":\"SOLS - Girpa\",\"isPartOf\":{\"@id\":\"https:\\\/\\\/www.girpa.fr\\\/#website\"},\"datePublished\":\"2020-06-23T10:32:01+00:00\",\"dateModified\":\"2021-03-22T10:27:16+00:00\",\"breadcrumb\":{\"@id\":\"https:\\\/\\\/www.girpa.fr\\\/index.php\\\/votre-besoin\\\/sols\\\/#breadcrumb\"},\"inLanguage\":\"fr-FR\",\"potentialAction\":[{\"@type\":\"ReadAction\",\"target\":[\"https:\\\/\\\/www.girpa.fr\\\/index.php\\\/votre-besoin\\\/sols\\\/\"]}]},{\"@type\":\"BreadcrumbList\",\"@id\":\"https:\\\/\\\/www.girpa.fr\\\/index.php\\\/votre-besoin\\\/sols\\\/#breadcrumb\",\"itemListElement\":[{\"@type\":\"ListItem\",\"position\":1,\"name\":\"Accueil\",\"item\":\"https:\\\/\\\/www.girpa.fr\\\/\"},{\"@type\":\"ListItem\",\"position\":2,\"name\":\"VOTRE BESOIN&#8230;\",\"item\":\"https:\\\/\\\/www.girpa.fr\\\/index.php\\\/votre-besoin\\\/\"},{\"@type\":\"ListItem\",\"position\":3,\"name\":\"SOLS\"}]},{\"@type\":\"WebSite\",\"@id\":\"https:\\\/\\\/www.girpa.fr\\\/#website\",\"url\":\"https:\\\/\\\/www.girpa.fr\\\/\",\"name\":\"Girpa\",\"description\":\"Laboratoire d&#039;analyse de r\u00e9sidus de contaminants\",\"publisher\":{\"@id\":\"https:\\\/\\\/www.girpa.fr\\\/#organization\"},\"potentialAction\":[{\"@type\":\"SearchAction\",\"target\":{\"@type\":\"EntryPoint\",\"urlTemplate\":\"https:\\\/\\\/www.girpa.fr\\\/?s={search_term_string}\"},\"query-input\":{\"@type\":\"PropertyValueSpecification\",\"valueRequired\":true,\"valueName\":\"search_term_string\"}}],\"inLanguage\":\"fr-FR\"},{\"@type\":\"Organization\",\"@id\":\"https:\\\/\\\/www.girpa.fr\\\/#organization\",\"name\":\"Laboratoire Girpa\",\"url\":\"https:\\\/\\\/www.girpa.fr\\\/\",\"logo\":{\"@type\":\"ImageObject\",\"inLanguage\":\"fr-FR\",\"@id\":\"https:\\\/\\\/www.girpa.fr\\\/#\\\/schema\\\/logo\\\/image\\\/\",\"url\":\"https:\\\/\\\/www.girpa.fr\\\/wp-content\\\/uploads\\\/2020\\\/08\\\/logo-avec-baseline.png\",\"contentUrl\":\"https:\\\/\\\/www.girpa.fr\\\/wp-content\\\/uploads\\\/2020\\\/08\\\/logo-avec-baseline.png\",\"width\":1672,\"height\":454,\"caption\":\"Laboratoire Girpa\"},\"image\":{\"@id\":\"https:\\\/\\\/www.girpa.fr\\\/#\\\/schema\\\/logo\\\/image\\\/\"}}]}<\/script>\n<!-- \/ Yoast SEO plugin. -->","yoast_head_json":{"title":"SOLS - Girpa","robots":{"index":"index","follow":"follow","max-snippet":"max-snippet:-1","max-image-preview":"max-image-preview:large","max-video-preview":"max-video-preview:-1"},"canonical":"https:\/\/www.girpa.fr\/index.php\/votre-besoin\/sols\/","og_locale":"fr_FR","og_type":"article","og_title":"SOLS - Girpa","og_description":"LES MENUS PHARES...analyses multir\u00e9sidus - Multir\u00e9sidus screening large \/ cibl\u00e9 \/ mono &nbsp; &nbsp; &nbsp;Multir\u00e9sidus sp\u00e9cifique chlor\u00e9s &nbsp; &nbsp;&nbsp;&nbsp;&nbsp; analyses sp\u00e9cifiques&nbsp;&nbsp;&nbsp;&nbsp;&nbsp;&nbsp; &nbsp;&nbsp;&nbsp; - Analyse ammoniums quaternaires&nbsp;&nbsp;&nbsp;&nbsp;&nbsp;&nbsp; &nbsp;&nbsp;&nbsp; - Analyse de chlordecone, et m\u00e9tabolites&nbsp;&nbsp;&nbsp;&nbsp; &nbsp; - Analyse de nitrate\/nitrite &nbsp;LES D\u00c9FINITIONS [&hellip;]","og_url":"https:\/\/www.girpa.fr\/index.php\/votre-besoin\/sols\/","og_site_name":"Girpa","article_modified_time":"2021-03-22T10:27:16+00:00","og_image":[{"url":"|!|vcvUploadUrl|!|\/2020\/09\/solsb-e1596808261361-400x400.jpg","type":"","width":"","height":""}],"twitter_card":"summary_large_image","twitter_misc":{"Dur\u00e9e de lecture estim\u00e9e":"2 minutes"},"schema":{"@context":"https:\/\/schema.org","@graph":[{"@type":"WebPage","@id":"https:\/\/www.girpa.fr\/index.php\/votre-besoin\/sols\/","url":"https:\/\/www.girpa.fr\/index.php\/votre-besoin\/sols\/","name":"SOLS - Girpa","isPartOf":{"@id":"https:\/\/www.girpa.fr\/#website"},"datePublished":"2020-06-23T10:32:01+00:00","dateModified":"2021-03-22T10:27:16+00:00","breadcrumb":{"@id":"https:\/\/www.girpa.fr\/index.php\/votre-besoin\/sols\/#breadcrumb"},"inLanguage":"fr-FR","potentialAction":[{"@type":"ReadAction","target":["https:\/\/www.girpa.fr\/index.php\/votre-besoin\/sols\/"]}]},{"@type":"BreadcrumbList","@id":"https:\/\/www.girpa.fr\/index.php\/votre-besoin\/sols\/#breadcrumb","itemListElement":[{"@type":"ListItem","position":1,"name":"Accueil","item":"https:\/\/www.girpa.fr\/"},{"@type":"ListItem","position":2,"name":"VOTRE BESOIN&#8230;","item":"https:\/\/www.girpa.fr\/index.php\/votre-besoin\/"},{"@type":"ListItem","position":3,"name":"SOLS"}]},{"@type":"WebSite","@id":"https:\/\/www.girpa.fr\/#website","url":"https:\/\/www.girpa.fr\/","name":"Girpa","description":"Laboratoire d&#039;analyse de r\u00e9sidus de contaminants","publisher":{"@id":"https:\/\/www.girpa.fr\/#organization"},"potentialAction":[{"@type":"SearchAction","target":{"@type":"EntryPoint","urlTemplate":"https:\/\/www.girpa.fr\/?s={search_term_string}"},"query-input":{"@type":"PropertyValueSpecification","valueRequired":true,"valueName":"search_term_string"}}],"inLanguage":"fr-FR"},{"@type":"Organization","@id":"https:\/\/www.girpa.fr\/#organization","name":"Laboratoire Girpa","url":"https:\/\/www.girpa.fr\/","logo":{"@type":"ImageObject","inLanguage":"fr-FR","@id":"https:\/\/www.girpa.fr\/#\/schema\/logo\/image\/","url":"https:\/\/www.girpa.fr\/wp-content\/uploads\/2020\/08\/logo-avec-baseline.png","contentUrl":"https:\/\/www.girpa.fr\/wp-content\/uploads\/2020\/08\/logo-avec-baseline.png","width":1672,"height":454,"caption":"Laboratoire Girpa"},"image":{"@id":"https:\/\/www.girpa.fr\/#\/schema\/logo\/image\/"}}]}},"_links":{"self":[{"href":"https:\/\/www.girpa.fr\/index.php\/wp-json\/wp\/v2\/pages\/803","targetHints":{"allow":["GET"]}}],"collection":[{"href":"https:\/\/www.girpa.fr\/index.php\/wp-json\/wp\/v2\/pages"}],"about":[{"href":"https:\/\/www.girpa.fr\/index.php\/wp-json\/wp\/v2\/types\/page"}],"author":[{"embeddable":true,"href":"https:\/\/www.girpa.fr\/index.php\/wp-json\/wp\/v2\/users\/2"}],"replies":[{"embeddable":true,"href":"https:\/\/www.girpa.fr\/index.php\/wp-json\/wp\/v2\/comments?post=803"}],"version-history":[{"count":15,"href":"https:\/\/www.girpa.fr\/index.php\/wp-json\/wp\/v2\/pages\/803\/revisions"}],"predecessor-version":[{"id":2086,"href":"https:\/\/www.girpa.fr\/index.php\/wp-json\/wp\/v2\/pages\/803\/revisions\/2086"}],"up":[{"embeddable":true,"href":"https:\/\/www.girpa.fr\/index.php\/wp-json\/wp\/v2\/pages\/11"}],"wp:attachment":[{"href":"https:\/\/www.girpa.fr\/index.php\/wp-json\/wp\/v2\/media?parent=803"}],"curies":[{"name":"wp","href":"https:\/\/api.w.org\/{rel}","templated":true}]}}