{"id":819,"date":"2020-06-23T14:34:44","date_gmt":"2020-06-23T12:34:44","guid":{"rendered":"http:\/\/girpaovhml.cluster027.hosting.ovh.net\/?page_id=819"},"modified":"2020-09-10T12:31:01","modified_gmt":"2020-09-10T10:31:01","slug":"air","status":"publish","type":"page","link":"https:\/\/www.girpa.fr\/index.php\/votre-besoin\/air\/","title":{"rendered":"AIR"},"content":{"rendered":"<div class=\"vce-row-container\"><div class=\"vce-row vce-row--col-gap-30 vce-row-columns--top vce-row-content--top\" data-vce-full-width=\"true\" data-vce-stretch-content=\"true\" id=\"el-a32453f4\" data-vce-do-apply=\"all el-a32453f4\"><div class=\"vce-content-background-container\"><\/div><div class=\"vce-row-content\" data-vce-element-content=\"true\"><div class=\"vce-col vce-col--md-auto vce-col--xs-1 vce-col--xs-last vce-col--xs-first vce-col--sm-last vce-col--sm-first vce-col--md-last vce-col--lg-last vce-col--xl-last vce-col--md-first vce-col--lg-first vce-col--xl-first\" id=\"el-bf7dce18\"><div class=\"vce-col-inner\" data-vce-do-apply=\"border margin background  el-bf7dce18\"><div class=\"vce-col-content\" data-vce-element-content=\"true\" data-vce-do-apply=\"padding el-bf7dce18\"><div class=\"vce-text-block\"><div class=\"vce-text-block-wrapper vce\" id=\"el-b8ba6865\" data-vce-do-apply=\"all el-b8ba6865\"><h2 style=\"text-align: center;\"><span style=\"color: #ffffff;\"><span style=\"color: #008080; font-size: 24pt;\"><strong>LES MENUS PHARES...<\/strong><\/span><br><\/span><\/h2><\/div><\/div><div class=\"vce-row-container\"><div class=\"vce-row vce-row--col-gap-30 vce-row-columns--top vce-row-content--top\" id=\"el-ce09dbb0\" data-vce-do-apply=\"all el-ce09dbb0\"><div class=\"vce-row-content\" data-vce-element-content=\"true\"><div class=\"vce-col vce-col--md-36-30p vce-col--xs-1 vce-col--xs-last vce-col--xs-first vce-col--sm-last vce-col--sm-first vce-col--md-first vce-col--lg-first vce-col--xl-first\" id=\"el-38fa3439\"><div class=\"vce-col-inner\" data-vce-do-apply=\"border margin background  el-38fa3439\"><div class=\"vce-col-content\" data-vce-element-content=\"true\" data-vce-do-apply=\"padding el-38fa3439\"><div class=\"vce-single-image-container vce-single-image--align-right\"><div class=\"vce vce-single-image-wrapper\" id=\"el-b38784f3\" data-vce-do-apply=\"all el-b38784f3\"><figure><div class=\"vce-single-image-inner vce-single-image--absolute vce-single-image--border-round\" style=\"padding-bottom: 100%; width: 300px;\"><img class=\"vce-single-image\" width=\"300\" height=\"300\"src=\"https:\/\/www.girpa.fr\/wp-content\/uploads\/2020\/09\/air-1-e1596808238555-300x300.jpg\" srcset=\"https:\/\/www.girpa.fr\/wp-content\/uploads\/2020\/09\/air-1-e1596808238555-300x300.jpg 300w\" data-img-src=\"https:\/\/www.girpa.fr\/wp-content\/uploads\/2020\/06\/air-1-e1596808238555.jpg\" alt=\"\" title=\"air phytosanitaires pesticides analyses\" \/><\/div><figcaption hidden=\"\"><\/figcaption><\/figure><\/div><\/div><\/div><\/div><\/div><div class=\"vce-col vce-col--md-63-68p vce-col--xs-1 vce-col--xs-last vce-col--xs-first vce-col--sm-last vce-col--sm-first vce-col--md-last vce-col--lg-last vce-col--xl-last\" id=\"el-c96ea027\"><div class=\"vce-col-inner\" data-vce-do-apply=\"border margin background  el-c96ea027\"><div class=\"vce-col-content\" data-vce-element-content=\"true\" data-vce-do-apply=\"padding el-c96ea027\"><div class=\"vce-text-block\"><div class=\"vce-text-block-wrapper vce\" id=\"el-2e4d0924\" data-vce-do-apply=\"all el-2e4d0924\"><h2 style=\"text-align: left;\"><strong>&nbsp;Les analyses<br><\/strong><\/h2><p style=\"line-height: inherit; text-align: left;\"><span style=\"font-size: 12pt;\">Nous ne r\u00e9alisons pas directement les pr\u00e9l\u00e8vements mais sommes un support<\/span><span style=\"font-size: 12pt;\"> \u00e0 la&nbsp;<\/span><span style=\"font-size: 12pt;\">structure r\u00e9alisant l'\u00e9chantillon. Nous d\u00e9finissons et validons le bon support sur l'aspect <\/span><span style=\"font-size: 12pt;\">physico-chimique des compos\u00e9s d'int\u00e9r\u00eat. Nous r\u00e9alisons ensuite l'extraction du support <\/span><span style=\"font-size: 12pt;\">afin de quantifier les mati\u00e8res actives en lien avec le volume pr\u00e9lev\u00e9.<\/span><\/p><p style=\"line-height: inherit; text-align: left;\"><span style=\"font-size: 12pt;\">N'h\u00e9sitez pas \u00e0 <span style=\"color: #33cccc;\"><a style=\"color: #33cccc;\" href=\"https:\/\/www.girpa.fr\/index.php\/contacts\/\">revenir vers nous<\/a><\/span> pour tout besoin.<\/span><\/p><\/div><\/div><\/div><\/div><\/div><\/div><\/div><\/div><\/div><\/div><\/div><\/div><\/div><\/div><div class=\"vce-row-container\"><div class=\"vce-row vce-row--col-gap-30 vce-row-columns--top vce-row-content--top\" id=\"el-81448158\" data-vce-do-apply=\"all el-81448158\"><div class=\"vce-row-content\" data-vce-element-content=\"true\"><div class=\"vce-col vce-col--md-auto vce-col--xs-1 vce-col--xs-last vce-col--xs-first vce-col--sm-last vce-col--sm-first vce-col--md-last vce-col--lg-last vce-col--xl-last vce-col--md-first vce-col--lg-first vce-col--xl-first\" id=\"el-6c667b92\"><div class=\"vce-col-inner\" data-vce-do-apply=\"border margin background  el-6c667b92\"><div class=\"vce-col-content\" data-vce-element-content=\"true\" data-vce-do-apply=\"padding el-6c667b92\"><div class=\"vce-text-block\"><div class=\"vce-text-block-wrapper vce\" id=\"el-8748495e\" data-vce-do-apply=\"all el-8748495e\"><p style=\"text-align: center;\"><span style=\"font-size: 14pt;\"><strong>Et beaucoup d'autres produits sur <span style=\"color: #33cccc;\"><a style=\"color: #33cccc;\" href=\"mailto:commercial@girpa.fr\">demande<\/a><\/span> ...&nbsp; La seule limite sera le support de pr\u00e9l\u00e8vement !<br><\/strong><\/span><\/p><\/div><\/div><\/div><\/div><\/div><\/div><\/div><\/div><div class=\"vce-row-container\"><div class=\"vce-row vce-row--col-gap-30 vce-row-columns--top vce-row-content--top\" id=\"el-f17dbc54\" data-vce-do-apply=\"all el-f17dbc54\"><div class=\"vce-row-content\" data-vce-element-content=\"true\"><div class=\"vce-col vce-col--md-auto vce-col--xs-1 vce-col--xs-last vce-col--xs-first vce-col--sm-last vce-col--sm-first vce-col--md-last vce-col--lg-last vce-col--xl-last vce-col--md-first vce-col--lg-first vce-col--xl-first\" id=\"el-2ea28ad7\"><div class=\"vce-col-inner\" data-vce-do-apply=\"border margin background  el-2ea28ad7\"><div class=\"vce-col-content\" data-vce-element-content=\"true\" data-vce-do-apply=\"padding el-2ea28ad7\"><div class=\"vce vce-separator-container vce-separator--align-center vce-separator--style-solid\" id=\"el-eec53f66\" data-vce-do-apply=\"margin el-eec53f66\"><div class=\"vce-separator vce-separator--color-bfc0c1 vce-separator--width-79 vce-separator--thickness-2\" data-vce-do-apply=\"border padding background  el-eec53f66\"><\/div><\/div><\/div><\/div><\/div><\/div><\/div><\/div><div class=\"vce-row-container\"><div class=\"vce-row vce-row--col-gap-30 vce-row-columns--top vce-row-content--top\" id=\"el-3752be4d\" data-vce-do-apply=\"all el-3752be4d\"><div class=\"vce-row-content\" data-vce-element-content=\"true\"><div class=\"vce-col vce-col--md-80-100 vce-col--xs-1 vce-col--xs-last vce-col--xs-first vce-col--sm-last vce-col--sm-first vce-col--md-first vce-col--lg-first vce-col--xl-first\" id=\"el-822e049d\"><div class=\"vce-col-inner\" data-vce-do-apply=\"border margin background  el-822e049d\"><div class=\"vce-col-content\" data-vce-element-content=\"true\" data-vce-do-apply=\"padding el-822e049d\"><div class=\"vce-text-block\"><div class=\"vce-text-block-wrapper vce\" id=\"el-b1c7bbd3\" data-vce-do-apply=\"all el-b1c7bbd3\"><h2 style=\"text-align: center;\">r\u00e9glementation associ\u00e9e<\/h2><p>Dans le cadre de votre demande d'analyse, il est important de pouvoir d\u00e9finir le cadre r\u00e9glementaire, s'il existe :<\/p><ul><li><a href=\"https:\/\/www.airparif.asso.fr\/_pdf\/directive21042008.pdf\" target=\"_blank\" rel=\"noopener noreferrer\"><span style=\"color: #33cccc;\">Directive 2008\/50\/CE<\/span><\/a> sur la qualit\u00e9 de l'air ambiant et un air pur pour l'Europe ;<\/li><li><a href=\"https:\/\/www.airparif.asso.fr\/_pdf\/directive15122004.pdf\" target=\"_blank\" rel=\"noopener noreferrer\"><span style=\"color: #33cccc;\">Directive 2004\/107\/CE<\/span><\/a> concernant certains contaminants dont les HAP.<\/li><\/ul><\/div><\/div><\/div><\/div><\/div><div class=\"vce-col vce-col--md-20-100 vce-col--xs-1 vce-col--xs-last vce-col--xs-first vce-col--sm-last vce-col--sm-first vce-col--md-last vce-col--lg-last vce-col--xl-last\" id=\"el-83340c24\"><div class=\"vce-col-inner\" data-vce-do-apply=\"border margin background  el-83340c24\"><div class=\"vce-col-content\" data-vce-element-content=\"true\" data-vce-do-apply=\"padding el-83340c24\"><div class=\"vce-single-image-container vce-single-image--align-center\"><div class=\"vce vce-single-image-wrapper\" id=\"el-97c46ab9\" data-vce-do-apply=\"all el-97c46ab9\"><figure><div class=\"vce-single-image-inner vce-single-image--absolute vce-single-image--border-round\" style=\"padding-bottom: 100%; width: 150px;\"><img class=\"vce-single-image\" width=\"150\" height=\"150\"src=\"https:\/\/www.girpa.fr\/wp-content\/uploads\/2020\/09\/justice-150x150.jpg\" srcset=\"https:\/\/www.girpa.fr\/wp-content\/uploads\/2020\/09\/justice-150x150.jpg 150w\" data-img-src=\"https:\/\/www.girpa.fr\/wp-content\/uploads\/2020\/06\/justice.jpg\" alt=\"\" title=\"justice\" \/><\/div><figcaption hidden=\"\"><\/figcaption><\/figure><\/div><\/div><\/div><\/div><\/div><\/div><\/div><\/div><div class=\"vce-row-container\"><div class=\"vce-row vce-row--col-gap-30 vce-row-columns--top vce-row-content--top\" id=\"el-ebdaa8c8\" data-vce-do-apply=\"all el-ebdaa8c8\"><div class=\"vce-row-content\" data-vce-element-content=\"true\"><div class=\"vce-col vce-col--md-auto vce-col--xs-1 vce-col--xs-last vce-col--xs-first vce-col--sm-last vce-col--sm-first vce-col--md-last vce-col--lg-last vce-col--xl-last vce-col--md-first vce-col--lg-first vce-col--xl-first\" id=\"el-a2281bea\"><div class=\"vce-col-inner\" data-vce-do-apply=\"border margin background  el-a2281bea\"><div class=\"vce-col-content\" data-vce-element-content=\"true\" data-vce-do-apply=\"padding el-a2281bea\"><div class=\"vce vce-separator-container vce-separator--align-center vce-separator--style-solid\" id=\"el-2b68f13e\" data-vce-do-apply=\"margin el-2b68f13e\"><div class=\"vce-separator vce-separator--color-bfc0c1 vce-separator--width-79 vce-separator--thickness-2\" data-vce-do-apply=\"border padding background  el-2b68f13e\"><\/div><\/div><\/div><\/div><\/div><\/div><\/div><\/div><div class=\"vce-row-container\"><div class=\"vce-row vce-row--col-gap-30 vce-row-columns--top vce-row-content--top\" id=\"el-0a6239c2\" data-vce-do-apply=\"all el-0a6239c2\"><div class=\"vce-row-content\" data-vce-element-content=\"true\"><div class=\"vce-col vce-col--md-20p vce-col--xs-1 vce-col--xs-last vce-col--xs-first vce-col--sm-last vce-col--sm-first vce-col--md-first vce-col--lg-first vce-col--xl-first\" id=\"el-04845095\"><div class=\"vce-col-inner\" data-vce-do-apply=\"border margin background  el-04845095\"><div class=\"vce-col-content\" data-vce-element-content=\"true\" data-vce-do-apply=\"padding el-04845095\"><div class=\"vce-single-image-container vce-single-image--align-center\"><div class=\"vce vce-single-image-wrapper\" id=\"el-6f8993db\" data-vce-do-apply=\"all el-6f8993db\"><figure><div class=\"vce-single-image-inner vce-single-image--absolute vce-single-image--border-round\" style=\"padding-bottom: 100%; width: 150px;\"><img class=\"vce-single-image\" width=\"150\" height=\"150\"src=\"https:\/\/www.girpa.fr\/wp-content\/uploads\/2020\/09\/balance-150x150.jpg\" srcset=\"https:\/\/www.girpa.fr\/wp-content\/uploads\/2020\/09\/balance-150x150.jpg 150w\" data-img-src=\"https:\/\/www.girpa.fr\/wp-content\/uploads\/2020\/06\/balance.jpg\" alt=\"\" title=\"balance\" \/><\/div><figcaption hidden=\"\"><\/figcaption><\/figure><\/div><\/div><\/div><\/div><\/div><div class=\"vce-col vce-col--md-80p vce-col--xs-1 vce-col--xs-last vce-col--xs-first vce-col--sm-last vce-col--sm-first vce-col--md-last vce-col--lg-last vce-col--xl-last\" id=\"el-c8922ddc\"><div class=\"vce-col-inner\" data-vce-do-apply=\"border margin background  el-c8922ddc\"><div class=\"vce-col-content\" data-vce-element-content=\"true\" data-vce-do-apply=\"padding el-c8922ddc\"><div class=\"vce-text-block\"><div class=\"vce-text-block-wrapper vce\" id=\"el-16149b8d\" data-vce-do-apply=\"all el-16149b8d\"><h2 style=\"text-align: center;\">\u00e9chantillonnage<\/h2>\n<p>&nbsp;La <span style=\"color: #33cccc;\"><a style=\"color: #33cccc;\" href=\"https:\/\/eur-lex.europa.eu\/legal-content\/FR\/TXT\/PDF\/?uri=CELEX:02002L0063-20020723&amp;from=IT\">DIRECTIVE 2002\/63\/CE DE LA COMMISSION du 11 juillet 2002<\/a><\/span> fixe des m\u00e9thodes communautaires de pr\u00e9l\u00e8vement d\u2019\u00e9chantillons pour le contr\u00f4le officiel des r\u00e9sidus de pesticides sur et dans les produits d\u2019origine v\u00e9g\u00e9tale et animale. Ce cadre est une base solide pour envisager tout autocontrole.<\/p>\n<p style=\"text-align: center;\"><strong>\"La plus grande incertitude sur le r\u00e9sultat est issu du pr\u00e9l\u00e8vement\"<\/strong><\/p><\/div><\/div><div class=\"vce-button--style-basic-container vce-button--style-basic-container--align-center\"><span class=\"vce-button--style-basic-wrapper vce\" id=\"el-abb4ff9c\" data-vce-do-apply=\"margin el-abb4ff9c\"><a class=\"vce-button--style-basic vce-button--style-basic--border-round vce-button--style-basic--size-small vce-button--style-basic--color-557cbf--fff\" href=\"https:\/\/www.girpa.fr\/index.php\/directive-2002-63\/#air\" title=\"\" data-vce-do-apply=\"padding border background  el-abb4ff9c\">Aide sur la constitution d'un \u00e9chantillon<\/a><\/span><\/div><\/div><\/div><\/div><\/div><\/div><\/div><div class=\"vce-row-container\"><div class=\"vce-row vce-row--col-gap-30 vce-row-columns--top vce-row-content--top\" id=\"el-f4ff19ea\" data-vce-do-apply=\"all el-f4ff19ea\"><div class=\"vce-row-content\" data-vce-element-content=\"true\"><div class=\"vce-col vce-col--md-auto vce-col--xs-1 vce-col--xs-last vce-col--xs-first vce-col--sm-last vce-col--sm-first vce-col--md-last vce-col--lg-last vce-col--xl-last vce-col--md-first vce-col--lg-first vce-col--xl-first\" id=\"el-b2792eb4\"><div class=\"vce-col-inner\" data-vce-do-apply=\"border margin background  el-b2792eb4\"><div class=\"vce-col-content\" data-vce-element-content=\"true\" data-vce-do-apply=\"padding el-b2792eb4\"><div class=\"vce vce-separator-container vce-separator--align-center vce-separator--style-solid\" id=\"el-c6588305\" data-vce-do-apply=\"margin el-c6588305\"><div class=\"vce-separator vce-separator--color-bfc0c1 vce-separator--width-79 vce-separator--thickness-2\" data-vce-do-apply=\"border padding background  el-c6588305\"><\/div><\/div><\/div><\/div><\/div><\/div><\/div><\/div><div class=\"vce-row-container\"><div class=\"vce-row vce-row--col-gap-30 vce-row-columns--top vce-row-content--top\" id=\"el-1a4b3eab\" data-vce-do-apply=\"all el-1a4b3eab\"><div class=\"vce-row-content\" data-vce-element-content=\"true\"><div class=\"vce-col vce-col--md-auto vce-col--xs-1 vce-col--xs-last vce-col--xs-first vce-col--sm-last vce-col--sm-first vce-col--md-last vce-col--lg-last vce-col--xl-last vce-col--md-first vce-col--lg-first vce-col--xl-first\" id=\"el-60c9e817\"><div class=\"vce-col-inner\" data-vce-do-apply=\"border margin background  el-60c9e817\"><div class=\"vce-col-content\" data-vce-element-content=\"true\" data-vce-do-apply=\"padding el-60c9e817\"><div class=\"vce-text-block\"><div class=\"vce-text-block-wrapper vce\" id=\"el-3718803c\" data-vce-do-apply=\"all el-3718803c\"><h2 style=\"text-align: center;\">logistique<\/h2>\n<p>Etape cruciale de votre analyse, le transfert de vos \u00e9chantillons depuis votre site jusqu'\u00e0 notre laboratoire est tr\u00e8s important. Il va falloir m\u00e9langer plusieurs \u00e9chantillons dans un contenant qui sera mis \u00e0 l'\u00e9preuve de la route, des quais avant de nous parvenir. Nous vous conseillons donc :<\/p>\n<ul>\n<li>Un <strong>double ensachage<\/strong> de votre \u00e9chantillon, dans le <strong>contenant <em>ad hoc<\/em><\/strong> qui n'am\u00e8nera pas de risque de contaminations, adsorption ...<\/li>\n<li>Le choix du <strong>bon transporteur<\/strong> qui respectera la chaine du froid si n\u00e9cessaire, et garantira les d\u00e9lais de livraison,<\/li>\n<li>L'utilisation de nos <span style=\"color: #33cccc;\"><a style=\"color: #33cccc;\" href=\"..\/..\/..\/wp-content\/uploads\/2020\/06\/fiche-de-renseignement-13-ENRG-DEMAND-003-V6-1.xlsx\"><strong>fiches de renseignements<\/strong><\/a><\/span> afin de faciliter l'enregistrement de vos \u00e9chantillons \u00e0 leur r\u00e9ception,<\/li>\n<\/ul>\n<p>Le service logistique se tient \u00e0 votre disposition pour prendre en charge tout ou partie de ces \u00e9tapes, avec l'aide de notre r\u00e9seau de transporteurs (ISO 9001 et ISO 14001) : <a href=\"mailto:logistique@girpa.fr\"><span style=\"color: #33cccc;\">logistique@girpa.fr<\/span><\/a><\/p><\/div><\/div><div class=\"vce-button--style-basic-container vce-button--style-basic-container--align-center\"><span class=\"vce-button--style-basic-wrapper vce\" id=\"el-4ba2df2b\" data-vce-do-apply=\"margin el-4ba2df2b\"><a class=\"vce-button--style-basic vce-button--style-basic--border-round vce-button--style-basic--size-small vce-button--style-basic--color-557cbf--fff\" href=\"https:\/\/www.girpa.fr\/index.php\/acheminement\/la-logistique\/\" title=\"\" data-vce-do-apply=\"padding border background  el-4ba2df2b\">Mise en oeuvre du service<\/a><\/span><\/div><\/div><\/div><\/div><\/div><\/div><\/div>\n","protected":false},"excerpt":{"rendered":"<p>LES MENUS PHARES&#8230;&nbsp;Les analysesNous ne r\u00e9alisons pas directement les pr\u00e9l\u00e8vements mais sommes un support \u00e0 la&nbsp;structure r\u00e9alisant l&rsquo;\u00e9chantillon. Nous d\u00e9finissons et validons le bon support sur l&rsquo;aspect physico-chimique des compos\u00e9s d&rsquo;int\u00e9r\u00eat. Nous r\u00e9alisons ensuite l&rsquo;extraction du support afin de quantifier [&hellip;]<\/p>\n","protected":false},"author":2,"featured_media":0,"parent":11,"menu_order":0,"comment_status":"closed","ping_status":"closed","template":"","meta":{"_monsterinsights_skip_tracking":false,"_monsterinsights_sitenote_active":false,"_monsterinsights_sitenote_note":"","_monsterinsights_sitenote_category":0,"footnotes":""},"class_list":["post-819","page","type-page","status-publish","hentry"],"yoast_head":"<!-- This site is optimized with the Yoast SEO plugin v27.2 - https:\/\/yoast.com\/product\/yoast-seo-wordpress\/ -->\n<title>AIR - Girpa<\/title>\n<meta name=\"robots\" content=\"noindex, follow\" \/>\n<meta property=\"og:locale\" content=\"fr_FR\" \/>\n<meta property=\"og:type\" content=\"article\" \/>\n<meta property=\"og:title\" content=\"AIR - Girpa\" \/>\n<meta property=\"og:description\" content=\"LES MENUS PHARES...&nbsp;Les analysesNous ne r\u00e9alisons pas directement les pr\u00e9l\u00e8vements mais sommes un support \u00e0 la&nbsp;structure r\u00e9alisant l&#039;\u00e9chantillon. Nous d\u00e9finissons et validons le bon support sur l&#039;aspect physico-chimique des compos\u00e9s d&#039;int\u00e9r\u00eat. Nous r\u00e9alisons ensuite l&#039;extraction du support afin de quantifier [&hellip;]\" \/>\n<meta property=\"og:url\" content=\"https:\/\/www.girpa.fr\/index.php\/votre-besoin\/air\/\" \/>\n<meta property=\"og:site_name\" content=\"Girpa\" \/>\n<meta property=\"article:modified_time\" content=\"2020-09-10T10:31:01+00:00\" \/>\n<meta property=\"og:image\" content=\"http:\/\/|!|vcvUploadUrl|!|\/2020\/09\/air-1-e1596808238555-300x300.jpg\" \/>\n<meta name=\"twitter:card\" content=\"summary_large_image\" \/>\n<meta name=\"twitter:label1\" content=\"Dur\u00e9e de lecture estim\u00e9e\" \/>\n\t<meta name=\"twitter:data1\" content=\"2 minutes\" \/>\n<script type=\"application\/ld+json\" class=\"yoast-schema-graph\">{\"@context\":\"https:\/\/schema.org\",\"@graph\":[{\"@type\":\"WebPage\",\"@id\":\"https:\/\/www.girpa.fr\/index.php\/votre-besoin\/air\/\",\"url\":\"https:\/\/www.girpa.fr\/index.php\/votre-besoin\/air\/\",\"name\":\"AIR - Girpa\",\"isPartOf\":{\"@id\":\"https:\/\/www.girpa.fr\/#website\"},\"datePublished\":\"2020-06-23T12:34:44+00:00\",\"dateModified\":\"2020-09-10T10:31:01+00:00\",\"breadcrumb\":{\"@id\":\"https:\/\/www.girpa.fr\/index.php\/votre-besoin\/air\/#breadcrumb\"},\"inLanguage\":\"fr-FR\",\"potentialAction\":[{\"@type\":\"ReadAction\",\"target\":[\"https:\/\/www.girpa.fr\/index.php\/votre-besoin\/air\/\"]}]},{\"@type\":\"BreadcrumbList\",\"@id\":\"https:\/\/www.girpa.fr\/index.php\/votre-besoin\/air\/#breadcrumb\",\"itemListElement\":[{\"@type\":\"ListItem\",\"position\":1,\"name\":\"Accueil\",\"item\":\"https:\/\/www.girpa.fr\/\"},{\"@type\":\"ListItem\",\"position\":2,\"name\":\"VOTRE BESOIN&#8230;\",\"item\":\"https:\/\/www.girpa.fr\/index.php\/votre-besoin\/\"},{\"@type\":\"ListItem\",\"position\":3,\"name\":\"AIR\"}]},{\"@type\":\"WebSite\",\"@id\":\"https:\/\/www.girpa.fr\/#website\",\"url\":\"https:\/\/www.girpa.fr\/\",\"name\":\"Girpa\",\"description\":\"Laboratoire d&#039;analyse de r\u00e9sidus de contaminants\",\"publisher\":{\"@id\":\"https:\/\/www.girpa.fr\/#organization\"},\"potentialAction\":[{\"@type\":\"SearchAction\",\"target\":{\"@type\":\"EntryPoint\",\"urlTemplate\":\"https:\/\/www.girpa.fr\/?s={search_term_string}\"},\"query-input\":{\"@type\":\"PropertyValueSpecification\",\"valueRequired\":true,\"valueName\":\"search_term_string\"}}],\"inLanguage\":\"fr-FR\"},{\"@type\":\"Organization\",\"@id\":\"https:\/\/www.girpa.fr\/#organization\",\"name\":\"Laboratoire Girpa\",\"url\":\"https:\/\/www.girpa.fr\/\",\"logo\":{\"@type\":\"ImageObject\",\"inLanguage\":\"fr-FR\",\"@id\":\"https:\/\/www.girpa.fr\/#\/schema\/logo\/image\/\",\"url\":\"https:\/\/www.girpa.fr\/wp-content\/uploads\/2020\/08\/logo-avec-baseline.png\",\"contentUrl\":\"https:\/\/www.girpa.fr\/wp-content\/uploads\/2020\/08\/logo-avec-baseline.png\",\"width\":1672,\"height\":454,\"caption\":\"Laboratoire Girpa\"},\"image\":{\"@id\":\"https:\/\/www.girpa.fr\/#\/schema\/logo\/image\/\"}}]}<\/script>\n<!-- \/ Yoast SEO plugin. -->","yoast_head_json":{"title":"AIR - Girpa","robots":{"index":"noindex","follow":"follow"},"og_locale":"fr_FR","og_type":"article","og_title":"AIR - Girpa","og_description":"LES MENUS PHARES...&nbsp;Les analysesNous ne r\u00e9alisons pas directement les pr\u00e9l\u00e8vements mais sommes un support \u00e0 la&nbsp;structure r\u00e9alisant l'\u00e9chantillon. Nous d\u00e9finissons et validons le bon support sur l'aspect physico-chimique des compos\u00e9s d'int\u00e9r\u00eat. Nous r\u00e9alisons ensuite l'extraction du support afin de quantifier [&hellip;]","og_url":"https:\/\/www.girpa.fr\/index.php\/votre-besoin\/air\/","og_site_name":"Girpa","article_modified_time":"2020-09-10T10:31:01+00:00","og_image":[{"url":"|!|vcvUploadUrl|!|\/2020\/09\/air-1-e1596808238555-300x300.jpg","type":"","width":"","height":""}],"twitter_card":"summary_large_image","twitter_misc":{"Dur\u00e9e de lecture estim\u00e9e":"2 minutes"},"schema":{"@context":"https:\/\/schema.org","@graph":[{"@type":"WebPage","@id":"https:\/\/www.girpa.fr\/index.php\/votre-besoin\/air\/","url":"https:\/\/www.girpa.fr\/index.php\/votre-besoin\/air\/","name":"AIR - Girpa","isPartOf":{"@id":"https:\/\/www.girpa.fr\/#website"},"datePublished":"2020-06-23T12:34:44+00:00","dateModified":"2020-09-10T10:31:01+00:00","breadcrumb":{"@id":"https:\/\/www.girpa.fr\/index.php\/votre-besoin\/air\/#breadcrumb"},"inLanguage":"fr-FR","potentialAction":[{"@type":"ReadAction","target":["https:\/\/www.girpa.fr\/index.php\/votre-besoin\/air\/"]}]},{"@type":"BreadcrumbList","@id":"https:\/\/www.girpa.fr\/index.php\/votre-besoin\/air\/#breadcrumb","itemListElement":[{"@type":"ListItem","position":1,"name":"Accueil","item":"https:\/\/www.girpa.fr\/"},{"@type":"ListItem","position":2,"name":"VOTRE BESOIN&#8230;","item":"https:\/\/www.girpa.fr\/index.php\/votre-besoin\/"},{"@type":"ListItem","position":3,"name":"AIR"}]},{"@type":"WebSite","@id":"https:\/\/www.girpa.fr\/#website","url":"https:\/\/www.girpa.fr\/","name":"Girpa","description":"Laboratoire d&#039;analyse de r\u00e9sidus de contaminants","publisher":{"@id":"https:\/\/www.girpa.fr\/#organization"},"potentialAction":[{"@type":"SearchAction","target":{"@type":"EntryPoint","urlTemplate":"https:\/\/www.girpa.fr\/?s={search_term_string}"},"query-input":{"@type":"PropertyValueSpecification","valueRequired":true,"valueName":"search_term_string"}}],"inLanguage":"fr-FR"},{"@type":"Organization","@id":"https:\/\/www.girpa.fr\/#organization","name":"Laboratoire Girpa","url":"https:\/\/www.girpa.fr\/","logo":{"@type":"ImageObject","inLanguage":"fr-FR","@id":"https:\/\/www.girpa.fr\/#\/schema\/logo\/image\/","url":"https:\/\/www.girpa.fr\/wp-content\/uploads\/2020\/08\/logo-avec-baseline.png","contentUrl":"https:\/\/www.girpa.fr\/wp-content\/uploads\/2020\/08\/logo-avec-baseline.png","width":1672,"height":454,"caption":"Laboratoire Girpa"},"image":{"@id":"https:\/\/www.girpa.fr\/#\/schema\/logo\/image\/"}}]}},"_links":{"self":[{"href":"https:\/\/www.girpa.fr\/index.php\/wp-json\/wp\/v2\/pages\/819","targetHints":{"allow":["GET"]}}],"collection":[{"href":"https:\/\/www.girpa.fr\/index.php\/wp-json\/wp\/v2\/pages"}],"about":[{"href":"https:\/\/www.girpa.fr\/index.php\/wp-json\/wp\/v2\/types\/page"}],"author":[{"embeddable":true,"href":"https:\/\/www.girpa.fr\/index.php\/wp-json\/wp\/v2\/users\/2"}],"replies":[{"embeddable":true,"href":"https:\/\/www.girpa.fr\/index.php\/wp-json\/wp\/v2\/comments?post=819"}],"version-history":[{"count":14,"href":"https:\/\/www.girpa.fr\/index.php\/wp-json\/wp\/v2\/pages\/819\/revisions"}],"predecessor-version":[{"id":2073,"href":"https:\/\/www.girpa.fr\/index.php\/wp-json\/wp\/v2\/pages\/819\/revisions\/2073"}],"up":[{"embeddable":true,"href":"https:\/\/www.girpa.fr\/index.php\/wp-json\/wp\/v2\/pages\/11"}],"wp:attachment":[{"href":"https:\/\/www.girpa.fr\/index.php\/wp-json\/wp\/v2\/media?parent=819"}],"curies":[{"name":"wp","href":"https:\/\/api.w.org\/{rel}","templated":true}]}}